{"id":3674,"date":"2026-04-20T09:44:25","date_gmt":"2026-04-20T07:44:25","guid":{"rendered":"https:\/\/dev.mrotex.com\/?page_id=3674"},"modified":"2026-04-20T09:49:10","modified_gmt":"2026-04-20T07:49:10","slug":"polityka-prywatnosci-ciasteczka","status":"publish","type":"page","link":"https:\/\/www.mrotex.com\/en\/polityka-prywatnosci-ciasteczka\/","title":{"rendered":"Polityka prywatno\u015bci &#8211; ciasteczka"},"content":{"rendered":"<div data-elementor-type=\"wp-page\" data-elementor-id=\"3674\" class=\"elementor elementor-3674\" data-elementor-post-type=\"page\">\n\t\t\t\t<div class=\"elementor-element elementor-element-0e05d0e e-flex e-con-boxed e-con e-parent\" data-id=\"0e05d0e\" data-element_type=\"container\" data-e-type=\"container\">\n\t\t\t\t\t<div class=\"e-con-inner\">\n\t\t\t\t<div class=\"elementor-element elementor-element-1522a5d elementor-widget elementor-widget-heading\" data-id=\"1522a5d\" data-element_type=\"widget\" data-e-type=\"widget\" data-widget_type=\"heading.default\">\n\t\t\t\t\t<h1 class=\"elementor-heading-title elementor-size-default\">Polityka cookies<\/h1>\t\t\t\t<\/div>\n\t\t\t\t<div class=\"elementor-element elementor-element-2111c03 elementor-widget elementor-widget-text-editor\" data-id=\"2111c03\" data-element_type=\"widget\" data-e-type=\"widget\" data-widget_type=\"text-editor.default\">\n\t\t\t\t\t\t\t\t\t<p>\nAdministratorem danych osobowych jest Mrotex sp. z o.o. z siedzib\u0105 pod adresem: ul. Jana G\u0142ogowczyka 22, 51-604 Wroc\u0142aw, wpisan\u0105 do Rejestru Przedsi\u0119biorc\u00f3w Krajowego Rejestru S\u0105dowego przez S\u0105d Rejonowy Wroc\u0142awia \u2013 Fabrycznej, VI Wydzia\u0142 pod numerem KRS 0000519218, NIP 8982208076\n<\/p>\n\n<p>\nwsp\u00f3\u0142administrator MROTEX P.P.H. Dariusz Mroczek pod adresem ul. Jana G\u0142ogowczyka 22, 51-604 Wroc\u0142aw, wpisany do Centralnej Ewidencji i Informacji o Dzia\u0142alno\u015bci Gospodarczej Rzeczypospolitej Polskiej, posiadaj\u0105cy numer NIP 8981012626.\n<\/p>\n\n<h3>Contact Information<\/h3>\n<p>\nDane kontaktowe Mrotex sp. z o.o &#8211; punkt kontaktowy dla obu wsp\u00f3\u0142administrator\u00f3w\n<\/p>\n\n<p>You can contact us at:<\/p>\n<ol>\n<li>By phone: +48 71 345 90 55<\/li>\n<li>At the email address:<\/li>\n<li>In writing, by sending correspondence to the following address: Mrotex sp. z o.o at ul. Jana G\u0142ogowczyka 22, 51-604 Wroc\u0142aw<\/li>\n<\/ol>\n\n<h3>Co-administration<\/h3>\n<p>\nAs part of the joint administration agreement, we exercise due diligence to ensure the security of your data processing, and you can contact either administrator with any questions. We have clearly divided our tasks among ourselves by entering into a joint administration agreement:\n<\/p>\n\n<ul>\n<li>Mrotex sp. z o.o i Partnerzy wykonuj\u0105 obowi\u0105zek informacyjny wsp\u00f3lnie<\/li>\n<li>Mrotex sp. z o.o. is responsible for enabling you to exercise your rights \u2013 for this purpose, contact us at the contact details found above.<\/li>\n<\/ul>\n\n<h3>Rodzaj przetwarzanych danych osobowych<\/h3>\n<ul>\n<li>1.1. poprzez zapisywanie w urz\u0105dzeniach ko\u0144cowych pliki cookie (tzw. &#8222;ciasteczka&#8221;);<\/li>\n<li>1.2. informacje o parametrach po\u0142\u0105czenia (oznaczenie czasu, adres IP);<\/li>\n<li>1.3. poprzez gromadzenie log\u00f3w serwera www przez operatora hostingowego dhosting.pl Sp. z o.o., Al. Jerozolimskie 98, 00-807 Warszawa, NIP: 7010198361, REGON: 141998822, KRS: 0000336780, funkcjonuj\u0105cego pod adresem dhosting.pl<\/li>\n<\/ul>\n\n<h3>Data processing purposes<\/h3>\n<p>\nPrzetwarzamy te\u017c Twoje dane osobowe w celach wskazanych poni\u017cej, na podstawie prawnie uzasadnionego interesu Administratora, kt\u00f3rym jest:\n<\/p>\n\n<ul>\n<li>2.1. monitorowanie Twojej aktywno\u015bci oraz wszystkich innych u\u017cytkownik\u00f3w, obejmuj\u0105cej wyszukiwanie s\u0142\u00f3w kluczowych, zamieszczanie ofert oraz zarz\u0105dzanie Twoj\u0105 aktywno\u015bci\u0105;<\/li>\n<li>2.2. dopasowywanie reklam zgodnie z uprzednio przegl\u0105danymi przez Ciebie tre\u015bciami, dostosowywanie kategorii ofert lub poszczeg\u00f3lnych ofert w ustawieniach ustawieniach us\u0142ug podmiot\u00f3w zewn\u0119trznych na podstawie Twojej aktywno\u015bci;<\/li>\n<li>2.3. prowadzenie wobec Ciebie dzia\u0142a\u0144 marketingowych w tym prowadzenia marketingu bezpo\u015bredniego w\u0142asnych us\u0142ug lub towar\u00f3w b\u0105d\u017a us\u0142ug os\u00f3b trzecich;<\/li>\n<li>2.4. kontaktowanie si\u0119 z Tob\u0105, w tym w celach zwi\u0105zanych z dozwolonymi dzia\u0142aniami marketingowymi, poprzez dost\u0119pne kana\u0142y komunikacji, w szczeg\u00f3lno\u015bci i za Twoj\u0105 zgod\u0105 &#8211; przez e-mail oraz telefon;<\/li>\n<li>2.5. monitorowanie Twojej aktywno\u015bci oraz wszystkich innych u\u017cytkownik\u00f3w np. wyszukiwania s\u0142\u00f3w kluczowych, zamieszczania ofert, przeprowadzenia bada\u0144 i analiz mi\u0119dzy innymi pod k\u0105tem funkcjonalno\u015bci tej platformy handlowej, poprawy dzia\u0142ania us\u0142ug czy oszacowania g\u0142\u00f3wnych zainteresowa\u0144 i potrzeb odwiedzaj\u0105cych;<\/li>\n<li>2.6. prowadzenie bada\u0144 i analiz, mi\u0119dzy innymi pod k\u0105tem funkcjonalno\u015bci, poprawy dzia\u0142ania us\u0142ug czy oszacowania g\u0142\u00f3wnych zainteresowa\u0144 i potrzeb odwiedzaj\u0105cych;<\/li>\n<li>2.7. prowadzenie analiz statystycznych;<\/li>\n<li>2.8. przechowywanie danych dla cel\u00f3w archiwizacyjnych oraz zapewnienie rozliczalno\u015bci (wykazania spe\u0142nienia przez nas obowi\u0105zk\u00f3w wynikaj\u0105cych z przepis\u00f3w prawa). Informacja o plikach cookies<\/li>\n<\/ul>\n\n<h3>Informacja o plikach cookies<\/h3>\n<p>Serwis korzysta z plik\u00f3w cookies.<\/p>\n\n<p>\nPliki cookies (tzw. \u201eciasteczka\u201d) stanowi\u0105 dane informatyczne, w szczeg\u00f3lno\u015bci pliki tekstowe, kt\u00f3re przechowywane s\u0105 w urz\u0105dzeniu ko\u0144cowym u\u017cytkownika serwisu i przeznaczone s\u0105 do korzystania ze stron internetowych serwisu. Cookies zazwyczaj zawieraj\u0105 nazw\u0119 strony internetowej, z kt\u00f3rej pochodz\u0105, czas przechowywania ich na urz\u0105dzeniu ko\u0144cowym oraz unikalny numer.\n<\/p>\n\n<p>\nPodmiotem zamieszczaj\u0105cym na urz\u0105dzeniu ko\u0144cowym u\u017cytkownika serwisu pliki cookies oraz uzyskuj\u0105cym do nich dost\u0119p jest operator serwisu.\n<\/p>\n\n<p>Pliki cookies wykorzystywane s\u0105 w nast\u0119puj\u0105cych celach:<\/p>\n<ul>\n<li>tworzenia statystyk, kt\u00f3re pomagaj\u0105 zrozumie\u0107, w jaki spos\u00f3b u\u017cytkownicy serwisu korzystaj\u0105 ze stron internetowych, co umo\u017cliwia ulepszanie ich struktury i zawarto\u015bci;<\/li>\n<li>utrzymanie sesji u\u017cytkownika serwisu (po zalogowaniu), dzi\u0119ki kt\u00f3rej u\u017cytkownik nie musi na ka\u017cdej podstronie serwisu ponownie wpisywa\u0107 loginu i has\u0142a;<\/li>\n<li>okre\u015blania profilu u\u017cytkownika w celu wy\u015bwietlania dopasowanych materia\u0142\u00f3w w sieciach reklamowych, w szczeg\u00f3lno\u015bci sieci Google.<\/li>\n<\/ul>\n\n<p>\nW ramach serwisu stosowane s\u0105 dwa zasadnicze rodzaje plik\u00f3w cookies: \u201esesyjne\u201d (session cookies) oraz \u201esta\u0142e\u201d (persistent cookies). Cookies \u201esesyjne\u201d s\u0105 plikami tymczasowymi, kt\u00f3re przechowywane s\u0105 w urz\u0105dzeniu ko\u0144cowym u\u017cytkownika do czasu wylogowania, opuszczenia strony internetowej lub wy\u0142\u0105czenia oprogramowania (przegl\u0105darki internetowej). \u201eSta\u0142e\u201d pliki cookies przechowywane s\u0105 w urz\u0105dzeniu ko\u0144cowym u\u017cytkownika przez czas okre\u015blony w parametrach plik\u00f3w cookies lub do czasu ich usuni\u0119cia przez u\u017cytkownika.\n<\/p>\n\n<p>\nPliki cookies zamieszczane w urz\u0105dzeniu ko\u0144cowym u\u017cytkownika serwisu i wykorzystywane mog\u0105 by\u0107 r\u00f3wnie\u017c przez wsp\u00f3\u0142pracuj\u0105cych z operatorem serwisu reklamodawc\u00f3w oraz partner\u00f3w.\n<\/p>\n\n<p>\nOprogramowanie do przegl\u0105dania stron internetowych (przegl\u0105darka internetowa) zazwyczaj domy\u015blnie dopuszcza przechowywanie plik\u00f3w cookies w urz\u0105dzeniu ko\u0144cowym u\u017cytkownika. U\u017cytkownicy serwisu mog\u0105 dokona\u0107 zmiany ustawie\u0144 w tym zakresie. Przegl\u0105darka internetowa umo\u017cliwia usuni\u0119cie plik\u00f3w cookies. Mo\u017cliwe jest tak\u017ce automatyczne blokowanie plik\u00f3w cookies. Szczeg\u00f3\u0142owe informacje na ten temat zawiera pomoc lub dokumentacja przegl\u0105darki internetowej.\n<\/p>\n\n<p>\nZaleca si\u0119 przeczytanie polityki ochrony prywatno\u015bci tych firm, aby pozna\u0107 zasady korzystania z plik\u00f3w cookies wykorzystywanych w statystykach: Polityka ochrony prywatno\u015bci Google Analytics\n<\/p>\n\n<p>\nPliki cookie mog\u0105 by\u0107 wykorzystane przez sieci reklamowe, w szczeg\u00f3lno\u015bci sie\u0107 Google, do wy\u015bwietlenia reklam dopasowanych do sposobu, w jaki u\u017cytkownik korzysta z serwisu. W tym celu mog\u0105 zachowa\u0107 informacj\u0119 o \u015bcie\u017cce nawigacji u\u017cytkownika lub czasie pozostawania na danej stronie.\n<\/p>\n\n<h3>Jak wy\u0142\u0105czy\u0107 ciasteczka?<\/h3>\n<p>\nSerwis PODA\u0107 DANE korzysta z ciasteczek. Je\u015bli u\u017cytkownik nie chce pobiera\u0107 tych plik\u00f3w, musi zmieni\u0107 ustawienia przegl\u0105darki (informacje poni\u017cej).\n<\/p>\n\n<p>Wi\u0119kszo\u015b\u0107 przegl\u0105darek automatycznie zezwala na ciasteczka.<\/p>\n\n<p>\nJe\u015bli u\u017cytkownik nie chce otrzymywa\u0107 plik\u00f3w cookies, musi zmieni\u0107 ustawienia przegl\u0105darki.\n<\/p>\n\n<p>\nZastrzegamy, \u017ce wy\u0142\u0105czenie obs\u0142ugi plik\u00f3w cookies niezb\u0119dnych dla proces\u00f3w uwierzytelniania, bezpiecze\u0144stwa, utrzymania preferencji u\u017cytkownika mo\u017ce utrudni\u0107, a w skrajnych przypadkach uniemo\u017cliwi\u0107 korzystanie z serwisu.\n<\/p>\n\n<p>\nW zakresie informacji o preferencjach u\u017cytkownika gromadzonych przez sie\u0107 reklamow\u0105 Google u\u017cytkownik mo\u017ce przegl\u0105da\u0107 i edytowa\u0107 informacje wynikaj\u0105ce z plik\u00f3w cookies przy pomocy narz\u0119dzia https:\/\/www.google.com\/ads\/preferences\/\n<\/p>\n\n<h3>Zarz\u0105dzanie cookies w przegl\u0105darkach<\/h3>\n\n<p><strong>IE<\/strong><br>\nW g\u0142\u00f3wnym oknie aplikacji wybieramy kolejno Narz\u0119dzia&gt; Opcje internetowe&gt; Prywatno\u015b\u0107 W obszarze Ustawienia przesuwamy suwak maksymalnie w g\u00f3r\u0119. W ten spos\u00f3b zablokujemy wszystkie pliki cookies. Klikamy na przycisk OK.\n<\/p>\n\n<p><strong>Chrome<\/strong><br>\nW g\u0142\u00f3wnym oknie przegl\u0105darki (prawy g\u00f3rny r\u00f3g) klikamy na ikon\u0119 Ustawienia Google Chrome. Wybieramy zak\u0142adk\u0119 Ustawienia&gt; Poka\u017c ustawienia zaawansowane W sekcji Prywatno\u015b\u0107&gt; Ustawienia tre\u015bci W opcji Pliki cookies zaznaczamy pozycj\u0119 \u201eZablokuj pliki cookies i dane z witryn innych firm\u201d Wybieramy przycisk Gotowe.\n<\/p>\n\n<p><strong>Firefox<\/strong><br>\nW g\u0142\u00f3wnym oknie programu klikamy na Narz\u0119dzia&gt; Opcje&gt; Prywatno\u015b\u0107 Wybieramy opcj\u0119 \u201eProgram Firefox b\u0119dzie u\u017cywa\u0142 ustawie\u0144 u\u017cytkownika\u201d, pozycja pierwsza \u201eZawsze u\u017cywaj trybu prywatnego\u201d oraz pozycja ostatnia \u201eAkceptuj ciasteczka\u201d musz\u0105 by\u0107 odznaczone (tj. obok nich musi by\u0107 pusty kwadracik). W obszarze Ustawienia przesuwamy suwak maksymalnie w g\u00f3r\u0119. W ten spos\u00f3b zablokujemy wszystkie pliki cookies. Klikamy na przycisk OK.\n<\/p>\n\n<p><strong>Safari<\/strong><br>\nW menu rozwijanym Safari trzeba wybra\u0107 Preferencje&gt; Bezpiecze\u0144stwo Tu wybiera si\u0119 poziom bezpiecze\u0144stwa w obszarze \u201eAkceptuj pliki cookies\u201d.\n<\/p>\n\n<p><strong>Opera<\/strong><br>\nMenu przegl\u0105darki: Narz\u0119dzie&gt; Preferencje&gt; Zaawansowane&gt; Ciasteczka Zaznaczamy opcj\u0119 \u201eNigdy nie akceptuj ciasteczek\u201d Klikamy OK.\n<\/p>\n\n<h3>Logi serwera<\/h3>\n<p>\nInformacje o niekt\u00f3rych zachowaniach u\u017cytkownik\u00f3w podlegaj\u0105 logowaniu w warstwie serwerowej. Dane te s\u0105 wykorzystywane wy\u0142\u0105cznie w celu administrowania serwisem oraz w celu zapewnienia jak najbardziej sprawnej obs\u0142ugi \u015bwiadczonych us\u0142ug hostingowych.\n<\/p>\n\n<p>Przegl\u0105dane zasoby identyfikowane s\u0105 poprzez adresy URL. Ponadto zapisowi mog\u0105 podlega\u0107:<\/p>\n\n<ul>\n<li>czas nadej\u015bcia zapytania,<\/li>\n<li>czas wys\u0142ania odpowiedzi,<\/li>\n<li>nazw\u0119 stacji klienta \u2013 identyfikacja realizowana przez protok\u00f3\u0142 HTTP,<\/li>\n<li>informacje o b\u0142\u0119dach jakie nast\u0105pi\u0142y przy realizacji transakcji HTTP,<\/li>\n<li>adres URL strony poprzednio odwiedzanej przez u\u017cytkownika (referer link) \u2013 w przypadku, gdy przej\u015bcie do Serwisu nast\u0105pi\u0142o przez odno\u015bnik,<\/li>\n<li>Informacje o adresie IP.<\/li>\n<\/ul>\n\n<p>\nDane powy\u017csze nie s\u0105 kojarzone z konkretnymi osobami przegl\u0105daj\u0105cymi strony.\n<\/p>\n\n<p>\nDane powy\u017csze s\u0105 wykorzystywane jedynie dla cel\u00f3w administrowania serwerem.\n<\/p>\t\t\t\t\t\t\t\t<\/div>\n\t\t\t\t\t<\/div>\n\t\t\t\t<\/div>\n\t\t\t\t<\/div>","protected":false},"excerpt":{"rendered":"<p>Polityka cookies Administratorem danych osobowych jest Mrotex sp. z o.o. z siedzib\u0105 pod adresem: ul. Jana G\u0142ogowczyka 22, 51-604 Wroc\u0142aw, wpisan\u0105 do Rejestru Przedsi\u0119biorc\u00f3w Krajowego Rejestru S\u0105dowego przez S\u0105d Rejonowy Wroc\u0142awia \u2013 Fabrycznej, VI Wydzia\u0142 pod numerem KRS 0000519218, NIP 8982208076 wsp\u00f3\u0142administrator MROTEX P.P.H. Dariusz Mroczek pod adresem ul. Jana G\u0142ogowczyka 22, 51-604 Wroc\u0142aw, wpisany [&hellip;]<\/p>\n","protected":false},"author":1,"featured_media":0,"parent":0,"menu_order":0,"comment_status":"closed","ping_status":"closed","template":"","meta":{"_acf_changed":false,"footnotes":""},"class_list":["post-3674","page","type-page","status-publish","hentry"],"acf":[],"_links":{"self":[{"href":"https:\/\/www.mrotex.com\/en\/wp-json\/wp\/v2\/pages\/3674","targetHints":{"allow":["GET"]}}],"collection":[{"href":"https:\/\/www.mrotex.com\/en\/wp-json\/wp\/v2\/pages"}],"about":[{"href":"https:\/\/www.mrotex.com\/en\/wp-json\/wp\/v2\/types\/page"}],"author":[{"embeddable":true,"href":"https:\/\/www.mrotex.com\/en\/wp-json\/wp\/v2\/users\/1"}],"replies":[{"embeddable":true,"href":"https:\/\/www.mrotex.com\/en\/wp-json\/wp\/v2\/comments?post=3674"}],"version-history":[{"count":7,"href":"https:\/\/www.mrotex.com\/en\/wp-json\/wp\/v2\/pages\/3674\/revisions"}],"predecessor-version":[{"id":3682,"href":"https:\/\/www.mrotex.com\/en\/wp-json\/wp\/v2\/pages\/3674\/revisions\/3682"}],"wp:attachment":[{"href":"https:\/\/www.mrotex.com\/en\/wp-json\/wp\/v2\/media?parent=3674"}],"curies":[{"name":"WP","href":"https:\/\/api.w.org\/{rel}","templated":true}]}}