{"id":3683,"date":"2026-04-20T09:49:44","date_gmt":"2026-04-20T07:49:44","guid":{"rendered":"https:\/\/dev.mrotex.com\/?page_id=3683"},"modified":"2026-04-20T09:54:19","modified_gmt":"2026-04-20T07:54:19","slug":"obowiazek-informacyjny-rodo","status":"publish","type":"page","link":"https:\/\/www.mrotex.com\/en\/obowiazek-informacyjny-rodo\/","title":{"rendered":"GDPR Information Obligation"},"content":{"rendered":"<div data-elementor-type=\"wp-page\" data-elementor-id=\"3683\" class=\"elementor elementor-3683\" data-elementor-post-type=\"page\">\n\t\t\t\t<div class=\"elementor-element elementor-element-b4bb4b2 e-flex e-con-boxed e-con e-parent\" data-id=\"b4bb4b2\" data-element_type=\"container\" data-e-type=\"container\">\n\t\t\t\t\t<div class=\"e-con-inner\">\n\t\t\t\t<div class=\"elementor-element elementor-element-4875617 elementor-widget elementor-widget-heading\" data-id=\"4875617\" data-element_type=\"widget\" data-e-type=\"widget\" data-widget_type=\"heading.default\">\n\t\t\t\t\t<h1 class=\"elementor-heading-title elementor-size-default\">GDPR Information Obligation<\/h1>\t\t\t\t<\/div>\n\t\t\t\t<div class=\"elementor-element elementor-element-816d65e elementor-widget elementor-widget-text-editor\" data-id=\"816d65e\" data-element_type=\"widget\" data-e-type=\"widget\" data-widget_type=\"text-editor.default\">\n\t\t\t\t\t\t\t\t\t<h2>Information obligation pursuant to Article 13 GDPR<\/h2>\n\n<p>\nOn May 25, 2018, Regulation (EU) 2016\/679 of the European Parliament and of the Council of April 27, 2016, on the protection of individuals with regard to the processing of personal data and on the free movement of such data, and repealing Directive 95\/46\/EC (hereinafter referred to as \u201eGDPR\u201d) came into force. In connection with this, we are informing you about the processing of your data and the principles on which it will be carried out after May 25, 2018.\n<\/p>\n\n<h3>Data controller<\/h3>\n<p>\nThe data controller is Mrotex Ltd. with its registered office at ul. Jana G\u0142ogowczyka 22, 51-604 Wroc\u0142aw, entered into the Register of Entrepreneurs of the National Court Register by the District Court Wroc\u0142aw-Fabryczna, VI Department under number KRS 0000519218, NIP 8982208076,\n<\/p>\n\n<h3>Co-administrators<\/h3>\n<p>\nMROTEX P.P.H. Dariusz Mroczek at ul. Jana G\u0142ogowczyka 22, 51-604 Wroc\u0142aw, registered in the Central Register and Information on Economic Activity of the Republic of Poland, holding tax identification number NIP 8981012626\n<\/p>\n\n<p>\nMROTEX Medical LLC, with its registered office at ul. Jana G\u0142ogowczyka 22, entered into the Register of Entrepreneurs of the National Court Register by the District Court Wroc\u0142aw-Fabryczna, VI Department, under number KRS 0000519218, Tax Identification Number 8982208076.\n<\/p>\n\n<p><strong>Continue Administrator<\/strong><\/p>\n\n<h3>Contact Information<\/h3>\n<p>\nContact details of Mrotex Ltd. \u2013 contact point for both joint controllers\n<\/p>\n\n<p>You can contact us at:<\/p>\n<ol>\n<li>By phone: +48 71 345 90 55<\/li>\n<li>At the email address: <a href=\"mailto:shop@mrotex.com\">shop@mrotex.com<\/a><\/li>\n<li>In writing, by sending correspondence to the following address: Mrotex sp. z o.o at ul. Jana G\u0142ogowczyka 22, 51-604 Wroc\u0142aw<\/li>\n<\/ol>\n\n<h3>Co-administration<\/h3>\n<p>\nAs part of the joint administration agreement, we exercise due diligence to ensure the security of your data processing, and you can contact either administrator with any questions. We have clearly divided our tasks among ourselves by entering into a joint administration agreement:\n<\/p>\n\n<ul>\n<li>Mrotex sp. z o.o and Partners jointly fulfill the information obligation<\/li>\n<li>Mrotex sp. z o.o. is responsible for enabling you to exercise your rights \u2013 for this purpose, contact us at the contact details found above.<\/li>\n<\/ul>\n\n<h3>Data source<\/h3>\n<p>\nData was provided during account registration on the www.www.mrotex.com\/shop website and during activity on our store, while the Administrator was providing services.\n<\/p>\n\n<h3>Data Processing Objectives (Agreement)<\/h3>\n<p>\nWe are processing your personal data because it is necessary for the performance of the contract concluded with you, including for:\n<\/p>\n\n<ul>\n<li>opening and managing an account and conducting transactions;<\/li>\n<li>execution of agreements concluded with the client, including handling complaints and returns;<\/li>\n<li>handling customer-submitted requests (contact form);<\/li>\n<li>providing the best customer service.<\/li>\n<\/ul>\n\n<h3>Legally justified interest<\/h3>\n<p>\nWe also process your personal data for purposes based on the legitimate interest of the Data Controller, which is:\n<\/p>\n\n<ul>\n<li>ensuring proper compliance with tax law provisions and accounting regulations;<\/li>\n<li>for the purpose of establishing, pursuing, or defending against claims, which is the realization of our legitimate interest;<\/li>\n<li>ensuring accountability (demonstrating compliance with legal obligations);<\/li>\n<li>ensuring the security of transactions, including the prevention of criminal offenses;<\/li>\n<li>Content matching according to your preferences, based on previously viewed page content, or primarily on products of interest;<\/li>\n<li>monitoring your activity on our websites.<\/li>\n<\/ul>\n\n<h3>Agreement<\/h3>\n<p>\nWe also process your personal data with your consent:\n<\/p>\n\n<ul>\n<li>regarding the transmission of commercial and promotional information via electronic devices;<\/li>\n<li>to the extent not covered by the legitimate interest of the Controller in saving data in cookie files, collecting data from websites and mobile applications;<\/li>\n<li>for the purpose of organizing promotional campaigns and contests.<\/li>\n<\/ul>\n\n<p>\nYou may withdraw your consent to the processing of personal data by the Administrator at any time, in a manner as easy as it was given. Your data will be processed by the Administrator until consent is withdrawn.\n<\/p>\n\n<h3>Data scope<\/h3>\n<p>\nWe need your personal data to fulfill the contract in the scope of: requirements mandated by tax regulations, as well as your first name and last name, phone number, email address, PESEL number, date of birth, and shipping address.\n<\/p>\n\n<h3>Data recipients<\/h3>\n<p>The Administrator will have access to your personal data.<\/p>\n\n<p>\nYour personal data is accessible to accounting firms, legal firms, courier companies, payment processing companies, IT companies, and software providers, based on relevant data processing agreements.\n<\/p>\n\n<h3>Profiling<\/h3>\n<p>\nYour personal data may also be processed in an automated manner (including through profiling). Profiling involves processing data (also in an automated manner) by using it to evaluate certain information about you, in particular to analyze or predict personal preferences and interests. This does not affect your situation.\n<\/p>\n\n<h3>Data retention period<\/h3>\n<p>Personal data will be processed for the period:<\/p>\n\n<ul>\n<li>conclusion of the agreement - for its duration and after its termination for the purposes of:\n    <ul>\n        <li>claims investigation related to a completed contract;<\/li>\n        <li>fulfillment of obligations arising from legal regulations, including in particular tax and accounting regulations;<\/li>\n        <li>prevention of abuse or crime;<\/li>\n        <li>statistical and archival;<\/li>\n    <\/ul>\n<\/li>\n<li>marketing activities \u2013 for the duration of the agreement, upon separate consent to process such data \u2013 until the completion of transaction processing, or until you lodge an objection to such processing, or withdraw your consent;<\/li>\n<li>Sales and promotional activities \u2013 e.g., contests, promotional campaigns \u2013 for the duration and settlement of such campaigns;<\/li>\n<li>operating activities \u2013 until the statute of limitations for obligations imposed by generally applicable legal provisions expires.<\/li>\n<\/ul>\n\n<h3>User rights<\/h3>\n<ul>\n<li>request access to and rectification, erasure, restriction of processing, objection to processing, and data portability from the Administrator;<\/li>\n<li>to withdraw consent at any time without affecting the lawfulness of processing based on consent before withdrawal;<\/li>\n<li>for filing a complaint with the supervisory authority, President of the Personal Data Protection Office, ul. Stawki 2, 00-193 Warsaw (https:\/\/www.giodo.gov.pl\/pl);<\/li>\n<li>Providing personal data is a contractual condition. Providing data is voluntary, although refusal to provide it is equivalent to the impossibility of considering the offer of services through the form.<\/li>\n<\/ul>\n\n<p>\nExercising the right to data correction, deletion, restriction of processing, rectification, as well as withdrawal of consent to receive commercial information is done by sending such a request to the Administrator at the e-mail address shop@mrotex.com or to the address indicated in point 1.\n<\/p>\t\t\t\t\t\t\t\t<\/div>\n\t\t\t\t\t<\/div>\n\t\t\t\t<\/div>\n\t\t\t\t<\/div>","protected":false},"excerpt":{"rendered":"<p>Obowiazek informacyjny RODO Obowi\u0105zek informacyjny na podstawie art. 13 RODO W dniu 25 maja 2018 roku zacz\u0119\u0142o obowi\u0105zywa\u0107 Rozporz\u0105dzenie Parlamentu Europejskiego i Rady (UE) 2016\/679 z dnia 27 kwietnia 2016 r. w sprawie ochrony os\u00f3b fizycznych w zwi\u0105zku z przetwarzaniem danych osobowych i w sprawie swobodnego przep\u0142ywu takich danych oraz uchylenia dyrektywy 95\/46\/WE (okre\u015blane jako [&hellip;]<\/p>\n","protected":false},"author":1,"featured_media":0,"parent":0,"menu_order":0,"comment_status":"closed","ping_status":"closed","template":"","meta":{"_acf_changed":false,"footnotes":""},"class_list":["post-3683","page","type-page","status-publish","hentry"],"acf":[],"_links":{"self":[{"href":"https:\/\/www.mrotex.com\/en\/wp-json\/wp\/v2\/pages\/3683","targetHints":{"allow":["GET"]}}],"collection":[{"href":"https:\/\/www.mrotex.com\/en\/wp-json\/wp\/v2\/pages"}],"about":[{"href":"https:\/\/www.mrotex.com\/en\/wp-json\/wp\/v2\/types\/page"}],"author":[{"embeddable":true,"href":"https:\/\/www.mrotex.com\/en\/wp-json\/wp\/v2\/users\/1"}],"replies":[{"embeddable":true,"href":"https:\/\/www.mrotex.com\/en\/wp-json\/wp\/v2\/comments?post=3683"}],"version-history":[{"count":7,"href":"https:\/\/www.mrotex.com\/en\/wp-json\/wp\/v2\/pages\/3683\/revisions"}],"predecessor-version":[{"id":3690,"href":"https:\/\/www.mrotex.com\/en\/wp-json\/wp\/v2\/pages\/3683\/revisions\/3690"}],"wp:attachment":[{"href":"https:\/\/www.mrotex.com\/en\/wp-json\/wp\/v2\/media?parent=3683"}],"curies":[{"name":"WP","href":"https:\/\/api.w.org\/{rel}","templated":true}]}}