{"id":3707,"date":"2026-04-20T10:10:04","date_gmt":"2026-04-20T08:10:04","guid":{"rendered":"https:\/\/dev.mrotex.com\/?page_id=3707"},"modified":"2026-04-20T10:12:04","modified_gmt":"2026-04-20T08:12:04","slug":"elementor-strona-3707","status":"publish","type":"page","link":"https:\/\/www.mrotex.com\/en\/elementor-strona-3707\/","title":{"rendered":"Shipping"},"content":{"rendered":"<div data-elementor-type=\"wp-page\" data-elementor-id=\"3707\" class=\"elementor elementor-3707\" data-elementor-post-type=\"page\">\n\t\t\t\t<div class=\"elementor-element elementor-element-4db0ab0 e-flex e-con-boxed e-con e-parent\" data-id=\"4db0ab0\" data-element_type=\"container\" data-e-type=\"container\">\n\t\t\t\t\t<div class=\"e-con-inner\">\n\t\t\t\t<div class=\"elementor-element elementor-element-afd5d51 elementor-widget elementor-widget-heading\" data-id=\"afd5d51\" data-element_type=\"widget\" data-e-type=\"widget\" data-widget_type=\"heading.default\">\n\t\t\t\t\t<h1 class=\"elementor-heading-title elementor-size-default\">Shipping<\/h1>\t\t\t\t<\/div>\n\t\t\t\t<div class=\"elementor-element elementor-element-829b66b elementor-widget elementor-widget-text-editor\" data-id=\"829b66b\" data-element_type=\"widget\" data-e-type=\"widget\" data-widget_type=\"text-editor.default\">\n\t\t\t\t\t\t\t\t\t<p>Packages are shipped within 2 days of receipt of payment confirmation. We use FedEx courier services, which means our shipments reach the customer within 24 hours of dispatch. Our products are always well-secured before shipping. MROTEX P.P.H. reserves the right to change shipping times in case of stock shortages.<\/p><p>Shipping and handling fees are included in the shipping costs. Transportation costs may change due to the weight of the shipment. We advise you to collect several products in one order to avoid duplicating transportation costs.<\/p><p><strong>Free shipping Mrotex \ud83d\ude9a\u2728<\/strong> <br \/><br \/>Shop without extra delivery costs! <br \/><br \/>At Mrotex, we believe your convenience matters from the very first click, which is why we offer free shipping on larger orders.<\/p><p><strong>Poland and the European Union <\/strong><br \/><br \/><strong>\u2705 15 treatment suits in your cart = free shipping <\/strong><br \/><strong>\u2705 or order over 600 PLN \/ 150 EUR<\/strong><\/p><p><strong>The whole world <\/strong><br \/><br \/><strong>\ud83c\udf0d 25 beauty treatments = free shipping <\/strong><br \/><strong>or an order of 1000 PLN \/ 250 EUR<\/strong><\/p><p>Don't overpay for transportation \u2013 invest in your products, and we'll give you free delivery!<\/p><p><em>Remember to ensure that free shipping has been automatically added to your cart. The promotion may not be available in all regions; if this is the case, please contact our team directly.<\/em><\/p>\t\t\t\t\t\t\t\t<\/div>\n\t\t\t\t\t<\/div>\n\t\t\t\t<\/div>\n\t\t\t\t<\/div>","protected":false},"excerpt":{"rendered":"<p>Wysy\u0142ka Paczki s\u0105 nadawane do 2 dni od momentu otrzymania potwierdzenia wp\u0142ywu p\u0142atno\u015bci. Korzystamy z us\u0142ug kurierskich FedEx, dzi\u0119ki temu nasze przesy\u0142ki s\u0105 u klienta ju\u017c 24 godziny po nadaniu. Nasze produkty s\u0105 zawsze dobrze zabezpieczone przed wysy\u0142k\u0105. Firma MROTEX P.P.H. zapewnia sobie prawo do zmiany termin wysy\u0142ki w przypadku brak\u00f3w magazynowych. Op\u0142aty za wysy\u0142k\u0119 [&hellip;]<\/p>\n","protected":false},"author":1,"featured_media":0,"parent":0,"menu_order":0,"comment_status":"closed","ping_status":"closed","template":"","meta":{"_acf_changed":false,"footnotes":""},"class_list":["post-3707","page","type-page","status-publish","hentry"],"acf":[],"_links":{"self":[{"href":"https:\/\/www.mrotex.com\/en\/wp-json\/wp\/v2\/pages\/3707","targetHints":{"allow":["GET"]}}],"collection":[{"href":"https:\/\/www.mrotex.com\/en\/wp-json\/wp\/v2\/pages"}],"about":[{"href":"https:\/\/www.mrotex.com\/en\/wp-json\/wp\/v2\/types\/page"}],"author":[{"embeddable":true,"href":"https:\/\/www.mrotex.com\/en\/wp-json\/wp\/v2\/users\/1"}],"replies":[{"embeddable":true,"href":"https:\/\/www.mrotex.com\/en\/wp-json\/wp\/v2\/comments?post=3707"}],"version-history":[{"count":7,"href":"https:\/\/www.mrotex.com\/en\/wp-json\/wp\/v2\/pages\/3707\/revisions"}],"predecessor-version":[{"id":3714,"href":"https:\/\/www.mrotex.com\/en\/wp-json\/wp\/v2\/pages\/3707\/revisions\/3714"}],"wp:attachment":[{"href":"https:\/\/www.mrotex.com\/en\/wp-json\/wp\/v2\/media?parent=3707"}],"curies":[{"name":"WP","href":"https:\/\/api.w.org\/{rel}","templated":true}]}}