{"id":3499,"date":"2026-04-20T01:26:28","date_gmt":"2026-04-19T23:26:28","guid":{"rendered":"https:\/\/dev.mrotex.com\/?post_type=product&#038;p=3499"},"modified":"2026-04-20T02:01:19","modified_gmt":"2026-04-20T00:01:19","slug":"icoone-upgrade-2026-beauty-wellness-longevity-wroclaw-12-03-2026","status":"publish","type":"product","link":"https:\/\/www.mrotex.com\/en\/sklep\/wydarzenia\/wroclaw\/icoone-upgrade-2026-beauty-wellness-longevity-wroclaw-12-03-2026\/","title":{"rendered":"Icoone Upgrade 2026: Beauty, Wellness &amp; Longevity | Wroc\u0142aw 12\/03\/2026"},"content":{"rendered":"<p><strong>Szanowni Pa\u0144stwo,<\/strong><\/p>\n<p>Firma Mrotex ma przyjemno\u015b\u0107 zaprosi\u0107 w\u0142a\u015bcicieli, mened\u017cer\u00f3w oraz terapeut\u00f3w pracuj\u0105cych na<br \/>\nurz\u0105dzeniach Icoone na kolejn\u0105 edycj\u0119 konferencji <strong>Icoone Upgrade 2026: Beauty, Wellness &amp;\u00a0<\/strong><br \/>\n<strong>Longevity<\/strong> wydarzenia po\u015bwi\u0119conego najnowszym trendom, badaniom i praktycznym rozwi\u0105zaniom<br \/>\nw obszarze Beauty, Wellness i Longevity.<\/p>\n<p>Konferencja skierowana jest zar\u00f3wno do specjalist\u00f3w ju\u017c pracuj\u0105cych na urz\u0105dzeniach Icoone, jak i<br \/>\ndo os\u00f3b, kt\u00f3re rozwa\u017caj\u0105 wprowadzenie tej technologii do swojej oferty i chc\u0105 pozna\u0107 jej<br \/>\nmo\u017cliwo\u015bci, efekty oraz potencja\u0142 biznesowy.<\/p>\n<p><strong>Tematyka konferencji<\/strong><\/p>\n<p>\u2022 Najwa\u017cniejsze trendy rynku Beauty i Well-Being<br \/>\n\u2022 Premiera nowych program\u00f3w <strong>Icoone WELLNESS<\/strong> \u2013 protoko\u0142y Detox, Wellness i Longevity<br \/>\n\u2022 Ekspercka wiedza z poziomu mi\u0119dzynarodowego \u2013 dr Agnieszka Nalewczy\u0144ska, dr Krzysztof Gojd\u017a,<br \/>\nLuca Gualdrini (CEO I-Tech Industries)<br \/>\n\u2022 Sesja praktyczna z mo\u017cliwo\u015bci\u0105 testowania nowych protoko\u0142\u00f3w Icoone<\/p>\n<p>Spotkanie b\u0119dzie mia\u0142o charakter <strong>teoretyczno-praktyczny<\/strong>, pe\u0142ne aktualnej wiedzy, inspiracji oraz<br \/>\nmo\u017cliwo\u015bci wymiany do\u015bwiadcze\u0144 mi\u0119dzy specjalistami z bran\u017cy.<\/p>\n<p><strong>Termin i miejsce<\/strong><\/p>\n<p><strong>25 lutego 2026 r. Godz. 11:00\u201316:00 Varso Center, ul. Chmielna , Warszawa<\/strong><\/p>\n<p><strong>PROGRAM SPOTKANIA<\/strong><\/p>\n<p><strong>11:00 \u2013 11:30 Rejestracja go\u015bci<\/strong><br \/>\n<strong>11:30 \u2013 11:45 Powitanie uczestnik\u00f3w i przedstawienie programu<\/strong> Prowadzenie: <em>Agnieszka<\/em><br \/>\n<em>Grzegorczyk Mrotex Group<\/em><br \/>\n<strong>11:45 \u2013 12:15 Nowa mapa rynku medycyny estetycznej 2026: gdzie powstaje przewaga rynkowa i<\/strong><br \/>\n<strong>jak skutecznie j\u0105 wdra\u017ca\u0107<\/strong> Prelegentki: <em>Magdalena W\u00f3jcik Anna Wykurz\u00a0<\/em><br \/>\n<em>Przestrze\u0144 \u015awiadomego Biznesu x WW Partners\u00a0<\/em><br \/>\n<strong>12:15 \u2013 12:45 Holistyczna transformacja: jak \u0142\u0105czy\u0107 medycyn\u0119 estetyczn\u0105 z wellbeing i zdrowym<\/strong><br \/>\n<strong>stylem \u017cycia<\/strong> Prelegent: <em>dr Krzysztof Gojd\u017a, dr nauk medycznych, specjalista medycyny estetycznej<\/em><br \/>\n<strong>12:45 \u2013 13:00 Najwa\u017cniejsze badania i wydarzenia ostatnich lat w I-Tech Industries<\/strong> Prelegent: <em>Luca<\/em><br \/>\n<em>Gualdrini \u2013 CEO I-Tech Industries srl<\/em><br \/>\n<strong>13:00 \u2013 13:30 Icoone Wellness \u2013 nowe programy i protoko\u0142y<\/strong> Prelegent:<em> szkoleniowiec firmy Mrotex<\/em><em>,<\/em><br \/>\n<strong>13:30 \u2013 14:00 Przerwa kawowa<\/strong><br \/>\n<strong>14:00 \u2013 14:30 Globalne trendy w longevity i wellbeing: kierunki rozwoju na najbli\u017csze lata<\/strong><br \/>\nPrelegent: <em>dr Krzysztof Gojd\u017a dr nauk medycznych, specjalista medycyny estetycznej<\/em><br \/>\n<strong>14:30 \u2013 15:00 Wp\u0142yw Icoone na uk\u0142ad hormonalny <\/strong>Prelegent: <em>dr Agnieszka Nalewczy\u0144ska, ginekolog,<\/em><br \/>\n<em>specjalistka medycyny estetycznej<\/em><br \/>\n<strong>15:00 \u2013 16:00 Pokazy nowych protoko\u0142\u00f3w + networking<\/strong> Mo\u017cliwo\u015b\u0107 przetestowania zabieg\u00f3w:<br \/>\n\u2022 Icoone Microfacial<br \/>\n\u2022 Termobeauty<br \/>\n\u2022 Protoko\u0142y Wellness Icoone Laser BODY<\/p>\n<p><strong>Koszt i korzy\u015bci<\/strong><br \/>\nUdzia\u0142 w szkoleniu: <strong>100 z\u0142<\/strong><br \/>\nW ramach op\u0142aty ka\u017cdy uczestnik otrzymuje: <strong>Suplement RevCeuticals by dr Chris Gojd\u017a<\/strong><\/p>\n<p><strong>Longevity<\/strong><br \/>\nO przyj\u0119ciu na szkolenie decyduje <strong>kolejno\u015b\u0107 zg\u0142osze\u0144<\/strong>.<br \/>\nUdzia\u0142 w wydarzeniu to mo\u017cliwo\u015b\u0107:<br \/>\n\u2022 pog\u0142\u0119bienia wiedzy i umiej\u0119tno\u015bci terapeut\u00f3w<br \/>\n\u2022 zwi\u0119kszenia skuteczno\u015bci zabieg\u00f3w Icoone<br \/>\n\u2022 podniesienia standard\u00f3w obs\u0142ugi klienta<br \/>\n\u2022 wymiany do\u015bwiadcze\u0144 z innymi gabinetami<br \/>\n\u2022 poznania najnowszych technologii i protoko\u0142\u00f3w<\/p>\n<p><strong>Informacje organizacyjne<\/strong><br \/>\n1. Zg\u0142oszenie nale\u017cy wype\u0142ni\u0107 min. 7 dni przed szkoleniem.<br \/>\n2. Miejsce: Varso Center, ul. Chmielna 71, I pi\u0119tro Hall 1,2,3 Warszawa<br \/>\n3. Czas trwania: 11-16<\/p>\n<p><strong>Formularz zg\u0142oszeniowy<\/strong><br \/>\nProsimy o rejestracj\u0119 wy\u0142\u0105cznie poprzez formularz:<br \/>\nZg\u0142oszenia telefoniczne i mailowe nie b\u0119d\u0105 uwzgl\u0119dniane. Potwierdzenie rezerwacji zostanie<br \/>\nprzes\u0142ane mailowo lub telefonicznie.<\/p>\n<p><strong>Kontakt z dzia\u0142em szkole\u0144<\/strong><br \/>\nszkolenia@www.mrotex.com +48 530 093 551<br \/>\n<strong>Z powa\u017caniem, Dzia\u0142 Szkoleniowy Mrotex Group<\/strong><\/p>","protected":false},"excerpt":{"rendered":"<p>Icoone Upgrade 2026 Conference: Beauty, Wellness &amp; Longevity dedicated to the latest trends, research, and practical solutions in the Beauty, Wellness, and Longevity sectors. The event is for specialists working with Icoone devices and those who want to learn about their effects and business potential.<\/p>","protected":false},"featured_media":3500,"comment_status":"closed","ping_status":"closed","template":"","meta":{"_acf_changed":false},"product_brand":[],"product_cat":[59,58],"product_tag":[60],"class_list":{"0":"post-3499","1":"product","2":"type-product","3":"status-publish","4":"has-post-thumbnail","6":"product_cat-wroclaw","7":"product_cat-wydarzenia","8":"product_tag-wroclaw","10":"first","11":"instock","12":"virtual","13":"taxable","14":"purchasable","15":"product-type-simple"},"acf":[],"_links":{"self":[{"href":"https:\/\/www.mrotex.com\/en\/wp-json\/wp\/v2\/product\/3499","targetHints":{"allow":["GET"]}}],"collection":[{"href":"https:\/\/www.mrotex.com\/en\/wp-json\/wp\/v2\/product"}],"about":[{"href":"https:\/\/www.mrotex.com\/en\/wp-json\/wp\/v2\/types\/product"}],"replies":[{"embeddable":true,"href":"https:\/\/www.mrotex.com\/en\/wp-json\/wp\/v2\/comments?post=3499"}],"wp:featuredmedia":[{"embeddable":true,"href":"https:\/\/www.mrotex.com\/en\/wp-json\/wp\/v2\/media\/3500"}],"wp:attachment":[{"href":"https:\/\/www.mrotex.com\/en\/wp-json\/wp\/v2\/media?parent=3499"}],"wp:term":[{"taxonomy":"product_brand","embeddable":true,"href":"https:\/\/www.mrotex.com\/en\/wp-json\/wp\/v2\/product_brand?post=3499"},{"taxonomy":"product_cat","embeddable":true,"href":"https:\/\/www.mrotex.com\/en\/wp-json\/wp\/v2\/product_cat?post=3499"},{"taxonomy":"product_tag","embeddable":true,"href":"https:\/\/www.mrotex.com\/en\/wp-json\/wp\/v2\/product_tag?post=3499"}],"curies":[{"name":"WP","href":"https:\/\/api.w.org\/{rel}","templated":true}]}}