{"id":6680,"date":"2026-04-28T15:18:52","date_gmt":"2026-04-28T13:18:52","guid":{"rendered":"https:\/\/dev.mrotex.com\/sklep\/bez-kategorii\/karta-pacjenta\/"},"modified":"2026-05-08T14:36:58","modified_gmt":"2026-05-08T12:36:58","slug":"karta-pacjenta","status":"publish","type":"product","link":"https:\/\/www.mrotex.com\/en\/sklep\/bodysuit\/karta-pacjenta\/","title":{"rendered":"Patient chart"},"content":{"rendered":"<p>Karta u\u0142atwiaj\u0105ca prowadzenie dokumentacji zabieg\u00f3w pacjenta.<\/p>","protected":false},"excerpt":{"rendered":"<p>Karta u\u0142atwiaj\u0105ca prowadzenie dokumentacji zabieg\u00f3w pacjenta.<\/p>","protected":false},"featured_media":9068,"comment_status":"closed","ping_status":"closed","template":"","meta":{"_acf_changed":false},"product_brand":[],"product_cat":[50],"product_tag":[],"class_list":{"0":"post-6680","1":"product","2":"type-product","3":"status-publish","4":"has-post-thumbnail","6":"product_cat-bodysuit","7":"pa_wersja-jezykowa-angielska","8":"pa_wersja-jezykowa-niemiecka","9":"pa_wersja-jezykowa-polska","11":"first","12":"instock","13":"taxable","14":"shipping-taxable","15":"purchasable","16":"product-type-variable"},"acf":[],"_links":{"self":[{"href":"https:\/\/www.mrotex.com\/en\/wp-json\/wp\/v2\/product\/6680","targetHints":{"allow":["GET"]}}],"collection":[{"href":"https:\/\/www.mrotex.com\/en\/wp-json\/wp\/v2\/product"}],"about":[{"href":"https:\/\/www.mrotex.com\/en\/wp-json\/wp\/v2\/types\/product"}],"replies":[{"embeddable":true,"href":"https:\/\/www.mrotex.com\/en\/wp-json\/wp\/v2\/comments?post=6680"}],"wp:featuredmedia":[{"embeddable":true,"href":"https:\/\/www.mrotex.com\/en\/wp-json\/wp\/v2\/media\/9068"}],"wp:attachment":[{"href":"https:\/\/www.mrotex.com\/en\/wp-json\/wp\/v2\/media?parent=6680"}],"wp:term":[{"taxonomy":"product_brand","embeddable":true,"href":"https:\/\/www.mrotex.com\/en\/wp-json\/wp\/v2\/product_brand?post=6680"},{"taxonomy":"product_cat","embeddable":true,"href":"https:\/\/www.mrotex.com\/en\/wp-json\/wp\/v2\/product_cat?post=6680"},{"taxonomy":"product_tag","embeddable":true,"href":"https:\/\/www.mrotex.com\/en\/wp-json\/wp\/v2\/product_tag?post=6680"}],"curies":[{"name":"WP","href":"https:\/\/api.w.org\/{rel}","templated":true}]}}