{"id":6683,"date":"2026-04-28T15:18:56","date_gmt":"2026-04-28T13:18:56","guid":{"rendered":"https:\/\/dev.mrotex.com\/sklep\/bez-kategorii\/cellu-m6-i-keymodule-tm\/"},"modified":"2026-05-08T14:28:46","modified_gmt":"2026-05-08T12:28:46","slug":"cellu-m6-i-keymodule-tm","status":"publish","type":"product","link":"https:\/\/www.mrotex.com\/en\/shop\/gielda-uzywanego-sprzetu-kosmetycznego-i-medycznego\/cellu-m6-i-keymodule-tm\/","title":{"rendered":"CELLU M6 i KEYMODULE TM"},"content":{"rendered":"<p>P.P.H. Mrotex nie jest powi\u0105zany, autoryzowany ani zatwierdzony przez\u00a0LPG SYSTEMS<sup>\u00ae<\/sup>.<\/p>\n<p>Znaki LPG SYSTEMS <sup>\u00ae<\/sup>, LPG <sup>\u00ae<\/sup>, ENDERMOLOGIE <sup>\u00ae<\/sup>, ENDERMO <sup>\u00ae<\/sup>, CELLU M6 <sup>\u00ae<\/sup>, LIPO M6 <sup>\u00ae<\/sup>, LIFT M6 <sup>\u00ae<\/sup>, LIPOMASSAGE\u2122, LIPOMODELAGE\u2122, LIFTMASSAGE\u2122, LIFTMODELAGE\u2122, ENDERMOLIFT\u2122 and WELLBOX <sup>\u00ae<\/sup> are trademarks registered in France and abroad by LPG SYSTEMS<sup>\u00ae<\/sup><\/p>","protected":false},"excerpt":{"rendered":"<p><strong>Oferujemy pomoc w znalezieniu, zakupie i transporcie u\u017cywanych maszyn: CELLU M6 <sup>\u00ae<\/sup> i KEYMODULE TM z ca\u0142ego \u015bwiata kt\u00f3rych nie znajdziecie Pa\u0144stwo po\u015br\u00f3d poni\u017cszych ofert. <\/strong>prosimy o kontakt w godz. 8.00 &#8211; 14.00;\u00a0Tel.: 71 347 93 19<\/p>","protected":false},"featured_media":9070,"comment_status":"closed","ping_status":"open","template":"","meta":{"_acf_changed":false},"product_brand":[],"product_cat":[106],"product_tag":[],"class_list":{"0":"post-6683","1":"product","2":"type-product","3":"status-publish","4":"has-post-thumbnail","6":"product_cat-gielda-uzywanego-sprzetu-kosmetycznego-i-medycznego","8":"first","9":"instock","10":"taxable","11":"shipping-taxable","12":"purchasable","13":"product-type-simple"},"acf":[],"yoast_head":"<!-- This site is optimized with the Yoast SEO plugin v27.5 - https:\/\/yoast.com\/product\/yoast-seo-wordpress\/ -->\n<title>CELLU M6 i KEYMODULE TM - Mrotex<\/title>\n<meta name=\"robots\" content=\"index, follow, max-snippet:-1, max-image-preview:large, max-video-preview:-1\" \/>\n<link rel=\"canonical\" href=\"https:\/\/www.mrotex.com\/en\/shop\/used-cosmetic-and-medical-equipment-exchange\/cellu-m6-i-keymodule-tm\/\" \/>\n<meta property=\"og:locale\" content=\"en_US\" \/>\n<meta property=\"og:type\" content=\"article\" \/>\n<meta property=\"og:title\" content=\"CELLU M6 i KEYMODULE TM - Mrotex\" \/>\n<meta property=\"og:description\" content=\"Oferujemy pomoc w znalezieniu, zakupie i transporcie u\u017cywanych maszyn: CELLU M6 \u00ae i KEYMODULE TM z ca\u0142ego \u015bwiata kt\u00f3rych nie znajdziecie Pa\u0144stwo po\u015br\u00f3d poni\u017cszych ofert. prosimy o kontakt w godz. 8.00 - 14.00;\u00a0Tel.: 71 347 93 19\" \/>\n<meta property=\"og:url\" content=\"https:\/\/www.mrotex.com\/en\/shop\/used-cosmetic-and-medical-equipment-exchange\/cellu-m6-i-keymodule-tm\/\" \/>\n<meta property=\"og:site_name\" content=\"Mrotex\" \/>\n<meta property=\"article:modified_time\" content=\"2026-05-08T12:28:46+00:00\" \/>\n<meta property=\"og:image\" content=\"https:\/\/www.mrotex.com\/wp-content\/uploads\/2026\/04\/78.jpg\" \/>\n\t<meta property=\"og:image:width\" content=\"772\" \/>\n\t<meta property=\"og:image:height\" content=\"1030\" \/>\n\t<meta property=\"og:image:type\" content=\"image\/jpeg\" \/>\n<meta name=\"twitter:card\" content=\"summary_large_image\" \/>\n<script type=\"application\/ld+json\" class=\"yoast-schema-graph\">{\"@context\":\"https:\\\/\\\/schema.org\",\"@graph\":[{\"@type\":\"WebPage\",\"@id\":\"https:\\\/\\\/www.mrotex.com\\\/shop\\\/gielda-uzywanego-sprzetu-kosmetycznego-i-medycznego\\\/cellu-m6-i-keymodule-tm\\\/\",\"url\":\"https:\\\/\\\/www.mrotex.com\\\/shop\\\/gielda-uzywanego-sprzetu-kosmetycznego-i-medycznego\\\/cellu-m6-i-keymodule-tm\\\/\",\"name\":\"CELLU M6 i KEYMODULE TM - Mrotex\",\"isPartOf\":{\"@id\":\"https:\\\/\\\/www.mrotex.com\\\/#website\"},\"primaryImageOfPage\":{\"@id\":\"https:\\\/\\\/www.mrotex.com\\\/shop\\\/gielda-uzywanego-sprzetu-kosmetycznego-i-medycznego\\\/cellu-m6-i-keymodule-tm\\\/#primaryimage\"},\"image\":{\"@id\":\"https:\\\/\\\/www.mrotex.com\\\/shop\\\/gielda-uzywanego-sprzetu-kosmetycznego-i-medycznego\\\/cellu-m6-i-keymodule-tm\\\/#primaryimage\"},\"thumbnailUrl\":\"https:\\\/\\\/www.mrotex.com\\\/wp-content\\\/uploads\\\/2026\\\/04\\\/78.jpg\",\"datePublished\":\"2026-04-28T13:18:56+00:00\",\"dateModified\":\"2026-05-08T12:28:46+00:00\",\"breadcrumb\":{\"@id\":\"https:\\\/\\\/www.mrotex.com\\\/shop\\\/gielda-uzywanego-sprzetu-kosmetycznego-i-medycznego\\\/cellu-m6-i-keymodule-tm\\\/#breadcrumb\"},\"inLanguage\":\"en-US\",\"potentialAction\":[{\"@type\":\"ReadAction\",\"target\":[\"https:\\\/\\\/www.mrotex.com\\\/shop\\\/gielda-uzywanego-sprzetu-kosmetycznego-i-medycznego\\\/cellu-m6-i-keymodule-tm\\\/\"]}]},{\"@type\":\"ImageObject\",\"inLanguage\":\"en-US\",\"@id\":\"https:\\\/\\\/www.mrotex.com\\\/shop\\\/gielda-uzywanego-sprzetu-kosmetycznego-i-medycznego\\\/cellu-m6-i-keymodule-tm\\\/#primaryimage\",\"url\":\"https:\\\/\\\/www.mrotex.com\\\/wp-content\\\/uploads\\\/2026\\\/04\\\/78.jpg\",\"contentUrl\":\"https:\\\/\\\/www.mrotex.com\\\/wp-content\\\/uploads\\\/2026\\\/04\\\/78.jpg\",\"width\":772,\"height\":1030},{\"@type\":\"BreadcrumbList\",\"@id\":\"https:\\\/\\\/www.mrotex.com\\\/shop\\\/gielda-uzywanego-sprzetu-kosmetycznego-i-medycznego\\\/cellu-m6-i-keymodule-tm\\\/#breadcrumb\",\"itemListElement\":[{\"@type\":\"ListItem\",\"position\":1,\"name\":\"Strona g\u0142\u00f3wna\",\"item\":\"https:\\\/\\\/www.mrotex.com\\\/\"},{\"@type\":\"ListItem\",\"position\":2,\"name\":\"Sklep\",\"item\":\"https:\\\/\\\/www.mrotex.com\\\/shop\\\/\"},{\"@type\":\"ListItem\",\"position\":3,\"name\":\"CELLU M6 i KEYMODULE TM\"}]},{\"@type\":\"WebSite\",\"@id\":\"https:\\\/\\\/www.mrotex.com\\\/#website\",\"url\":\"https:\\\/\\\/www.mrotex.com\\\/\",\"name\":\"Mrotex\",\"description\":\"\",\"publisher\":{\"@id\":\"https:\\\/\\\/www.mrotex.com\\\/#organization\"},\"potentialAction\":[{\"@type\":\"SearchAction\",\"target\":{\"@type\":\"EntryPoint\",\"urlTemplate\":\"https:\\\/\\\/www.mrotex.com\\\/?s={search_term_string}\"},\"query-input\":{\"@type\":\"PropertyValueSpecification\",\"valueRequired\":true,\"valueName\":\"search_term_string\"}}],\"inLanguage\":\"en-US\"},{\"@type\":\"Organization\",\"@id\":\"https:\\\/\\\/www.mrotex.com\\\/#organization\",\"name\":\"Mrotex\",\"url\":\"https:\\\/\\\/www.mrotex.com\\\/\",\"logo\":{\"@type\":\"ImageObject\",\"inLanguage\":\"en-US\",\"@id\":\"https:\\\/\\\/www.mrotex.com\\\/#\\\/schema\\\/logo\\\/image\\\/\",\"url\":\"https:\\\/\\\/www.mrotex.com\\\/wp-content\\\/uploads\\\/2026\\\/01\\\/Mrotex-Logo-on-one-line.group-cropped-scaled.png\",\"contentUrl\":\"https:\\\/\\\/www.mrotex.com\\\/wp-content\\\/uploads\\\/2026\\\/01\\\/Mrotex-Logo-on-one-line.group-cropped-scaled.png\",\"width\":2560,\"height\":530,\"caption\":\"Mrotex\"},\"image\":{\"@id\":\"https:\\\/\\\/www.mrotex.com\\\/#\\\/schema\\\/logo\\\/image\\\/\"}}]}<\/script>\n<!-- \/ Yoast SEO plugin. -->","yoast_head_json":{"title":"CELLU M6 i KEYMODULE TM - Mrotex","robots":{"index":"index","follow":"follow","max-snippet":"max-snippet:-1","max-image-preview":"max-image-preview:large","max-video-preview":"max-video-preview:-1"},"canonical":"https:\/\/www.mrotex.com\/en\/shop\/used-cosmetic-and-medical-equipment-exchange\/cellu-m6-i-keymodule-tm\/","og_locale":"en_US","og_type":"article","og_title":"CELLU M6 i KEYMODULE TM - Mrotex","og_description":"Oferujemy pomoc w znalezieniu, zakupie i transporcie u\u017cywanych maszyn: CELLU M6 \u00ae i KEYMODULE TM z ca\u0142ego \u015bwiata kt\u00f3rych nie znajdziecie Pa\u0144stwo po\u015br\u00f3d poni\u017cszych ofert. prosimy o kontakt w godz. 8.00 - 14.00;\u00a0Tel.: 71 347 93 19","og_url":"https:\/\/www.mrotex.com\/en\/shop\/used-cosmetic-and-medical-equipment-exchange\/cellu-m6-i-keymodule-tm\/","og_site_name":"Mrotex","article_modified_time":"2026-05-08T12:28:46+00:00","og_image":[{"width":772,"height":1030,"url":"https:\/\/www.mrotex.com\/wp-content\/uploads\/2026\/04\/78.jpg","type":"image\/jpeg"}],"twitter_card":"summary_large_image","schema":{"@context":"https:\/\/schema.org","@graph":[{"@type":"WebPage","@id":"https:\/\/www.mrotex.com\/shop\/gielda-uzywanego-sprzetu-kosmetycznego-i-medycznego\/cellu-m6-i-keymodule-tm\/","url":"https:\/\/www.mrotex.com\/shop\/gielda-uzywanego-sprzetu-kosmetycznego-i-medycznego\/cellu-m6-i-keymodule-tm\/","name":"CELLU M6 i KEYMODULE TM - Mrotex","isPartOf":{"@id":"https:\/\/www.mrotex.com\/#website"},"primaryImageOfPage":{"@id":"https:\/\/www.mrotex.com\/shop\/gielda-uzywanego-sprzetu-kosmetycznego-i-medycznego\/cellu-m6-i-keymodule-tm\/#primaryimage"},"image":{"@id":"https:\/\/www.mrotex.com\/shop\/gielda-uzywanego-sprzetu-kosmetycznego-i-medycznego\/cellu-m6-i-keymodule-tm\/#primaryimage"},"thumbnailUrl":"https:\/\/www.mrotex.com\/wp-content\/uploads\/2026\/04\/78.jpg","datePublished":"2026-04-28T13:18:56+00:00","dateModified":"2026-05-08T12:28:46+00:00","breadcrumb":{"@id":"https:\/\/www.mrotex.com\/shop\/gielda-uzywanego-sprzetu-kosmetycznego-i-medycznego\/cellu-m6-i-keymodule-tm\/#breadcrumb"},"inLanguage":"en-US","potentialAction":[{"@type":"ReadAction","target":["https:\/\/www.mrotex.com\/shop\/gielda-uzywanego-sprzetu-kosmetycznego-i-medycznego\/cellu-m6-i-keymodule-tm\/"]}]},{"@type":"ImageObject","inLanguage":"en-US","@id":"https:\/\/www.mrotex.com\/shop\/gielda-uzywanego-sprzetu-kosmetycznego-i-medycznego\/cellu-m6-i-keymodule-tm\/#primaryimage","url":"https:\/\/www.mrotex.com\/wp-content\/uploads\/2026\/04\/78.jpg","contentUrl":"https:\/\/www.mrotex.com\/wp-content\/uploads\/2026\/04\/78.jpg","width":772,"height":1030},{"@type":"BreadcrumbList","@id":"https:\/\/www.mrotex.com\/shop\/gielda-uzywanego-sprzetu-kosmetycznego-i-medycznego\/cellu-m6-i-keymodule-tm\/#breadcrumb","itemListElement":[{"@type":"ListItem","position":1,"name":"Strona g\u0142\u00f3wna","item":"https:\/\/www.mrotex.com\/"},{"@type":"ListItem","position":2,"name":"Sklep","item":"https:\/\/www.mrotex.com\/shop\/"},{"@type":"ListItem","position":3,"name":"CELLU M6 i KEYMODULE TM"}]},{"@type":"WebSite","@id":"https:\/\/www.mrotex.com\/#website","url":"https:\/\/www.mrotex.com\/","name":"Mrotex","description":"","publisher":{"@id":"https:\/\/www.mrotex.com\/#organization"},"potentialAction":[{"@type":"SearchAction","target":{"@type":"EntryPoint","urlTemplate":"https:\/\/www.mrotex.com\/?s={search_term_string}"},"query-input":{"@type":"PropertyValueSpecification","valueRequired":true,"valueName":"search_term_string"}}],"inLanguage":"en-US"},{"@type":"Organization","@id":"https:\/\/www.mrotex.com\/#organization","name":"Mrotex","url":"https:\/\/www.mrotex.com\/","logo":{"@type":"ImageObject","inLanguage":"en-US","@id":"https:\/\/www.mrotex.com\/#\/schema\/logo\/image\/","url":"https:\/\/www.mrotex.com\/wp-content\/uploads\/2026\/01\/Mrotex-Logo-on-one-line.group-cropped-scaled.png","contentUrl":"https:\/\/www.mrotex.com\/wp-content\/uploads\/2026\/01\/Mrotex-Logo-on-one-line.group-cropped-scaled.png","width":2560,"height":530,"caption":"Mrotex"},"image":{"@id":"https:\/\/www.mrotex.com\/#\/schema\/logo\/image\/"}}]}},"_links":{"self":[{"href":"https:\/\/www.mrotex.com\/en\/wp-json\/wp\/v2\/product\/6683","targetHints":{"allow":["GET"]}}],"collection":[{"href":"https:\/\/www.mrotex.com\/en\/wp-json\/wp\/v2\/product"}],"about":[{"href":"https:\/\/www.mrotex.com\/en\/wp-json\/wp\/v2\/types\/product"}],"replies":[{"embeddable":true,"href":"https:\/\/www.mrotex.com\/en\/wp-json\/wp\/v2\/comments?post=6683"}],"wp:featuredmedia":[{"embeddable":true,"href":"https:\/\/www.mrotex.com\/en\/wp-json\/wp\/v2\/media\/9070"}],"wp:attachment":[{"href":"https:\/\/www.mrotex.com\/en\/wp-json\/wp\/v2\/media?parent=6683"}],"wp:term":[{"taxonomy":"product_brand","embeddable":true,"href":"https:\/\/www.mrotex.com\/en\/wp-json\/wp\/v2\/product_brand?post=6683"},{"taxonomy":"product_cat","embeddable":true,"href":"https:\/\/www.mrotex.com\/en\/wp-json\/wp\/v2\/product_cat?post=6683"},{"taxonomy":"product_tag","embeddable":true,"href":"https:\/\/www.mrotex.com\/en\/wp-json\/wp\/v2\/product_tag?post=6683"}],"curies":[{"name":"WP","href":"https:\/\/api.w.org\/{rel}","templated":true}]}}