{"id":6686,"date":"2026-04-28T15:52:37","date_gmt":"2026-04-28T13:52:37","guid":{"rendered":"https:\/\/dev.mrotex.com\/sklep\/bez-kategorii\/icoone-wersja-kosmetyczna\/"},"modified":"2026-05-08T14:29:19","modified_gmt":"2026-05-08T12:29:19","slug":"icoone-wersja-kosmetyczna","status":"publish","type":"product","link":"https:\/\/www.mrotex.com\/en\/shop\/gielda-uzywanego-sprzetu-kosmetycznego-i-medycznego\/icoone-wersja-kosmetyczna\/","title":{"rendered":"ICOONE wersja kosmetyczna"},"content":{"rendered":"<p>Urz\u0105dzenie u\u017cywane ICOONE w wersji kosmetycznej, oferuje zabiegi na cia\u0142o i twarz. <br \/>Urz\u0105dzenie przepracowa\u0142o ok. 1300 godzin.<\/p>\n<p>Wi\u0119cej informacji pod numerem telefonu +48 693072500<\/p>","protected":false},"excerpt":{"rendered":"<p>Urz\u0105dzenia u\u017cywane z 2013 roku.<\/p>","protected":false},"featured_media":9362,"comment_status":"closed","ping_status":"open","template":"","meta":{"_acf_changed":false},"product_brand":[],"product_cat":[106],"product_tag":[],"class_list":{"0":"post-6686","1":"product","2":"type-product","3":"status-publish","4":"has-post-thumbnail","6":"product_cat-gielda-uzywanego-sprzetu-kosmetycznego-i-medycznego","8":"first","9":"instock","10":"taxable","11":"shipping-taxable","12":"purchasable","13":"product-type-simple"},"acf":[],"yoast_head":"<!-- This site is optimized with the Yoast SEO plugin v27.5 - https:\/\/yoast.com\/product\/yoast-seo-wordpress\/ -->\n<title>ICOONE wersja kosmetyczna - Mrotex<\/title>\n<meta name=\"robots\" content=\"index, follow, max-snippet:-1, max-image-preview:large, max-video-preview:-1\" \/>\n<link rel=\"canonical\" href=\"https:\/\/www.mrotex.com\/en\/shop\/used-cosmetic-and-medical-equipment-exchange\/icoone-wersja-kosmetyczna\/\" \/>\n<meta property=\"og:locale\" content=\"en_US\" \/>\n<meta property=\"og:type\" content=\"article\" \/>\n<meta property=\"og:title\" content=\"ICOONE wersja kosmetyczna - Mrotex\" \/>\n<meta property=\"og:description\" content=\"Urz\u0105dzenia u\u017cywane z 2013 roku.\" \/>\n<meta property=\"og:url\" content=\"https:\/\/www.mrotex.com\/en\/shop\/used-cosmetic-and-medical-equipment-exchange\/icoone-wersja-kosmetyczna\/\" \/>\n<meta property=\"og:site_name\" content=\"Mrotex\" \/>\n<meta property=\"article:modified_time\" content=\"2026-05-08T12:29:19+00:00\" \/>\n<meta property=\"og:image\" content=\"https:\/\/www.mrotex.com\/wp-content\/uploads\/2026\/04\/446.jpg\" \/>\n\t<meta property=\"og:image:width\" content=\"480\" \/>\n\t<meta property=\"og:image:height\" content=\"640\" \/>\n\t<meta property=\"og:image:type\" content=\"image\/jpeg\" \/>\n<meta name=\"twitter:card\" content=\"summary_large_image\" \/>\n<script type=\"application\/ld+json\" class=\"yoast-schema-graph\">{\"@context\":\"https:\\\/\\\/schema.org\",\"@graph\":[{\"@type\":\"WebPage\",\"@id\":\"https:\\\/\\\/www.mrotex.com\\\/shop\\\/gielda-uzywanego-sprzetu-kosmetycznego-i-medycznego\\\/icoone-wersja-kosmetyczna\\\/\",\"url\":\"https:\\\/\\\/www.mrotex.com\\\/shop\\\/gielda-uzywanego-sprzetu-kosmetycznego-i-medycznego\\\/icoone-wersja-kosmetyczna\\\/\",\"name\":\"ICOONE wersja kosmetyczna - Mrotex\",\"isPartOf\":{\"@id\":\"https:\\\/\\\/www.mrotex.com\\\/#website\"},\"primaryImageOfPage\":{\"@id\":\"https:\\\/\\\/www.mrotex.com\\\/shop\\\/gielda-uzywanego-sprzetu-kosmetycznego-i-medycznego\\\/icoone-wersja-kosmetyczna\\\/#primaryimage\"},\"image\":{\"@id\":\"https:\\\/\\\/www.mrotex.com\\\/shop\\\/gielda-uzywanego-sprzetu-kosmetycznego-i-medycznego\\\/icoone-wersja-kosmetyczna\\\/#primaryimage\"},\"thumbnailUrl\":\"https:\\\/\\\/www.mrotex.com\\\/wp-content\\\/uploads\\\/2026\\\/04\\\/446.jpg\",\"datePublished\":\"2026-04-28T13:52:37+00:00\",\"dateModified\":\"2026-05-08T12:29:19+00:00\",\"breadcrumb\":{\"@id\":\"https:\\\/\\\/www.mrotex.com\\\/shop\\\/gielda-uzywanego-sprzetu-kosmetycznego-i-medycznego\\\/icoone-wersja-kosmetyczna\\\/#breadcrumb\"},\"inLanguage\":\"en-US\",\"potentialAction\":[{\"@type\":\"ReadAction\",\"target\":[\"https:\\\/\\\/www.mrotex.com\\\/shop\\\/gielda-uzywanego-sprzetu-kosmetycznego-i-medycznego\\\/icoone-wersja-kosmetyczna\\\/\"]}]},{\"@type\":\"ImageObject\",\"inLanguage\":\"en-US\",\"@id\":\"https:\\\/\\\/www.mrotex.com\\\/shop\\\/gielda-uzywanego-sprzetu-kosmetycznego-i-medycznego\\\/icoone-wersja-kosmetyczna\\\/#primaryimage\",\"url\":\"https:\\\/\\\/www.mrotex.com\\\/wp-content\\\/uploads\\\/2026\\\/04\\\/446.jpg\",\"contentUrl\":\"https:\\\/\\\/www.mrotex.com\\\/wp-content\\\/uploads\\\/2026\\\/04\\\/446.jpg\",\"width\":480,\"height\":640},{\"@type\":\"BreadcrumbList\",\"@id\":\"https:\\\/\\\/www.mrotex.com\\\/shop\\\/gielda-uzywanego-sprzetu-kosmetycznego-i-medycznego\\\/icoone-wersja-kosmetyczna\\\/#breadcrumb\",\"itemListElement\":[{\"@type\":\"ListItem\",\"position\":1,\"name\":\"Strona g\u0142\u00f3wna\",\"item\":\"https:\\\/\\\/www.mrotex.com\\\/\"},{\"@type\":\"ListItem\",\"position\":2,\"name\":\"Sklep\",\"item\":\"https:\\\/\\\/www.mrotex.com\\\/shop\\\/\"},{\"@type\":\"ListItem\",\"position\":3,\"name\":\"ICOONE wersja kosmetyczna\"}]},{\"@type\":\"WebSite\",\"@id\":\"https:\\\/\\\/www.mrotex.com\\\/#website\",\"url\":\"https:\\\/\\\/www.mrotex.com\\\/\",\"name\":\"Mrotex\",\"description\":\"\",\"publisher\":{\"@id\":\"https:\\\/\\\/www.mrotex.com\\\/#organization\"},\"potentialAction\":[{\"@type\":\"SearchAction\",\"target\":{\"@type\":\"EntryPoint\",\"urlTemplate\":\"https:\\\/\\\/www.mrotex.com\\\/?s={search_term_string}\"},\"query-input\":{\"@type\":\"PropertyValueSpecification\",\"valueRequired\":true,\"valueName\":\"search_term_string\"}}],\"inLanguage\":\"en-US\"},{\"@type\":\"Organization\",\"@id\":\"https:\\\/\\\/www.mrotex.com\\\/#organization\",\"name\":\"Mrotex\",\"url\":\"https:\\\/\\\/www.mrotex.com\\\/\",\"logo\":{\"@type\":\"ImageObject\",\"inLanguage\":\"en-US\",\"@id\":\"https:\\\/\\\/www.mrotex.com\\\/#\\\/schema\\\/logo\\\/image\\\/\",\"url\":\"https:\\\/\\\/www.mrotex.com\\\/wp-content\\\/uploads\\\/2026\\\/01\\\/Mrotex-Logo-on-one-line.group-cropped-scaled.png\",\"contentUrl\":\"https:\\\/\\\/www.mrotex.com\\\/wp-content\\\/uploads\\\/2026\\\/01\\\/Mrotex-Logo-on-one-line.group-cropped-scaled.png\",\"width\":2560,\"height\":530,\"caption\":\"Mrotex\"},\"image\":{\"@id\":\"https:\\\/\\\/www.mrotex.com\\\/#\\\/schema\\\/logo\\\/image\\\/\"}}]}<\/script>\n<!-- \/ Yoast SEO plugin. -->","yoast_head_json":{"title":"ICOONE wersja kosmetyczna - Mrotex","robots":{"index":"index","follow":"follow","max-snippet":"max-snippet:-1","max-image-preview":"max-image-preview:large","max-video-preview":"max-video-preview:-1"},"canonical":"https:\/\/www.mrotex.com\/en\/shop\/used-cosmetic-and-medical-equipment-exchange\/icoone-wersja-kosmetyczna\/","og_locale":"en_US","og_type":"article","og_title":"ICOONE wersja kosmetyczna - Mrotex","og_description":"Urz\u0105dzenia u\u017cywane z 2013 roku.","og_url":"https:\/\/www.mrotex.com\/en\/shop\/used-cosmetic-and-medical-equipment-exchange\/icoone-wersja-kosmetyczna\/","og_site_name":"Mrotex","article_modified_time":"2026-05-08T12:29:19+00:00","og_image":[{"width":480,"height":640,"url":"https:\/\/www.mrotex.com\/wp-content\/uploads\/2026\/04\/446.jpg","type":"image\/jpeg"}],"twitter_card":"summary_large_image","schema":{"@context":"https:\/\/schema.org","@graph":[{"@type":"WebPage","@id":"https:\/\/www.mrotex.com\/shop\/gielda-uzywanego-sprzetu-kosmetycznego-i-medycznego\/icoone-wersja-kosmetyczna\/","url":"https:\/\/www.mrotex.com\/shop\/gielda-uzywanego-sprzetu-kosmetycznego-i-medycznego\/icoone-wersja-kosmetyczna\/","name":"ICOONE wersja kosmetyczna - Mrotex","isPartOf":{"@id":"https:\/\/www.mrotex.com\/#website"},"primaryImageOfPage":{"@id":"https:\/\/www.mrotex.com\/shop\/gielda-uzywanego-sprzetu-kosmetycznego-i-medycznego\/icoone-wersja-kosmetyczna\/#primaryimage"},"image":{"@id":"https:\/\/www.mrotex.com\/shop\/gielda-uzywanego-sprzetu-kosmetycznego-i-medycznego\/icoone-wersja-kosmetyczna\/#primaryimage"},"thumbnailUrl":"https:\/\/www.mrotex.com\/wp-content\/uploads\/2026\/04\/446.jpg","datePublished":"2026-04-28T13:52:37+00:00","dateModified":"2026-05-08T12:29:19+00:00","breadcrumb":{"@id":"https:\/\/www.mrotex.com\/shop\/gielda-uzywanego-sprzetu-kosmetycznego-i-medycznego\/icoone-wersja-kosmetyczna\/#breadcrumb"},"inLanguage":"en-US","potentialAction":[{"@type":"ReadAction","target":["https:\/\/www.mrotex.com\/shop\/gielda-uzywanego-sprzetu-kosmetycznego-i-medycznego\/icoone-wersja-kosmetyczna\/"]}]},{"@type":"ImageObject","inLanguage":"en-US","@id":"https:\/\/www.mrotex.com\/shop\/gielda-uzywanego-sprzetu-kosmetycznego-i-medycznego\/icoone-wersja-kosmetyczna\/#primaryimage","url":"https:\/\/www.mrotex.com\/wp-content\/uploads\/2026\/04\/446.jpg","contentUrl":"https:\/\/www.mrotex.com\/wp-content\/uploads\/2026\/04\/446.jpg","width":480,"height":640},{"@type":"BreadcrumbList","@id":"https:\/\/www.mrotex.com\/shop\/gielda-uzywanego-sprzetu-kosmetycznego-i-medycznego\/icoone-wersja-kosmetyczna\/#breadcrumb","itemListElement":[{"@type":"ListItem","position":1,"name":"Strona g\u0142\u00f3wna","item":"https:\/\/www.mrotex.com\/"},{"@type":"ListItem","position":2,"name":"Sklep","item":"https:\/\/www.mrotex.com\/shop\/"},{"@type":"ListItem","position":3,"name":"ICOONE wersja kosmetyczna"}]},{"@type":"WebSite","@id":"https:\/\/www.mrotex.com\/#website","url":"https:\/\/www.mrotex.com\/","name":"Mrotex","description":"","publisher":{"@id":"https:\/\/www.mrotex.com\/#organization"},"potentialAction":[{"@type":"SearchAction","target":{"@type":"EntryPoint","urlTemplate":"https:\/\/www.mrotex.com\/?s={search_term_string}"},"query-input":{"@type":"PropertyValueSpecification","valueRequired":true,"valueName":"search_term_string"}}],"inLanguage":"en-US"},{"@type":"Organization","@id":"https:\/\/www.mrotex.com\/#organization","name":"Mrotex","url":"https:\/\/www.mrotex.com\/","logo":{"@type":"ImageObject","inLanguage":"en-US","@id":"https:\/\/www.mrotex.com\/#\/schema\/logo\/image\/","url":"https:\/\/www.mrotex.com\/wp-content\/uploads\/2026\/01\/Mrotex-Logo-on-one-line.group-cropped-scaled.png","contentUrl":"https:\/\/www.mrotex.com\/wp-content\/uploads\/2026\/01\/Mrotex-Logo-on-one-line.group-cropped-scaled.png","width":2560,"height":530,"caption":"Mrotex"},"image":{"@id":"https:\/\/www.mrotex.com\/#\/schema\/logo\/image\/"}}]}},"_links":{"self":[{"href":"https:\/\/www.mrotex.com\/en\/wp-json\/wp\/v2\/product\/6686","targetHints":{"allow":["GET"]}}],"collection":[{"href":"https:\/\/www.mrotex.com\/en\/wp-json\/wp\/v2\/product"}],"about":[{"href":"https:\/\/www.mrotex.com\/en\/wp-json\/wp\/v2\/types\/product"}],"replies":[{"embeddable":true,"href":"https:\/\/www.mrotex.com\/en\/wp-json\/wp\/v2\/comments?post=6686"}],"wp:featuredmedia":[{"embeddable":true,"href":"https:\/\/www.mrotex.com\/en\/wp-json\/wp\/v2\/media\/9362"}],"wp:attachment":[{"href":"https:\/\/www.mrotex.com\/en\/wp-json\/wp\/v2\/media?parent=6686"}],"wp:term":[{"taxonomy":"product_brand","embeddable":true,"href":"https:\/\/www.mrotex.com\/en\/wp-json\/wp\/v2\/product_brand?post=6686"},{"taxonomy":"product_cat","embeddable":true,"href":"https:\/\/www.mrotex.com\/en\/wp-json\/wp\/v2\/product_cat?post=6686"},{"taxonomy":"product_tag","embeddable":true,"href":"https:\/\/www.mrotex.com\/en\/wp-json\/wp\/v2\/product_tag?post=6686"}],"curies":[{"name":"WP","href":"https:\/\/api.w.org\/{rel}","templated":true}]}}