{"id":6695,"date":"2026-04-28T15:19:02","date_gmt":"2026-04-28T13:19:02","guid":{"rendered":"https:\/\/dev.mrotex.com\/sklep\/bez-kategorii\/pokrowiec-na-waz-do-glowicy-urzadzen-do-masazu-podcisnieniowego-i-prozniowego\/"},"modified":"2026-05-08T14:28:46","modified_gmt":"2026-05-08T12:28:46","slug":"pokrowiec-na-waz-do-glowicy-urzadzen-do-masazu-podcisnieniowego-i-prozniowego","status":"publish","type":"product","link":"https:\/\/www.mrotex.com\/en\/sklep\/akcesoria\/akcesoria-zamienne-do-cellu-m6\/pokrowiec-na-waz-do-glowicy-urzadzen-do-masazu-podcisnieniowego-i-prozniowego\/","title":{"rendered":"Pokrowiec na w\u0105\u017c do g\u0142owicy urz\u0105dze\u0144 do masa\u017cu podci\u015bnieniowego i pr\u00f3\u017cniowego"},"content":{"rendered":"<p>Pokrowiec na w\u0105\u017c do urz\u0105dze\u0144 masa\u017cu podci\u015bnieniowego.<\/p>\n<div id=\"jsseunrwnoeo\">\n<div id=\"ocfipreoqyfb\" class=\"simple_mutex\">mutex\/ocfipreoqyfb\/mutex<\/div>\n<\/div>","protected":false},"excerpt":{"rendered":"<p>D\u0142ugo\u015b\u0107 3 m.<\/p>\n<div id=\"jsseunrwnoeo\">\n<div id=\"ocfipreoqyfb\" class=\"simple_mutex\">mutex\/ocfipreoqyfb\/mutex<\/div>\n<\/div>","protected":false},"featured_media":9075,"comment_status":"closed","ping_status":"open","template":"","meta":{"_acf_changed":false},"product_brand":[],"product_cat":[153],"product_tag":[],"class_list":{"0":"post-6695","1":"product","2":"type-product","3":"status-publish","4":"has-post-thumbnail","6":"product_cat-akcesoria-zamienne-do-cellu-m6","8":"first","9":"instock","10":"taxable","11":"shipping-taxable","12":"purchasable","13":"product-type-simple"},"acf":[],"_links":{"self":[{"href":"https:\/\/www.mrotex.com\/en\/wp-json\/wp\/v2\/product\/6695","targetHints":{"allow":["GET"]}}],"collection":[{"href":"https:\/\/www.mrotex.com\/en\/wp-json\/wp\/v2\/product"}],"about":[{"href":"https:\/\/www.mrotex.com\/en\/wp-json\/wp\/v2\/types\/product"}],"replies":[{"embeddable":true,"href":"https:\/\/www.mrotex.com\/en\/wp-json\/wp\/v2\/comments?post=6695"}],"wp:featuredmedia":[{"embeddable":true,"href":"https:\/\/www.mrotex.com\/en\/wp-json\/wp\/v2\/media\/9075"}],"wp:attachment":[{"href":"https:\/\/www.mrotex.com\/en\/wp-json\/wp\/v2\/media?parent=6695"}],"wp:term":[{"taxonomy":"product_brand","embeddable":true,"href":"https:\/\/www.mrotex.com\/en\/wp-json\/wp\/v2\/product_brand?post=6695"},{"taxonomy":"product_cat","embeddable":true,"href":"https:\/\/www.mrotex.com\/en\/wp-json\/wp\/v2\/product_cat?post=6695"},{"taxonomy":"product_tag","embeddable":true,"href":"https:\/\/www.mrotex.com\/en\/wp-json\/wp\/v2\/product_tag?post=6695"}],"curies":[{"name":"WP","href":"https:\/\/api.w.org\/{rel}","templated":true}]}}