{"id":6698,"date":"2026-04-28T15:19:02","date_gmt":"2026-04-28T13:19:02","guid":{"rendered":"https:\/\/dev.mrotex.com\/sklep\/bez-kategorii\/waz-do-urzadzen-masazu-podcisnieniowego-do-glowicy-na-cialo-do-urzadzen-masazu-podcisnieniowego-i-prozniowego\/"},"modified":"2026-05-08T14:28:47","modified_gmt":"2026-05-08T12:28:47","slug":"waz-do-urzadzen-masazu-podcisnieniowego-do-glowicy-na-cialo-do-urzadzen-masazu-podcisnieniowego-i-prozniowego","status":"publish","type":"product","link":"https:\/\/www.mrotex.com\/en\/sklep\/akcesoria\/akcesoria-zamienne-do-cellu-m6\/waz-do-urzadzen-masazu-podcisnieniowego-do-glowicy-na-cialo-do-urzadzen-masazu-podcisnieniowego-i-prozniowego\/","title":{"rendered":"W\u0105\u017c do urz\u0105dze\u0144 masa\u017cu podci\u015bnieniowego do g\u0142owicy na cia\u0142o do urz\u0105dze\u0144 masa\u017cu podci\u015bnieniowego i pr\u00f3\u017cniowego"},"content":{"rendered":"<p>Zamiennik w\u0119\u017ca do g\u0142owicy na cia\u0142o.<\/p>\n<p>Zamiennik w\u0119\u017ca do samodzielnej naprawy do urz\u0105dze\u0144 CELLU M6<sup>\u00ae<\/sup> IP\/ST,\u00a0 CELLU M6<sup>\u00ae<\/sup> Keymodule\u2122<\/p>\n<\/p>\n<p>Mrotex P.P.H. nie jest powi\u0105zany, autoryzowany ani zatwierdzony przez LPG SYSTEMS<sup>\u00ae<\/sup>.<br \/>Znaki ENDERMOLOGIA <sup>\u00ae<\/sup>, LPG SYSTEMS <sup>\u00ae<\/sup>, LPG <sup>\u00ae<\/sup>, ENDERMOLOGIE <sup>\u00ae<\/sup>, ENDERMO <sup>\u00ae<\/sup>, CELLU M6 <sup>\u00ae<\/sup>, LIPO M6 <sup>\u00ae<\/sup>, LIFT M6 <sup>\u00ae<\/sup>, LIPOMASSAGE \u2122, LIPOMODELAGE \u2122, LIFTMASSAGE \u2122, LIFTMODELAGE \u2122, ENDERMOLIFT \u2122 i WELLBOX <sup>\u00ae<\/sup> s\u0105 znakami towarowymi zarejestrowanymi we Francji i poza jej granicami przez LPG SYSTEMS<sup>\u00ae<\/sup><\/p><\/p>","protected":false},"excerpt":{"rendered":"<p>D\u0142ugo\u015b\u0107 3 m.<\/p>\n<p>Zamiennik w\u0119\u017ca do g\u0142owicy na cia\u0142o.<\/p>","protected":false},"featured_media":9076,"comment_status":"closed","ping_status":"open","template":"","meta":{"_acf_changed":false},"product_brand":[],"product_cat":[153],"product_tag":[],"class_list":{"0":"post-6698","1":"product","2":"type-product","3":"status-publish","4":"has-post-thumbnail","6":"product_cat-akcesoria-zamienne-do-cellu-m6","8":"first","9":"instock","10":"taxable","11":"shipping-taxable","12":"purchasable","13":"product-type-simple"},"acf":[],"_links":{"self":[{"href":"https:\/\/www.mrotex.com\/en\/wp-json\/wp\/v2\/product\/6698","targetHints":{"allow":["GET"]}}],"collection":[{"href":"https:\/\/www.mrotex.com\/en\/wp-json\/wp\/v2\/product"}],"about":[{"href":"https:\/\/www.mrotex.com\/en\/wp-json\/wp\/v2\/types\/product"}],"replies":[{"embeddable":true,"href":"https:\/\/www.mrotex.com\/en\/wp-json\/wp\/v2\/comments?post=6698"}],"wp:featuredmedia":[{"embeddable":true,"href":"https:\/\/www.mrotex.com\/en\/wp-json\/wp\/v2\/media\/9076"}],"wp:attachment":[{"href":"https:\/\/www.mrotex.com\/en\/wp-json\/wp\/v2\/media?parent=6698"}],"wp:term":[{"taxonomy":"product_brand","embeddable":true,"href":"https:\/\/www.mrotex.com\/en\/wp-json\/wp\/v2\/product_brand?post=6698"},{"taxonomy":"product_cat","embeddable":true,"href":"https:\/\/www.mrotex.com\/en\/wp-json\/wp\/v2\/product_cat?post=6698"},{"taxonomy":"product_tag","embeddable":true,"href":"https:\/\/www.mrotex.com\/en\/wp-json\/wp\/v2\/product_tag?post=6698"}],"curies":[{"name":"WP","href":"https:\/\/api.w.org\/{rel}","templated":true}]}}