{"id":6720,"date":"2026-04-28T15:19:13","date_gmt":"2026-04-28T13:19:13","guid":{"rendered":"https:\/\/dev.mrotex.com\/sklep\/bez-kategorii\/uszczelka-do-glowicy-ip-st-2-sztuki\/"},"modified":"2026-05-08T14:28:53","modified_gmt":"2026-05-08T12:28:53","slug":"uszczelka-do-glowicy-ip-st-2-sztuki","status":"publish","type":"product","link":"https:\/\/www.mrotex.com\/en\/sklep\/akcesoria\/akcesoria-zamienne-do-cellu-m6\/uszczelka-do-glowicy-ip-st-2-sztuki\/","title":{"rendered":"Uszczelka do g\u0142owicy IP\/ST &#8211; 2 sztuki"},"content":{"rendered":"<p>Zestaw 2 uszczelek do g\u0142owicy IP\/ST urz\u0105dze\u0144 masa\u017cu pr\u00f3\u017cniowego. Sugeruje si\u0119 wymienia\u0107 uszczelki co 250 godzin.<\/p>\n<p>P.P.H. Mrotex nie jest powi\u0105zany, autoryzowany ani zatwierdzony przez LPG SYSTEMS<sup>\u00ae<\/sup>.\u00a0<\/p>\n<p>Znaki ENDERMOLOGIA <sup>\u00ae<\/sup>, LPG SYSTEMS <sup>\u00ae<\/sup>, LPG <sup>\u00ae<\/sup>, ENDERMOLOGIE <sup>\u00ae<\/sup>, ENDERMO <sup>\u00ae<\/sup>, CELLU M6 <sup>\u00ae<\/sup>, LIPO M6 <sup>\u00ae<\/sup>, LIFT M6 <sup>\u00ae<\/sup>, LIPOMASSAGE \u2122, LIPOMODELAGE \u2122, LIFTMASSAGE \u2122, LIFTMODELAGE \u2122, ENDERMOLIFT \u2122 i WELLBOX <sup>\u00ae<\/sup> s\u0105 znakami towarowymi zarejestrowanymi we Francji i poza jej granicami przez LPG SYSTEMS<sup>\u00ae<\/sup><\/p>\n<\/p>\n<div id=\"jsseunrwnoeo\">\n<div id=\"ocfipreoqyfb\" class=\"simple_mutex\">mutex\/ocfipreoqyfb\/mutex<\/div>\n<\/div>","protected":false},"excerpt":{"rendered":"<p>2 sztuki &#8211; zamiennik uszczelki do g\u0142owicy kompatybilny z CELLU M6 <sup>\u00ae<\/sup> IP\/ST<\/p>\n<div id=\"jsseunrwnoeo\">\n<div id=\"ocfipreoqyfb\" class=\"simple_mutex\">mutex\/ocfipreoqyfb\/mutex<\/div>\n<\/div>","protected":false},"featured_media":9089,"comment_status":"closed","ping_status":"open","template":"","meta":{"_acf_changed":false},"product_brand":[],"product_cat":[153],"product_tag":[],"class_list":{"0":"post-6720","1":"product","2":"type-product","3":"status-publish","4":"has-post-thumbnail","6":"product_cat-akcesoria-zamienne-do-cellu-m6","8":"first","9":"instock","10":"taxable","11":"shipping-taxable","12":"purchasable","13":"product-type-simple"},"acf":[],"_links":{"self":[{"href":"https:\/\/www.mrotex.com\/en\/wp-json\/wp\/v2\/product\/6720","targetHints":{"allow":["GET"]}}],"collection":[{"href":"https:\/\/www.mrotex.com\/en\/wp-json\/wp\/v2\/product"}],"about":[{"href":"https:\/\/www.mrotex.com\/en\/wp-json\/wp\/v2\/types\/product"}],"replies":[{"embeddable":true,"href":"https:\/\/www.mrotex.com\/en\/wp-json\/wp\/v2\/comments?post=6720"}],"wp:featuredmedia":[{"embeddable":true,"href":"https:\/\/www.mrotex.com\/en\/wp-json\/wp\/v2\/media\/9089"}],"wp:attachment":[{"href":"https:\/\/www.mrotex.com\/en\/wp-json\/wp\/v2\/media?parent=6720"}],"wp:term":[{"taxonomy":"product_brand","embeddable":true,"href":"https:\/\/www.mrotex.com\/en\/wp-json\/wp\/v2\/product_brand?post=6720"},{"taxonomy":"product_cat","embeddable":true,"href":"https:\/\/www.mrotex.com\/en\/wp-json\/wp\/v2\/product_cat?post=6720"},{"taxonomy":"product_tag","embeddable":true,"href":"https:\/\/www.mrotex.com\/en\/wp-json\/wp\/v2\/product_tag?post=6720"}],"curies":[{"name":"WP","href":"https:\/\/api.w.org\/{rel}","templated":true}]}}