{"id":6752,"date":"2026-04-28T15:19:32","date_gmt":"2026-04-28T13:19:32","guid":{"rendered":"https:\/\/dev.mrotex.com\/sklep\/bez-kategorii\/fotel-fryzjerski-emperor\/"},"modified":"2026-05-08T14:28:54","modified_gmt":"2026-05-08T12:28:54","slug":"fotel-fryzjerski-emperor","status":"publish","type":"product","link":"https:\/\/www.mrotex.com\/en\/sklep\/meble-fryzjerskie-i-kosmetyczne\/fotel-fryzjerski-emperor\/","title":{"rendered":"Emperor Barber Chair"},"content":{"rendered":"<ul>\n<li>dost\u0119pny w pe\u0142nej gamie kolorystycznej REM<\/li>\n<li>bia\u0142a lam\u00f3wka dodaj\u0105ca charakteru Vintage<\/li>\n<li>wytrzyma\u0142a podstawa oraz pompa hydrauliczna<\/li>\n<li>regulowany zag\u0142\u00f3wek<\/li>\n<li>regulowane podparcie plec\u00f3w oraz podn\u00f3\u017cek<\/li>\n<li>dodatkowa opcja personalizacji fotela &#8211; logo<\/li>\n<\/ul>\n<p>Wymiary:<\/p>\n<ul>\n<li>szeroko\u015b\u0107 66 cm<\/li>\n<li>wysoko\u015b\u0107 63-76 cm<\/li>\n<li>g\u0142\u0119boko\u015b\u0107 130 cm<\/li>\n<\/ul>","protected":false},"excerpt":{"rendered":"<p style=\"text-align:left;\">Flagowy fotel barberski brytyjskiej firmy REM, Emperor dost\u0119pny w wielu kolorach, <br \/>wpisze si\u0119 w wystr\u00f3j ka\u017cdego salonu typu Barber Shop. Dodatkowa opcja personalizacji fotela, dzi\u0119ki naszyciu logo salonu, stworzy niepowtarzalny design. <br \/>Regulowany zag\u0142\u00f3wek oraz podn\u00f3\u017cek zapewni\u0105 komfort podczas wykonywanych zabieg\u00f3w.\u00a0Gumowa obr\u0119cz u podn\u00f3\u017ca zabezpieczy posadzk\u0119 przed uszkodzeniami.<\/p>","protected":false},"featured_media":9105,"comment_status":"closed","ping_status":"open","template":"","meta":{"_acf_changed":false},"product_brand":[],"product_cat":[100],"product_tag":[],"class_list":{"0":"post-6752","1":"product","2":"type-product","3":"status-publish","4":"has-post-thumbnail","6":"product_cat-meble-fryzjerskie-i-kosmetyczne","8":"first","9":"instock","10":"taxable","11":"shipping-taxable","12":"purchasable","13":"product-type-simple"},"acf":[],"_links":{"self":[{"href":"https:\/\/www.mrotex.com\/en\/wp-json\/wp\/v2\/product\/6752","targetHints":{"allow":["GET"]}}],"collection":[{"href":"https:\/\/www.mrotex.com\/en\/wp-json\/wp\/v2\/product"}],"about":[{"href":"https:\/\/www.mrotex.com\/en\/wp-json\/wp\/v2\/types\/product"}],"replies":[{"embeddable":true,"href":"https:\/\/www.mrotex.com\/en\/wp-json\/wp\/v2\/comments?post=6752"}],"wp:featuredmedia":[{"embeddable":true,"href":"https:\/\/www.mrotex.com\/en\/wp-json\/wp\/v2\/media\/9105"}],"wp:attachment":[{"href":"https:\/\/www.mrotex.com\/en\/wp-json\/wp\/v2\/media?parent=6752"}],"wp:term":[{"taxonomy":"product_brand","embeddable":true,"href":"https:\/\/www.mrotex.com\/en\/wp-json\/wp\/v2\/product_brand?post=6752"},{"taxonomy":"product_cat","embeddable":true,"href":"https:\/\/www.mrotex.com\/en\/wp-json\/wp\/v2\/product_cat?post=6752"},{"taxonomy":"product_tag","embeddable":true,"href":"https:\/\/www.mrotex.com\/en\/wp-json\/wp\/v2\/product_tag?post=6752"}],"curies":[{"name":"WP","href":"https:\/\/api.w.org\/{rel}","templated":true}]}}