{"id":6976,"date":"2026-04-28T15:44:23","date_gmt":"2026-04-28T13:44:23","guid":{"rendered":"https:\/\/dev.mrotex.com\/sklep\/bez-kategorii\/lozko-fotel-excel-3\/"},"modified":"2026-05-08T14:29:09","modified_gmt":"2026-05-08T12:29:09","slug":"lozko-fotel-excel-3","status":"publish","type":"product","link":"https:\/\/www.mrotex.com\/en\/sklep\/meble-fryzjerskie-i-kosmetyczne\/lozko-fotel-excel-3\/","title":{"rendered":"Bed\/Chair Excel 3"},"content":{"rendered":"<p>\u0141\u00f3\u017cko zabiegowe Excel 3 sk\u0142ada si\u0119 z 3 cz\u0119\u015bci z\u00a0 regulowanymi elektrycznie oparciem i podn\u00f3\u017ckiem.<\/p>\n<table style=\"width:565px;height:41px;\" cellspacing=\"0\" border=\"0\">\n<thead>\n<tr>\n<th>\u00a0<\/th>\n<th id=\"team\">szeroko\u015b\u0107<\/th>\n<th>wysoko\u015b\u0107<\/th>\n<th>d\u0142ugo\u015b\u0107<\/th>\n<\/tr>\n<\/thead>\n<tbody>\n<tr>\n<td style=\"text-transform:uppercase;\">\u00a0Excel 3<\/td>\n<td>85cm<\/td>\n<td>66-88cm<\/td>\n<td class=\"last\">188cm<\/td>\n<\/tr>\n<\/tbody>\n<\/table>","protected":false},"excerpt":{"rendered":"<p>Excel 3 jest dost\u0119pny w kolorze bia\u0142ym z szarymi wyko\u0144czeniami<\/p>","protected":false},"featured_media":9261,"comment_status":"closed","ping_status":"open","template":"","meta":{"_acf_changed":false},"product_brand":[],"product_cat":[100],"product_tag":[],"class_list":{"0":"post-6976","1":"product","2":"type-product","3":"status-publish","4":"has-post-thumbnail","6":"product_cat-meble-fryzjerskie-i-kosmetyczne","8":"first","9":"instock","10":"taxable","11":"shipping-taxable","12":"purchasable","13":"product-type-simple"},"acf":[],"_links":{"self":[{"href":"https:\/\/www.mrotex.com\/en\/wp-json\/wp\/v2\/product\/6976","targetHints":{"allow":["GET"]}}],"collection":[{"href":"https:\/\/www.mrotex.com\/en\/wp-json\/wp\/v2\/product"}],"about":[{"href":"https:\/\/www.mrotex.com\/en\/wp-json\/wp\/v2\/types\/product"}],"replies":[{"embeddable":true,"href":"https:\/\/www.mrotex.com\/en\/wp-json\/wp\/v2\/comments?post=6976"}],"wp:featuredmedia":[{"embeddable":true,"href":"https:\/\/www.mrotex.com\/en\/wp-json\/wp\/v2\/media\/9261"}],"wp:attachment":[{"href":"https:\/\/www.mrotex.com\/en\/wp-json\/wp\/v2\/media?parent=6976"}],"wp:term":[{"taxonomy":"product_brand","embeddable":true,"href":"https:\/\/www.mrotex.com\/en\/wp-json\/wp\/v2\/product_brand?post=6976"},{"taxonomy":"product_cat","embeddable":true,"href":"https:\/\/www.mrotex.com\/en\/wp-json\/wp\/v2\/product_cat?post=6976"},{"taxonomy":"product_tag","embeddable":true,"href":"https:\/\/www.mrotex.com\/en\/wp-json\/wp\/v2\/product_tag?post=6976"}],"curies":[{"name":"WP","href":"https:\/\/api.w.org\/{rel}","templated":true}]}}