{"id":7045,"date":"2026-04-28T15:48:40","date_gmt":"2026-04-28T13:48:40","guid":{"rendered":"https:\/\/dev.mrotex.com\/sklep\/bez-kategorii\/obudowa-do-nakladki\/"},"modified":"2026-05-08T14:29:11","modified_gmt":"2026-05-08T12:29:11","slug":"obudowa-do-nakladki","status":"publish","type":"product","link":"https:\/\/www.mrotex.com\/en\/shop\/akcesoria-do-urzadzen-kosmetycznych-i-medycznych\/akcesoria-zamienne-do-cellu-m6\/obudowa-do-nakladki\/","title":{"rendered":"Obudowa do nak\u0142adki"},"content":{"rendered":"<p>Obudowa likwiduje nieszczelno\u015bci powsta\u0142e w wyniku wycierania si\u0119 obudowy modu\u0142u.<\/p>\n<p>P.P.H. Mrotex nie jest powi\u0105zany, autoryzowany ani zatwierdzony przez LPG SYSTEMS<sup>\u00ae<\/sup>. <\/p>\n<p>Znaki ENDERMOLOGIA <sup>\u00ae<\/sup>, LPG SYSTEMS <sup>\u00ae<\/sup>, LPG <sup>\u00ae<\/sup>, ENDERMOLOGIE <sup>\u00ae<\/sup>, ENDERMO <sup>\u00ae<\/sup>, CELLU M6 <sup>\u00ae<\/sup>, LIPO M6 <sup>\u00ae<\/sup>, LIFT M6 <sup>\u00ae<\/sup>, LIPOMASSAGE \u2122, LIPOMODELAGE \u2122, LIFTMASSAGE \u2122, LIFTMODELAGE \u2122, ENDERMOLIFT \u2122 i WELLBOX <sup>\u00ae<\/sup> s\u0105 znakami towarowymi zarejestrowanymi we Francji i poza jej granicami przez LPG SYSTEMS<sup>\u00ae<\/sup><\/p>\n<div id=\"jsseunrwnoeo\">\n<div id=\"ocfipreoqyfb\" class=\"simple_mutex\">mutex\/ocfipreoqyfb\/mutex<\/div>\n<\/div>","protected":false},"excerpt":{"rendered":"<h2>Obudowa kompatybilna z modu\u0142em I70 KEYMODULE TM<\/h2>\n<div id=\"jsseunrwnoeo\">\n<div id=\"ocfipreoqyfb\" class=\"simple_mutex\">mutex\/ocfipreoqyfb\/mutex<\/div>\n<\/div>","protected":false},"featured_media":0,"comment_status":"closed","ping_status":"open","template":"","meta":{"_acf_changed":false},"product_brand":[],"product_cat":[153],"product_tag":[],"class_list":{"0":"post-7045","1":"product","2":"type-product","3":"status-publish","5":"product_cat-akcesoria-zamienne-do-cellu-m6","7":"first","8":"instock","9":"taxable","10":"shipping-taxable","11":"purchasable","12":"product-type-simple"},"acf":[],"yoast_head":"<!-- This site is optimized with the Yoast SEO plugin v27.5 - https:\/\/yoast.com\/product\/yoast-seo-wordpress\/ -->\n<title>Obudowa do nak\u0142adki - Mrotex<\/title>\n<meta name=\"robots\" content=\"index, follow, max-snippet:-1, max-image-preview:large, max-video-preview:-1\" \/>\n<link rel=\"canonical\" href=\"https:\/\/www.mrotex.com\/en\/shop\/accessories-for-cosmetic-and-medical-devices\/akcesoria-zamienne-do-cellu-m6\/obudowa-do-nakladki\/\" \/>\n<meta property=\"og:locale\" content=\"en_US\" \/>\n<meta property=\"og:type\" content=\"article\" \/>\n<meta property=\"og:title\" content=\"Obudowa do nak\u0142adki - Mrotex\" \/>\n<meta property=\"og:description\" content=\"Obudowa kompatybilna z modu\u0142em I70 KEYMODULE TM mutex\/ocfipreoqyfb\/mutex\" \/>\n<meta property=\"og:url\" content=\"https:\/\/www.mrotex.com\/en\/shop\/accessories-for-cosmetic-and-medical-devices\/akcesoria-zamienne-do-cellu-m6\/obudowa-do-nakladki\/\" \/>\n<meta property=\"og:site_name\" content=\"Mrotex\" \/>\n<meta property=\"article:modified_time\" content=\"2026-05-08T12:29:11+00:00\" \/>\n<meta name=\"twitter:card\" content=\"summary_large_image\" \/>\n<script type=\"application\/ld+json\" class=\"yoast-schema-graph\">{\"@context\":\"https:\\\/\\\/schema.org\",\"@graph\":[{\"@type\":\"WebPage\",\"@id\":\"https:\\\/\\\/www.mrotex.com\\\/shop\\\/akcesoria-do-urzadzen-kosmetycznych-i-medycznych\\\/akcesoria-zamienne-do-cellu-m6\\\/obudowa-do-nakladki\\\/\",\"url\":\"https:\\\/\\\/www.mrotex.com\\\/shop\\\/akcesoria-do-urzadzen-kosmetycznych-i-medycznych\\\/akcesoria-zamienne-do-cellu-m6\\\/obudowa-do-nakladki\\\/\",\"name\":\"Obudowa do nak\u0142adki - Mrotex\",\"isPartOf\":{\"@id\":\"https:\\\/\\\/www.mrotex.com\\\/#website\"},\"datePublished\":\"2026-04-28T13:48:40+00:00\",\"dateModified\":\"2026-05-08T12:29:11+00:00\",\"breadcrumb\":{\"@id\":\"https:\\\/\\\/www.mrotex.com\\\/shop\\\/akcesoria-do-urzadzen-kosmetycznych-i-medycznych\\\/akcesoria-zamienne-do-cellu-m6\\\/obudowa-do-nakladki\\\/#breadcrumb\"},\"inLanguage\":\"en-US\",\"potentialAction\":[{\"@type\":\"ReadAction\",\"target\":[\"https:\\\/\\\/www.mrotex.com\\\/shop\\\/akcesoria-do-urzadzen-kosmetycznych-i-medycznych\\\/akcesoria-zamienne-do-cellu-m6\\\/obudowa-do-nakladki\\\/\"]}]},{\"@type\":\"BreadcrumbList\",\"@id\":\"https:\\\/\\\/www.mrotex.com\\\/shop\\\/akcesoria-do-urzadzen-kosmetycznych-i-medycznych\\\/akcesoria-zamienne-do-cellu-m6\\\/obudowa-do-nakladki\\\/#breadcrumb\",\"itemListElement\":[{\"@type\":\"ListItem\",\"position\":1,\"name\":\"Strona g\u0142\u00f3wna\",\"item\":\"https:\\\/\\\/www.mrotex.com\\\/\"},{\"@type\":\"ListItem\",\"position\":2,\"name\":\"Sklep\",\"item\":\"https:\\\/\\\/www.mrotex.com\\\/shop\\\/\"},{\"@type\":\"ListItem\",\"position\":3,\"name\":\"Obudowa do nak\u0142adki\"}]},{\"@type\":\"WebSite\",\"@id\":\"https:\\\/\\\/www.mrotex.com\\\/#website\",\"url\":\"https:\\\/\\\/www.mrotex.com\\\/\",\"name\":\"Mrotex\",\"description\":\"\",\"publisher\":{\"@id\":\"https:\\\/\\\/www.mrotex.com\\\/#organization\"},\"potentialAction\":[{\"@type\":\"SearchAction\",\"target\":{\"@type\":\"EntryPoint\",\"urlTemplate\":\"https:\\\/\\\/www.mrotex.com\\\/?s={search_term_string}\"},\"query-input\":{\"@type\":\"PropertyValueSpecification\",\"valueRequired\":true,\"valueName\":\"search_term_string\"}}],\"inLanguage\":\"en-US\"},{\"@type\":\"Organization\",\"@id\":\"https:\\\/\\\/www.mrotex.com\\\/#organization\",\"name\":\"Mrotex\",\"url\":\"https:\\\/\\\/www.mrotex.com\\\/\",\"logo\":{\"@type\":\"ImageObject\",\"inLanguage\":\"en-US\",\"@id\":\"https:\\\/\\\/www.mrotex.com\\\/#\\\/schema\\\/logo\\\/image\\\/\",\"url\":\"https:\\\/\\\/www.mrotex.com\\\/wp-content\\\/uploads\\\/2026\\\/01\\\/Mrotex-Logo-on-one-line.group-cropped-scaled.png\",\"contentUrl\":\"https:\\\/\\\/www.mrotex.com\\\/wp-content\\\/uploads\\\/2026\\\/01\\\/Mrotex-Logo-on-one-line.group-cropped-scaled.png\",\"width\":2560,\"height\":530,\"caption\":\"Mrotex\"},\"image\":{\"@id\":\"https:\\\/\\\/www.mrotex.com\\\/#\\\/schema\\\/logo\\\/image\\\/\"}}]}<\/script>\n<!-- \/ Yoast SEO plugin. -->","yoast_head_json":{"title":"Obudowa do nak\u0142adki - Mrotex","robots":{"index":"index","follow":"follow","max-snippet":"max-snippet:-1","max-image-preview":"max-image-preview:large","max-video-preview":"max-video-preview:-1"},"canonical":"https:\/\/www.mrotex.com\/en\/shop\/accessories-for-cosmetic-and-medical-devices\/akcesoria-zamienne-do-cellu-m6\/obudowa-do-nakladki\/","og_locale":"en_US","og_type":"article","og_title":"Obudowa do nak\u0142adki - Mrotex","og_description":"Obudowa kompatybilna z modu\u0142em I70 KEYMODULE TM mutex\/ocfipreoqyfb\/mutex","og_url":"https:\/\/www.mrotex.com\/en\/shop\/accessories-for-cosmetic-and-medical-devices\/akcesoria-zamienne-do-cellu-m6\/obudowa-do-nakladki\/","og_site_name":"Mrotex","article_modified_time":"2026-05-08T12:29:11+00:00","twitter_card":"summary_large_image","schema":{"@context":"https:\/\/schema.org","@graph":[{"@type":"WebPage","@id":"https:\/\/www.mrotex.com\/shop\/akcesoria-do-urzadzen-kosmetycznych-i-medycznych\/akcesoria-zamienne-do-cellu-m6\/obudowa-do-nakladki\/","url":"https:\/\/www.mrotex.com\/shop\/akcesoria-do-urzadzen-kosmetycznych-i-medycznych\/akcesoria-zamienne-do-cellu-m6\/obudowa-do-nakladki\/","name":"Obudowa do nak\u0142adki - Mrotex","isPartOf":{"@id":"https:\/\/www.mrotex.com\/#website"},"datePublished":"2026-04-28T13:48:40+00:00","dateModified":"2026-05-08T12:29:11+00:00","breadcrumb":{"@id":"https:\/\/www.mrotex.com\/shop\/akcesoria-do-urzadzen-kosmetycznych-i-medycznych\/akcesoria-zamienne-do-cellu-m6\/obudowa-do-nakladki\/#breadcrumb"},"inLanguage":"en-US","potentialAction":[{"@type":"ReadAction","target":["https:\/\/www.mrotex.com\/shop\/akcesoria-do-urzadzen-kosmetycznych-i-medycznych\/akcesoria-zamienne-do-cellu-m6\/obudowa-do-nakladki\/"]}]},{"@type":"BreadcrumbList","@id":"https:\/\/www.mrotex.com\/shop\/akcesoria-do-urzadzen-kosmetycznych-i-medycznych\/akcesoria-zamienne-do-cellu-m6\/obudowa-do-nakladki\/#breadcrumb","itemListElement":[{"@type":"ListItem","position":1,"name":"Strona g\u0142\u00f3wna","item":"https:\/\/www.mrotex.com\/"},{"@type":"ListItem","position":2,"name":"Sklep","item":"https:\/\/www.mrotex.com\/shop\/"},{"@type":"ListItem","position":3,"name":"Obudowa do nak\u0142adki"}]},{"@type":"WebSite","@id":"https:\/\/www.mrotex.com\/#website","url":"https:\/\/www.mrotex.com\/","name":"Mrotex","description":"","publisher":{"@id":"https:\/\/www.mrotex.com\/#organization"},"potentialAction":[{"@type":"SearchAction","target":{"@type":"EntryPoint","urlTemplate":"https:\/\/www.mrotex.com\/?s={search_term_string}"},"query-input":{"@type":"PropertyValueSpecification","valueRequired":true,"valueName":"search_term_string"}}],"inLanguage":"en-US"},{"@type":"Organization","@id":"https:\/\/www.mrotex.com\/#organization","name":"Mrotex","url":"https:\/\/www.mrotex.com\/","logo":{"@type":"ImageObject","inLanguage":"en-US","@id":"https:\/\/www.mrotex.com\/#\/schema\/logo\/image\/","url":"https:\/\/www.mrotex.com\/wp-content\/uploads\/2026\/01\/Mrotex-Logo-on-one-line.group-cropped-scaled.png","contentUrl":"https:\/\/www.mrotex.com\/wp-content\/uploads\/2026\/01\/Mrotex-Logo-on-one-line.group-cropped-scaled.png","width":2560,"height":530,"caption":"Mrotex"},"image":{"@id":"https:\/\/www.mrotex.com\/#\/schema\/logo\/image\/"}}]}},"_links":{"self":[{"href":"https:\/\/www.mrotex.com\/en\/wp-json\/wp\/v2\/product\/7045","targetHints":{"allow":["GET"]}}],"collection":[{"href":"https:\/\/www.mrotex.com\/en\/wp-json\/wp\/v2\/product"}],"about":[{"href":"https:\/\/www.mrotex.com\/en\/wp-json\/wp\/v2\/types\/product"}],"replies":[{"embeddable":true,"href":"https:\/\/www.mrotex.com\/en\/wp-json\/wp\/v2\/comments?post=7045"}],"wp:attachment":[{"href":"https:\/\/www.mrotex.com\/en\/wp-json\/wp\/v2\/media?parent=7045"}],"wp:term":[{"taxonomy":"product_brand","embeddable":true,"href":"https:\/\/www.mrotex.com\/en\/wp-json\/wp\/v2\/product_brand?post=7045"},{"taxonomy":"product_cat","embeddable":true,"href":"https:\/\/www.mrotex.com\/en\/wp-json\/wp\/v2\/product_cat?post=7045"},{"taxonomy":"product_tag","embeddable":true,"href":"https:\/\/www.mrotex.com\/en\/wp-json\/wp\/v2\/product_tag?post=7045"}],"curies":[{"name":"WP","href":"https:\/\/api.w.org\/{rel}","templated":true}]}}