{"id":7157,"date":"2026-04-28T15:54:07","date_gmt":"2026-04-28T13:54:07","guid":{"rendered":"https:\/\/dev.mrotex.com\/sklep\/bez-kategorii\/kapsula-spa-kosmetyczna-thalaxoterm\/"},"modified":"2026-05-08T14:29:23","modified_gmt":"2026-05-08T12:29:23","slug":"kapsula-spa-kosmetyczna-thalaxoterm","status":"publish","type":"product","link":"https:\/\/www.mrotex.com\/en\/sklep\/sprzet-uzywany\/kapsula-spa-kosmetyczna-thalaxoterm\/","title":{"rendered":"Kapsu\u0142a Spa Kosmetyczna Thalaxoterm"},"content":{"rendered":"<p>Kapsu\u0142a u\u017cywana 4 lata w gabinecie kosmetycznym, sterownik zosta\u0142 wymieniony na nowy rok temu, nie jest oryginalny. Reszta jest oryginalna. Kapsu\u0142a dzia\u0142a. Do ma\u0142ej renowacji drewna i hydrauliki, niski koszt. Wi\u0119cej zdj\u0119\u0107 wy\u015bl\u0119 osobom zainteresowanym, zapraszam do obejrzenia &#8211; okolice Wroc\u0142awia.<\/p>\n<p>Cena 9000 netto + VAT.<\/p>\n<p><a href=\"mailto:alicja_kaczorowska@wp.pl\">alicja_kaczorowska@wp.pl<\/a><\/p>\n<p>Alicja Kaczorowska<\/p>\n<p>+48 792-272-297<\/p>","protected":false},"excerpt":{"rendered":"<p>Mam do sprzedania kapsu\u0142\u0119 Thalaxoterm<\/p>\n<p>Cena nowej 100.000 PLN<\/p>\n<p>Cenna netto, faktura VAT<\/p>","protected":false},"featured_media":9372,"comment_status":"closed","ping_status":"open","template":"","meta":{"_acf_changed":false},"product_brand":[],"product_cat":[106],"product_tag":[],"class_list":{"0":"post-7157","1":"product","2":"type-product","3":"status-publish","4":"has-post-thumbnail","6":"product_cat-sprzet-uzywany","8":"first","9":"instock","10":"taxable","11":"shipping-taxable","12":"purchasable","13":"product-type-simple"},"acf":[],"_links":{"self":[{"href":"https:\/\/www.mrotex.com\/en\/wp-json\/wp\/v2\/product\/7157","targetHints":{"allow":["GET"]}}],"collection":[{"href":"https:\/\/www.mrotex.com\/en\/wp-json\/wp\/v2\/product"}],"about":[{"href":"https:\/\/www.mrotex.com\/en\/wp-json\/wp\/v2\/types\/product"}],"replies":[{"embeddable":true,"href":"https:\/\/www.mrotex.com\/en\/wp-json\/wp\/v2\/comments?post=7157"}],"wp:featuredmedia":[{"embeddable":true,"href":"https:\/\/www.mrotex.com\/en\/wp-json\/wp\/v2\/media\/9372"}],"wp:attachment":[{"href":"https:\/\/www.mrotex.com\/en\/wp-json\/wp\/v2\/media?parent=7157"}],"wp:term":[{"taxonomy":"product_brand","embeddable":true,"href":"https:\/\/www.mrotex.com\/en\/wp-json\/wp\/v2\/product_brand?post=7157"},{"taxonomy":"product_cat","embeddable":true,"href":"https:\/\/www.mrotex.com\/en\/wp-json\/wp\/v2\/product_cat?post=7157"},{"taxonomy":"product_tag","embeddable":true,"href":"https:\/\/www.mrotex.com\/en\/wp-json\/wp\/v2\/product_tag?post=7157"}],"curies":[{"name":"WP","href":"https:\/\/api.w.org\/{rel}","templated":true}]}}