{"id":7174,"date":"2026-04-28T15:54:42","date_gmt":"2026-04-28T13:54:42","guid":{"rendered":"https:\/\/dev.mrotex.com\/sklep\/bez-kategorii\/kosmetyczka-na-kostium-do-masazu-podcisnieniowego-i-prozniowego\/"},"modified":"2026-05-08T14:29:24","modified_gmt":"2026-05-08T12:29:24","slug":"kosmetyczka-na-kostium-do-masazu-podcisnieniowego-i-prozniowego","status":"publish","type":"product","link":"https:\/\/www.mrotex.com\/en\/sklep\/akcesoria\/kosmetyczka-na-kostium-do-masazu-podcisnieniowego-i-prozniowego\/","title":{"rendered":"Cosmetic bag for vacuum and suction massage suit"},"content":{"rendered":"<p>Kosmetyczka wykonana jest z ekologicznej sk\u00f3rki, materia\u0142 jest sztywny i mi\u0142y w dotyku, zapinana jest na zamek b\u0142yskawiczny.<\/p>\n<p>Dzi\u0119ki niej\u00a0kostium przechowywany w ten spos\u00f3b nie ulegnie zabrudzeniom czy uszkodzeniom.<\/p>\n<p><strong>Dimensions: 22 x 18 x 7 cm<\/strong><\/p>","protected":false},"excerpt":{"rendered":"<p>Convenient cosmetic bag for a costume.<\/p>\n<p>Color and model visible in the photos.<\/p>","protected":false},"featured_media":9383,"comment_status":"closed","ping_status":"open","template":"","meta":{"_acf_changed":false},"product_brand":[],"product_cat":[52,50],"product_tag":[],"class_list":{"0":"post-7174","1":"product","2":"type-product","3":"status-publish","4":"has-post-thumbnail","6":"product_cat-akcesoria","7":"product_cat-bodysuit","9":"first","10":"instock","11":"taxable","12":"shipping-taxable","13":"purchasable","14":"product-type-simple"},"acf":[],"_links":{"self":[{"href":"https:\/\/www.mrotex.com\/en\/wp-json\/wp\/v2\/product\/7174","targetHints":{"allow":["GET"]}}],"collection":[{"href":"https:\/\/www.mrotex.com\/en\/wp-json\/wp\/v2\/product"}],"about":[{"href":"https:\/\/www.mrotex.com\/en\/wp-json\/wp\/v2\/types\/product"}],"replies":[{"embeddable":true,"href":"https:\/\/www.mrotex.com\/en\/wp-json\/wp\/v2\/comments?post=7174"}],"wp:featuredmedia":[{"embeddable":true,"href":"https:\/\/www.mrotex.com\/en\/wp-json\/wp\/v2\/media\/9383"}],"wp:attachment":[{"href":"https:\/\/www.mrotex.com\/en\/wp-json\/wp\/v2\/media?parent=7174"}],"wp:term":[{"taxonomy":"product_brand","embeddable":true,"href":"https:\/\/www.mrotex.com\/en\/wp-json\/wp\/v2\/product_brand?post=7174"},{"taxonomy":"product_cat","embeddable":true,"href":"https:\/\/www.mrotex.com\/en\/wp-json\/wp\/v2\/product_cat?post=7174"},{"taxonomy":"product_tag","embeddable":true,"href":"https:\/\/www.mrotex.com\/en\/wp-json\/wp\/v2\/product_tag?post=7174"}],"curies":[{"name":"WP","href":"https:\/\/api.w.org\/{rel}","templated":true}]}}