{"id":7179,"date":"2026-04-28T15:54:46","date_gmt":"2026-04-28T13:54:46","guid":{"rendered":"https:\/\/dev.mrotex.com\/sklep\/bez-kategorii\/zeltiq-allergan-coolsculpting-coolsculpt-4-applicators\/"},"modified":"2026-05-08T14:29:24","modified_gmt":"2026-05-08T12:29:24","slug":"zeltiq-allergan-coolsculpting-coolsculpt-4-applicators","status":"publish","type":"product","link":"https:\/\/www.mrotex.com\/en\/sklep\/sprzet-uzywany\/zeltiq-allergan-coolsculpting-coolsculpt-4-applicators\/","title":{"rendered":"ZELTIQ Allergan CoolSculpting CoolSculpt 4 Applicators"},"content":{"rendered":"<p>Kontakt:<\/p>\n<p>+48 792.272.297 Alicja<br \/>alicja_kaczorowska@wp.pl<\/p>\n<p>Body Contour CoolSculpt w \/ 4 aplikatory r\u0119czne<\/p>\n<p>\u00a0<\/p>\n<p>UPM201014600 1<\/p>\n<p>BAM201014600 1<\/p>\n<p>REF BRZ-CG1-UBM-000<\/p>\n<p>BRZ-CG1-BAM-220<\/p>\n<p>\u00a0<\/p>\n<p>&#8211; CoolMax<\/p>\n<p>&#8211; CoolCurve +<\/p>\n<p>&#8211; CoolCore<\/p>\n<p>&#8211; CoolFit<\/p>\n<p>\u00a0<\/p>\n<p>CoolMax<\/p>\n<p>REF BRZ-AP1-080-000\u00a0<\/p>\n<p>V80201319 6001<\/p>\n<p>\u00a0<\/p>\n<p>CoolCurve +<\/p>\n<p>eZ App 6.3<\/p>\n<p>REF BRZ-AP1-063-000\u00a0<\/p>\n<p>V63201015 2002<\/p>\n<p>\u00a0<\/p>\n<p>CoolCore<\/p>\n<p>Aplikacja eZ 6.2<\/p>\n<p>REF BRZ-AP1-062-000\u00a0<\/p>\n<p>V62201015 6003<\/p>\n<p>\u00a0<\/p>\n<p>CoolFit<\/p>\n<p>REF BRZ-AP1-066-000\u00a0<\/p>\n<p>V66201320 0001<\/p><\/p>","protected":false},"excerpt":{"rendered":"<p>\u00a0Na sprzeda\u017c ZELTIQ CoolSculpting, 2012 . Urz\u0105dzenie dzia\u0142a w \u015bwietnej kondycji, u\u017cywane tylko 25 razy.\u00a0<\/p>","protected":false},"featured_media":9386,"comment_status":"closed","ping_status":"open","template":"","meta":{"_acf_changed":false},"product_brand":[],"product_cat":[106],"product_tag":[],"class_list":{"0":"post-7179","1":"product","2":"type-product","3":"status-publish","4":"has-post-thumbnail","6":"product_cat-sprzet-uzywany","8":"first","9":"instock","10":"taxable","11":"shipping-taxable","12":"purchasable","13":"product-type-simple"},"acf":[],"_links":{"self":[{"href":"https:\/\/www.mrotex.com\/en\/wp-json\/wp\/v2\/product\/7179","targetHints":{"allow":["GET"]}}],"collection":[{"href":"https:\/\/www.mrotex.com\/en\/wp-json\/wp\/v2\/product"}],"about":[{"href":"https:\/\/www.mrotex.com\/en\/wp-json\/wp\/v2\/types\/product"}],"replies":[{"embeddable":true,"href":"https:\/\/www.mrotex.com\/en\/wp-json\/wp\/v2\/comments?post=7179"}],"wp:featuredmedia":[{"embeddable":true,"href":"https:\/\/www.mrotex.com\/en\/wp-json\/wp\/v2\/media\/9386"}],"wp:attachment":[{"href":"https:\/\/www.mrotex.com\/en\/wp-json\/wp\/v2\/media?parent=7179"}],"wp:term":[{"taxonomy":"product_brand","embeddable":true,"href":"https:\/\/www.mrotex.com\/en\/wp-json\/wp\/v2\/product_brand?post=7179"},{"taxonomy":"product_cat","embeddable":true,"href":"https:\/\/www.mrotex.com\/en\/wp-json\/wp\/v2\/product_cat?post=7179"},{"taxonomy":"product_tag","embeddable":true,"href":"https:\/\/www.mrotex.com\/en\/wp-json\/wp\/v2\/product_tag?post=7179"}],"curies":[{"name":"WP","href":"https:\/\/api.w.org\/{rel}","templated":true}]}}