{"id":7186,"date":"2026-04-28T15:54:54","date_gmt":"2026-04-28T13:54:54","guid":{"rendered":"https:\/\/dev.mrotex.com\/sklep\/bez-kategorii\/sprawny-kombajn-kosmetyczny-niemieckiej-firmy-ionto-comed\/"},"modified":"2026-05-08T14:29:24","modified_gmt":"2026-05-08T12:29:24","slug":"sprawny-kombajn-kosmetyczny-niemieckiej-firmy-ionto-comed","status":"publish","type":"product","link":"https:\/\/www.mrotex.com\/en\/sklep\/sprzet-uzywany\/sprawny-kombajn-kosmetyczny-niemieckiej-firmy-ionto-comed\/","title":{"rendered":"Sprawny kombajn kosmetyczny niemieckiej firmy Ionto Comed"},"content":{"rendered":"<p>Kontakt:<br \/>tel. 668 157 334<br \/>mjackowiak@gazeta.pl<\/p>\n<p>Sprawny kombajn kosmetyczny niemieckiej firmy Ionto Comed.<\/p>\n<p>Urz\u0105dzenie wyposa\u017cone jest w:<br \/>&#8211; Lamp\u0119 z lup\u0105,bia\u0142e i \u017c\u00f3\u0142te \u015bwiat\u0142o,<br \/>&#8211; wapozon z mo\u017cliwo\u015bci\u0105 aromaterapii,<br \/>&#8211; funkcj\u0119 Ionto Peel ( oczyszczanie),<br \/>&#8211; Ionto Vac Spray (masa\u017c pr\u00f3\u017cniowy),<br \/>&#8211; Ionto Skin Regulator (masa\u017c pr\u00f3\u017cniowy)- bez elektrod,<br \/>&#8211; Ionto Ice\/Heat (g\u0142owica zimno\/ciep\u0142o),<br \/>&#8211; Ionto HF (darsonwalizacja)-bez peloty<br \/>&#8211; Ionto Galwano.<\/p>\n<p>\u00a0<\/p>\n<p>cena:2000 z\u0142<\/p>","protected":false},"excerpt":{"rendered":"<p>Kontakt:tel. 668 157 334mjackowiak@gazeta.pl Sprawny kombajn kosmetyczny niemieckiej firmy Ionto Comed. Urz\u0105dzenie wyposa\u017cone jest w:&#8211; Lamp\u0119 z lup\u0105,bia\u0142e i \u017c\u00f3\u0142te \u015bwiat\u0142o,&#8211; wapozon z mo\u017cliwo\u015bci\u0105 aromaterapii,&#8211; funkcj\u0119 Ionto Peel ( oczyszczanie),&#8211; Ionto Vac Spray (masa\u017c pr\u00f3\u017cniowy),&#8211; Ionto Skin Regulator (masa\u017c pr\u00f3\u017cniowy)- bez elektrod,&#8211; Ionto Ice\/Heat (g\u0142owica zimno\/ciep\u0142o),&#8211; Ionto HF (darsonwalizacja)-bez peloty&#8211; Ionto Galwano. \u00a0 cena:2000 z\u0142<\/p>","protected":false},"featured_media":9391,"comment_status":"closed","ping_status":"open","template":"","meta":{"_acf_changed":false},"product_brand":[],"product_cat":[106],"product_tag":[],"class_list":{"0":"post-7186","1":"product","2":"type-product","3":"status-publish","4":"has-post-thumbnail","6":"product_cat-sprzet-uzywany","8":"first","9":"instock","10":"taxable","11":"shipping-taxable","12":"purchasable","13":"product-type-simple"},"acf":[],"_links":{"self":[{"href":"https:\/\/www.mrotex.com\/en\/wp-json\/wp\/v2\/product\/7186","targetHints":{"allow":["GET"]}}],"collection":[{"href":"https:\/\/www.mrotex.com\/en\/wp-json\/wp\/v2\/product"}],"about":[{"href":"https:\/\/www.mrotex.com\/en\/wp-json\/wp\/v2\/types\/product"}],"replies":[{"embeddable":true,"href":"https:\/\/www.mrotex.com\/en\/wp-json\/wp\/v2\/comments?post=7186"}],"wp:featuredmedia":[{"embeddable":true,"href":"https:\/\/www.mrotex.com\/en\/wp-json\/wp\/v2\/media\/9391"}],"wp:attachment":[{"href":"https:\/\/www.mrotex.com\/en\/wp-json\/wp\/v2\/media?parent=7186"}],"wp:term":[{"taxonomy":"product_brand","embeddable":true,"href":"https:\/\/www.mrotex.com\/en\/wp-json\/wp\/v2\/product_brand?post=7186"},{"taxonomy":"product_cat","embeddable":true,"href":"https:\/\/www.mrotex.com\/en\/wp-json\/wp\/v2\/product_cat?post=7186"},{"taxonomy":"product_tag","embeddable":true,"href":"https:\/\/www.mrotex.com\/en\/wp-json\/wp\/v2\/product_tag?post=7186"}],"curies":[{"name":"WP","href":"https:\/\/api.w.org\/{rel}","templated":true}]}}