{"id":7193,"date":"2026-04-28T15:54:58","date_gmt":"2026-04-28T13:54:58","guid":{"rendered":"https:\/\/dev.mrotex.com\/sklep\/bez-kategorii\/forma-tk\/"},"modified":"2026-05-08T14:29:25","modified_gmt":"2026-05-08T12:29:25","slug":"forma-tk","status":"publish","type":"product","link":"https:\/\/www.mrotex.com\/en\/sklep\/sprzet-uzywany\/forma-tk\/","title":{"rendered":"Forma TK"},"content":{"rendered":"<p>La Perla<br \/>tel.\u00a0<strong><a href=\"tel:602792682\">602 792 682<\/a><\/strong><br \/><a class=\"osm-gtm-email\" href=\"mailto:biuro@la-perla.pl\">biuro@la-perla.pl<\/a><\/p>\n<p>Stan urz\u0105dzenia: bardzo dobry.\u00a0<br \/>Wielofunkcyjne urz\u0105dzenie przeznaczone do nieinwazyjnych zabieg\u00f3w:<br \/>\u2022 Mikroderobrazja<br \/>\u2022 Redukcja zmarszczek<br \/>\u2022 Usuwanie przebarwie\u0144<br \/>\u2022 Usuwanie ow\u0142osienia<br \/>\u2022 Leczenie grzybicy paznokci<br \/>FormaTK to innowacyjny system typu trzy w jednym, zaprojektowany i wyprodukowany przez izraelsk\u0105 firm\u0119 Forma-tk, \u0142\u0105czy w sobie :<br \/>\u2022IPL<br \/>\u2022Mikrodermabrazja diamentowa<br \/>\u2022Radiofrekwencja<br \/>G\u0142owice IPL do twarzy i cia\u0142a, stosowane s\u0105 do epilacji, fotoodm\u0142adzania sk\u00f3ry, usuwania przebarwie\u0144 oraz leczenia tr\u0105dziku.<br \/>G\u0142owica PLG wykorzystuje specjalne dyski pokryte diamentem o r\u00f3\u017cnych grubo\u015bciach ziaren dla r\u00f3\u017cnych partii cia\u0142a w celu usuwania martwego nask\u00f3rka, powoduj\u0105c od\u015bwie\u017cenie sk\u00f3ry i nadanie jej g\u0142adko\u015bci.<br \/>G\u0142owica R-Sonic u\u017cywa unikalnego po\u0142\u0105czenia radiofrekwencji oraz masa\u017cu metod\u0105 ultrad\u017awi\u0119kow\u0105, w celu tworzenia zdrowej struktury w\u0142\u00f3kien kolagenowych, poprawy wygl\u0105du i struktury sk\u00f3ry, wyg\u0142adzania p\u0142ytkich zmarszczek, poprawy ukrwienia tkanek oraz wprowadzania substancji nawil\u017caj\u0105cych.<br \/>G\u0142owica ST (Skin Tightening) wykorzystuje radiofrekwencje u\u017cywaj\u0105c dw\u00f3ch bipolarnych ch\u0142odzonych elektrod do zabieg\u00f3w we wszystkich obszarach cia\u0142a.<\/p>","protected":false},"excerpt":{"rendered":"<p>La Perlatel.\u00a0602 792 682biuro@la-perla.pl Stan urz\u0105dzenia: bardzo dobry.\u00a0Wielofunkcyjne urz\u0105dzenie przeznaczone do nieinwazyjnych zabieg\u00f3w:\u2022 Mikroderobrazja\u2022 Redukcja zmarszczek\u2022 Usuwanie przebarwie\u0144\u2022 Usuwanie ow\u0142osienia\u2022 Leczenie grzybicy paznokciFormaTK to innowacyjny system typu trzy w jednym, zaprojektowany i wyprodukowany przez izraelsk\u0105 firm\u0119 Forma-tk, \u0142\u0105czy w sobie :\u2022IPL\u2022Mikrodermabrazja diamentowa\u2022RadiofrekwencjaG\u0142owice IPL do twarzy i cia\u0142a, stosowane s\u0105 do epilacji, fotoodm\u0142adzania sk\u00f3ry, usuwania przebarwie\u0144 [&hellip;]<\/p>\n","protected":false},"featured_media":9394,"comment_status":"closed","ping_status":"open","template":"","meta":{"_acf_changed":false},"product_brand":[],"product_cat":[106],"product_tag":[],"class_list":{"0":"post-7193","1":"product","2":"type-product","3":"status-publish","4":"has-post-thumbnail","6":"product_cat-sprzet-uzywany","8":"first","9":"instock","10":"taxable","11":"shipping-taxable","12":"purchasable","13":"product-type-simple"},"acf":[],"_links":{"self":[{"href":"https:\/\/www.mrotex.com\/en\/wp-json\/wp\/v2\/product\/7193","targetHints":{"allow":["GET"]}}],"collection":[{"href":"https:\/\/www.mrotex.com\/en\/wp-json\/wp\/v2\/product"}],"about":[{"href":"https:\/\/www.mrotex.com\/en\/wp-json\/wp\/v2\/types\/product"}],"replies":[{"embeddable":true,"href":"https:\/\/www.mrotex.com\/en\/wp-json\/wp\/v2\/comments?post=7193"}],"wp:featuredmedia":[{"embeddable":true,"href":"https:\/\/www.mrotex.com\/en\/wp-json\/wp\/v2\/media\/9394"}],"wp:attachment":[{"href":"https:\/\/www.mrotex.com\/en\/wp-json\/wp\/v2\/media?parent=7193"}],"wp:term":[{"taxonomy":"product_brand","embeddable":true,"href":"https:\/\/www.mrotex.com\/en\/wp-json\/wp\/v2\/product_brand?post=7193"},{"taxonomy":"product_cat","embeddable":true,"href":"https:\/\/www.mrotex.com\/en\/wp-json\/wp\/v2\/product_cat?post=7193"},{"taxonomy":"product_tag","embeddable":true,"href":"https:\/\/www.mrotex.com\/en\/wp-json\/wp\/v2\/product_tag?post=7193"}],"curies":[{"name":"WP","href":"https:\/\/api.w.org\/{rel}","templated":true}]}}