{"id":7346,"date":"2026-04-28T16:10:05","date_gmt":"2026-04-28T14:10:05","guid":{"rendered":"https:\/\/dev.mrotex.com\/sklep\/bez-kategorii\/skin-master\/"},"modified":"2026-05-08T14:29:33","modified_gmt":"2026-05-08T12:29:33","slug":"skin-master","status":"publish","type":"product","link":"https:\/\/www.mrotex.com\/en\/sklep\/sprzet-uzywany\/skin-master\/","title":{"rendered":"Skin Master"},"content":{"rendered":"<p>Kontakt: Ola: 664 117 005 lub <a href=\"mailto:gabinet@fizjoterapiaestetyczna.pl\">gabinet@fizjoterapiaestetyczna.pl<\/a><\/p>\n<p>Urz\u0105dzenie bardzo ma\u0142o u\u017cywane &#8211; dysponuje statystykami z programu do obs\u0142ugi gabinetu (na jednym ze zdj\u0119\u0107) &#8211; na urz\u0105dzeniu przez 3 LATA zosta\u0142y wykonane dok\u0142adnie 397 zabiegi.<\/p>\n<p>Urz\u0105dzenie kompletne ze wszystkimi g\u0142owicami, stymulator nie wymieniany &#8211; nie uszkodzony. Dysponuje nawet jeszcze jedn\u0105 oryginaln\u0105 elektrod\u0105. Urz\u0105dzenie sprzedaj\u0119 ze stolikiem oraz GRATIS dodam zapas gaz oraz elektrod. Mam te\u017c dwie instrukcje w j\u0119zyku polskim.<\/p>\n<p>Zabiegi SKIN MASTER PLUS s\u0105 wykonywane g\u0142\u00f3wnie w obr\u0119bie twarzy. Doskonale\u00a0<strong>koryguj\u0105 wi\u0119kszos\u0301c\u0301 niedoskona\u0142os\u0301ci sk\u00f3ry: drobne\u00a0 i\u00a0 g\u0142e\u0328bokie\u00a0 zmarszczki,\u00a0 wysuszenie\u00a0 i stwardnienie spowodowane promieniami s\u0142onecznymi,\u00a0r\u00f3\u017cne formy tr\u0105dziku, blizny, zabli\u017anienia, rozst\u0119py, oznaki przedwczesnego starzenia si\u0119 a tak\u017ce blado\u015b\u0107 i chropowato\u015b\u0107.\u00a0<\/strong><\/p>\n<p>SKIN MASTER PLUS\u00a0<strong>oczyszcza sk\u00f3r\u0119 such\u0105, t\u0142usta\u0328 i mieszan\u0105, daje g\u0142e\u0328bokie nawil\u017cenie, przywraca sk\u00f3rze elastyczno\u015b\u0107, zmniejsza porowato\u015b\u0107, rozja\u015bnia cer\u0119 ziemist\u0105, tonuje rozszerzone naczynka krwiono\u015bne.\u00a0<\/strong><\/p>\n<p>SKIN MASTER PLUS\u00a0 to wielofunkcyjne urz\u0105dzenie do piel\u0119gnacji twarzy, w\u0142oskiej firmy BRERA MEDICAL TECHNOLOGIES S.R.L.\u00a0Zyska\u0142\u00a0<strong>uznanie specjalist\u00f3w<\/strong>, niejednokrotnie zdobywaj\u0105c\u00a0<strong>nagrody za innowacyjno\u015b\u0107 i jako\u015b\u0107<\/strong>\u00a0na presti\u017cowych targach kosmetycznych.\u00a0<\/p>\n<p>SKIN MATER PLUS to po\u0142\u0105czenie zjawiska\u00a0<strong>fali elastycznej, kawitacji, ultrad\u017awi\u0119k\u00f3w z mikropr\u0105dami (LOTII) i laserem biostymulacyjnym.\u00a0<\/strong>\u00a0<\/p>\n<p>SKIN MASTER PLUS to jeden z\u00a0<strong>najefektywniejszych urz\u0105dze\u0144<\/strong>\u00a0dost\u0119pnych na rynku.\u00a0<\/p>\n<p>Jest niezast\u0105pione w odm\u0142adzaniu sk\u00f3ry oraz zapobieganiu procesowi jej starzenia.\u00a0<\/p>","protected":false},"excerpt":{"rendered":"<p>Oryginalny Skin Master kupiony w 2018 roku od polskiego dystrybutora. <br \/>Urozmaicenie na li\u015bcie zabieg\u00f3w gabinetu specjalizuj\u0105cego si\u0119 w modelowaniu sylwetki, alternatywa na jesie\u0144 i zim\u0119.<\/p>","protected":false},"featured_media":9493,"comment_status":"closed","ping_status":"open","template":"","meta":{"_acf_changed":false},"product_brand":[],"product_cat":[106],"product_tag":[],"class_list":{"0":"post-7346","1":"product","2":"type-product","3":"status-publish","4":"has-post-thumbnail","6":"product_cat-sprzet-uzywany","8":"first","9":"instock","10":"taxable","11":"shipping-taxable","12":"purchasable","13":"product-type-simple"},"acf":[],"_links":{"self":[{"href":"https:\/\/www.mrotex.com\/en\/wp-json\/wp\/v2\/product\/7346","targetHints":{"allow":["GET"]}}],"collection":[{"href":"https:\/\/www.mrotex.com\/en\/wp-json\/wp\/v2\/product"}],"about":[{"href":"https:\/\/www.mrotex.com\/en\/wp-json\/wp\/v2\/types\/product"}],"replies":[{"embeddable":true,"href":"https:\/\/www.mrotex.com\/en\/wp-json\/wp\/v2\/comments?post=7346"}],"wp:featuredmedia":[{"embeddable":true,"href":"https:\/\/www.mrotex.com\/en\/wp-json\/wp\/v2\/media\/9493"}],"wp:attachment":[{"href":"https:\/\/www.mrotex.com\/en\/wp-json\/wp\/v2\/media?parent=7346"}],"wp:term":[{"taxonomy":"product_brand","embeddable":true,"href":"https:\/\/www.mrotex.com\/en\/wp-json\/wp\/v2\/product_brand?post=7346"},{"taxonomy":"product_cat","embeddable":true,"href":"https:\/\/www.mrotex.com\/en\/wp-json\/wp\/v2\/product_cat?post=7346"},{"taxonomy":"product_tag","embeddable":true,"href":"https:\/\/www.mrotex.com\/en\/wp-json\/wp\/v2\/product_tag?post=7346"}],"curies":[{"name":"WP","href":"https:\/\/api.w.org\/{rel}","templated":true}]}}