{"id":7363,"date":"2026-04-28T16:10:43","date_gmt":"2026-04-28T14:10:43","guid":{"rendered":"https:\/\/dev.mrotex.com\/sklep\/bez-kategorii\/zamiennik-glowicy-tml10-kompatybilny-z-keymodule-tm\/"},"modified":"2026-05-08T14:29:39","modified_gmt":"2026-05-08T12:29:39","slug":"zamiennik-glowicy-tml10-kompatybilny-z-keymodule-tm","status":"publish","type":"product","link":"https:\/\/www.mrotex.com\/en\/shop\/akcesoria-do-urzadzen-kosmetycznych-i-medycznych\/akcesoria-zamienne-do-cellu-m6-keymodule\/zamiennik-glowicy-tml10-kompatybilny-z-keymodule-tm\/","title":{"rendered":"Zamiennik g\u0142owicy TML10 kompatybilny z \ufeffKEYMODULE TM"},"content":{"rendered":"<p>Zamiennik g\u0142owicy TML10 kompatybilny z urz\u0105dzeniem Cellu M6<sup>\u00a0<sup>\u00ae<\/sup><\/sup> Keymodule 2\u00a0TM.<\/p>\n<p>G\u0142owica do zabieg\u00f3w na twarz.<\/p>\n<p>PPH Mrotex is not affiliated, authorized, or endorsed by LPG SYSTEMS\u00ae. The trademarks ENDERMOLOGIE \u00ae, LPG SYSTEMS \u00ae, LPG \u00ae, ENDERMOLOGIE \u00ae, ENDERMO \u00ae, CELLU M6 \u00ae, LIPO M6 \u00ae, LIFT M6 \u00ae, LIPOMASSAGE \u2122, LIPOMODELAGE \u2122, LIFTMASSAGE \u2122, LIFTMODELAGE \u2122, ENDERMOLIFT \u2122, and WELLBOX \u00ae are trademarks registered in France and abroad by LPG SYSTEMS\u00ae.<\/p>","protected":false},"excerpt":{"rendered":"<p>Zamiennik g\u0142owicy TML10 kompatybilny z urz\u0105dzeniem Cellu M6\u00a0\u00ae Keymodule 2\u00a0TM. G\u0142owica do zabieg\u00f3w na twarz. P.P.H. Mrotex nie jest powi\u0105zany, autoryzowany ani zatwierdzony przez LPG SYSTEMS\u00ae. Znaki ENDERMOLOGIA \u00ae, LPG SYSTEMS \u00ae, LPG \u00ae, ENDERMOLOGIE \u00ae, ENDERMO \u00ae, CELLU M6 \u00ae, LIPO M6 \u00ae, LIFT M6 \u00ae, LIPOMASSAGE \u2122, LIPOMODELAGE \u2122, LIFTMASSAGE \u2122, LIFTMODELAGE \u2122, [&hellip;]<\/p>\n","protected":false},"featured_media":9506,"comment_status":"closed","ping_status":"open","template":"","meta":{"_acf_changed":false},"product_brand":[],"product_cat":[154],"product_tag":[],"class_list":{"0":"post-7363","1":"product","2":"type-product","3":"status-publish","4":"has-post-thumbnail","6":"product_cat-akcesoria-zamienne-do-cellu-m6-keymodule","8":"first","9":"instock","10":"taxable","11":"shipping-taxable","12":"purchasable","13":"product-type-simple"},"acf":[],"_links":{"self":[{"href":"https:\/\/www.mrotex.com\/en\/wp-json\/wp\/v2\/product\/7363","targetHints":{"allow":["GET"]}}],"collection":[{"href":"https:\/\/www.mrotex.com\/en\/wp-json\/wp\/v2\/product"}],"about":[{"href":"https:\/\/www.mrotex.com\/en\/wp-json\/wp\/v2\/types\/product"}],"replies":[{"embeddable":true,"href":"https:\/\/www.mrotex.com\/en\/wp-json\/wp\/v2\/comments?post=7363"}],"wp:featuredmedia":[{"embeddable":true,"href":"https:\/\/www.mrotex.com\/en\/wp-json\/wp\/v2\/media\/9506"}],"wp:attachment":[{"href":"https:\/\/www.mrotex.com\/en\/wp-json\/wp\/v2\/media?parent=7363"}],"wp:term":[{"taxonomy":"product_brand","embeddable":true,"href":"https:\/\/www.mrotex.com\/en\/wp-json\/wp\/v2\/product_brand?post=7363"},{"taxonomy":"product_cat","embeddable":true,"href":"https:\/\/www.mrotex.com\/en\/wp-json\/wp\/v2\/product_cat?post=7363"},{"taxonomy":"product_tag","embeddable":true,"href":"https:\/\/www.mrotex.com\/en\/wp-json\/wp\/v2\/product_tag?post=7363"}],"curies":[{"name":"WP","href":"https:\/\/api.w.org\/{rel}","templated":true}]}}