{"id":7394,"date":"2026-04-28T16:11:01","date_gmt":"2026-04-28T14:11:01","guid":{"rendered":"https:\/\/dev.mrotex.com\/sklep\/bez-kategorii\/uzywana-glowica-tr30\/"},"modified":"2026-05-08T14:29:40","modified_gmt":"2026-05-08T12:29:40","slug":"uzywana-glowica-tr30","status":"publish","type":"product","link":"https:\/\/www.mrotex.com\/en\/sklep\/akcesoria\/akcesoria-zamienne-do-cellu-m6-integral-endermolab\/uzywana-glowica-tr30\/","title":{"rendered":"Used TR30 head"},"content":{"rendered":"<p>U\u017cywana g\u0142owica na TR30 do urz\u0105dze\u0144 Cellu M6 Integral \/ Endermolab<\/p>\n<p>PPH Mrotex is not affiliated, authorized, or endorsed by LPG SYSTEMS\u00ae. The trademarks ENDERMOLOGIE \u00ae, LPG SYSTEMS \u00ae, LPG \u00ae, ENDERMOLOGIE \u00ae, ENDERMO \u00ae, CELLU M6 \u00ae, LIPO M6 \u00ae, LIFT M6 \u00ae, LIPOMASSAGE \u2122, LIPOMODELAGE \u2122, LIFTMASSAGE \u2122, LIFTMODELAGE \u2122, ENDERMOLIFT \u2122, and WELLBOX \u00ae are trademarks registered in France and abroad by LPG SYSTEMS\u00ae.<\/p>\n<p style=\"text-align: center;\">","protected":false},"excerpt":{"rendered":"<p>G\u0142owica u\u017cywana<\/p>","protected":false},"featured_media":9523,"comment_status":"closed","ping_status":"open","template":"","meta":{"_acf_changed":false},"product_brand":[],"product_cat":[163],"product_tag":[],"class_list":{"0":"post-7394","1":"product","2":"type-product","3":"status-publish","4":"has-post-thumbnail","6":"product_cat-akcesoria-zamienne-do-cellu-m6-integral-endermolab","8":"first","9":"instock","10":"taxable","11":"shipping-taxable","12":"purchasable","13":"product-type-simple"},"acf":[],"_links":{"self":[{"href":"https:\/\/www.mrotex.com\/en\/wp-json\/wp\/v2\/product\/7394","targetHints":{"allow":["GET"]}}],"collection":[{"href":"https:\/\/www.mrotex.com\/en\/wp-json\/wp\/v2\/product"}],"about":[{"href":"https:\/\/www.mrotex.com\/en\/wp-json\/wp\/v2\/types\/product"}],"replies":[{"embeddable":true,"href":"https:\/\/www.mrotex.com\/en\/wp-json\/wp\/v2\/comments?post=7394"}],"wp:featuredmedia":[{"embeddable":true,"href":"https:\/\/www.mrotex.com\/en\/wp-json\/wp\/v2\/media\/9523"}],"wp:attachment":[{"href":"https:\/\/www.mrotex.com\/en\/wp-json\/wp\/v2\/media?parent=7394"}],"wp:term":[{"taxonomy":"product_brand","embeddable":true,"href":"https:\/\/www.mrotex.com\/en\/wp-json\/wp\/v2\/product_brand?post=7394"},{"taxonomy":"product_cat","embeddable":true,"href":"https:\/\/www.mrotex.com\/en\/wp-json\/wp\/v2\/product_cat?post=7394"},{"taxonomy":"product_tag","embeddable":true,"href":"https:\/\/www.mrotex.com\/en\/wp-json\/wp\/v2\/product_tag?post=7394"}],"curies":[{"name":"WP","href":"https:\/\/api.w.org\/{rel}","templated":true}]}}