{"id":7427,"date":"2026-04-28T16:15:26","date_gmt":"2026-04-28T14:15:26","guid":{"rendered":"https:\/\/dev.mrotex.com\/sklep\/bez-kategorii\/termolifting-zaffiro-z200\/"},"modified":"2026-05-08T14:29:42","modified_gmt":"2026-05-08T12:29:42","slug":"termolifting-zaffiro-z200","status":"publish","type":"product","link":"https:\/\/www.mrotex.com\/en\/sklep\/sprzet-uzywany\/termolifting-zaffiro-z200\/","title":{"rendered":"Termolifting Zaffiro Z200"},"content":{"rendered":"<p>Termolifting Zaffiro Z200, rok produkcji 2020. Leasing sp\u0142acony. Urz\u0105dzenie medyczne, sprzeda\u017c na faktur\u0119 VAT 8%.W kwietniu 2023 zosta\u0142a zregenerowana g\u0142owica z nowymi impulsami, poniewa\u017c s\u0105 one zu\u017cywane podczas ka\u017cdego zabiegu Urz\u0105dzenie w bardzo dobrym stanie, serwisowane w ITP S.A., zadbane, posiadamy wszystkie przegl\u0105dy techniczne pokazuj\u0105ce stan faktyczny sprz\u0119tu.<\/p><\/p>","protected":false},"excerpt":{"rendered":"<p>Kontakt s.kusy94@gmail.com<\/p>","protected":false},"featured_media":9539,"comment_status":"closed","ping_status":"open","template":"","meta":{"_acf_changed":false},"product_brand":[],"product_cat":[106],"product_tag":[],"class_list":{"0":"post-7427","1":"product","2":"type-product","3":"status-publish","4":"has-post-thumbnail","6":"product_cat-sprzet-uzywany","8":"first","9":"instock","10":"taxable","11":"shipping-taxable","12":"purchasable","13":"product-type-simple"},"acf":[],"_links":{"self":[{"href":"https:\/\/www.mrotex.com\/en\/wp-json\/wp\/v2\/product\/7427","targetHints":{"allow":["GET"]}}],"collection":[{"href":"https:\/\/www.mrotex.com\/en\/wp-json\/wp\/v2\/product"}],"about":[{"href":"https:\/\/www.mrotex.com\/en\/wp-json\/wp\/v2\/types\/product"}],"replies":[{"embeddable":true,"href":"https:\/\/www.mrotex.com\/en\/wp-json\/wp\/v2\/comments?post=7427"}],"wp:featuredmedia":[{"embeddable":true,"href":"https:\/\/www.mrotex.com\/en\/wp-json\/wp\/v2\/media\/9539"}],"wp:attachment":[{"href":"https:\/\/www.mrotex.com\/en\/wp-json\/wp\/v2\/media?parent=7427"}],"wp:term":[{"taxonomy":"product_brand","embeddable":true,"href":"https:\/\/www.mrotex.com\/en\/wp-json\/wp\/v2\/product_brand?post=7427"},{"taxonomy":"product_cat","embeddable":true,"href":"https:\/\/www.mrotex.com\/en\/wp-json\/wp\/v2\/product_cat?post=7427"},{"taxonomy":"product_tag","embeddable":true,"href":"https:\/\/www.mrotex.com\/en\/wp-json\/wp\/v2\/product_tag?post=7427"}],"curies":[{"name":"WP","href":"https:\/\/api.w.org\/{rel}","templated":true}]}}