{"id":7474,"date":"2026-04-28T16:16:28","date_gmt":"2026-04-28T14:16:28","guid":{"rendered":"https:\/\/dev.mrotex.com\/sklep\/bez-kategorii\/bezszwowe-majtki-zabiegowe-meskie\/"},"modified":"2026-05-08T14:29:49","modified_gmt":"2026-05-08T12:29:49","slug":"bezszwowe-majtki-zabiegowe-meskie","status":"publish","type":"product","link":"https:\/\/www.mrotex.com\/en\/sklep\/bodysuit\/bezszwowa-bielizna-zabiegowa\/bezszwowe-majtki-zabiegowe-meskie\/","title":{"rendered":"Seamless men's surgical briefs"},"content":{"rendered":"<p>Uniwersalne bezszwowe m\u0119skie majtki kosmetyczne <strong>ensure hygiene and comfort<\/strong> during many medical, aesthetic, and rehabilitation procedures. They are essential during visits to the SPA and for most cosmetic treatments, especially laser epilation. They provide comfort and freedom of movement. The panties are made of the highest quality <strong>g\u0142adkiego i jedwabistego<\/strong> materia\u0142u, kt\u00f3ry jest elastyczny i \u015bci\u015ble dopasowuje si\u0119 do cia\u0142a. Dzi\u0119ki temu wytrzymaj\u0105 sesje kilkunastu zabieg\u00f3w.\u00a0 Majtki doskonale komponuj\u0105 si\u0119 z kostiumami Bodysuit do zabieg\u00f3w masa\u017cu podci\u015bnieniowego.<\/p>\n<h3>Your company logo on our product<\/h3>\n<p>We are informing you that there is a possibility to place your practice's logo on our product. If you are interested in this service, please send us your logo design.<\/p>\n<p>PPH Mrotex is not affiliated, authorized, or endorsed by LPG SYSTEMS\u00ae. The trademarks ENDERMOLOGIE \u00ae, LPG SYSTEMS \u00ae, LPG \u00ae, ENDERMOLOGIE \u00ae, ENDERMO \u00ae, CELLU M6 \u00ae, LIPO M6 \u00ae, LIFT M6 \u00ae, LIPOMASSAGE \u2122, LIPOMODELAGE \u2122, LIFTMASSAGE \u2122, LIFTMODELAGE \u2122, ENDERMOLIFT \u2122, and WELLBOX \u00ae are trademarks registered in France and abroad by LPG SYSTEMS\u00ae.<\/p>","protected":false},"excerpt":{"rendered":"<p>Uniwersalne bezszwowe m\u0119skie majtki kosmetyczne zapewniaj\u0105 higien\u0119 i komfort podczas wielu zabieg\u00f3w medycznych, estetycznych i rehabilitacyjnych. S\u0105 niezb\u0119dne podczas wizyty w SPA oraz przy wi\u0119kszo\u015bci zabieg\u00f3w kosmetycznych w szczeg\u00f3lno\u015bci epilacji laserowej. Zapewniaj\u0105 komfort i swobod\u0119 ruch\u00f3w. Majtki wykonane s\u0105 z najwy\u017cszej jako\u015bci g\u0142adkiego i jedwabistego materia\u0142u, kt\u00f3ry jest elastyczny i \u015bci\u015ble dopasowuje si\u0119 do cia\u0142a. [&hellip;]<\/p>\n","protected":false},"featured_media":9976,"comment_status":"closed","ping_status":"closed","template":"","meta":{"_acf_changed":false},"product_brand":[],"product_cat":[165],"product_tag":[],"class_list":{"0":"post-7474","1":"product","2":"type-product","3":"status-publish","4":"has-post-thumbnail","6":"product_cat-bezszwowa-bielizna-zabiegowa","8":"first","9":"instock","10":"taxable","11":"shipping-taxable","12":"purchasable","13":"product-type-simple"},"acf":[],"_links":{"self":[{"href":"https:\/\/www.mrotex.com\/en\/wp-json\/wp\/v2\/product\/7474","targetHints":{"allow":["GET"]}}],"collection":[{"href":"https:\/\/www.mrotex.com\/en\/wp-json\/wp\/v2\/product"}],"about":[{"href":"https:\/\/www.mrotex.com\/en\/wp-json\/wp\/v2\/types\/product"}],"replies":[{"embeddable":true,"href":"https:\/\/www.mrotex.com\/en\/wp-json\/wp\/v2\/comments?post=7474"}],"wp:featuredmedia":[{"embeddable":true,"href":"https:\/\/www.mrotex.com\/en\/wp-json\/wp\/v2\/media\/9976"}],"wp:attachment":[{"href":"https:\/\/www.mrotex.com\/en\/wp-json\/wp\/v2\/media?parent=7474"}],"wp:term":[{"taxonomy":"product_brand","embeddable":true,"href":"https:\/\/www.mrotex.com\/en\/wp-json\/wp\/v2\/product_brand?post=7474"},{"taxonomy":"product_cat","embeddable":true,"href":"https:\/\/www.mrotex.com\/en\/wp-json\/wp\/v2\/product_cat?post=7474"},{"taxonomy":"product_tag","embeddable":true,"href":"https:\/\/www.mrotex.com\/en\/wp-json\/wp\/v2\/product_tag?post=7474"}],"curies":[{"name":"WP","href":"https:\/\/api.w.org\/{rel}","templated":true}]}}