{"id":7510,"date":"2026-04-28T16:16:50","date_gmt":"2026-04-28T14:16:50","guid":{"rendered":"https:\/\/dev.mrotex.com\/sklep\/bez-kategorii\/diasculpt\/"},"modified":"2026-05-08T14:29:56","modified_gmt":"2026-05-08T12:29:56","slug":"diasculpt","status":"publish","type":"product","link":"https:\/\/www.mrotex.com\/en\/sklep\/sprzet-uzywany\/diasculpt\/","title":{"rendered":"Diasculpt"},"content":{"rendered":"<p class=\"opis\">Diasculpt jest opracowany przez belgijskich in\u017cynier\u00f3w. Jego dzia\u0142anie polega na zastosowaniu kr\u00f3tkiej podczerwieni wraz z pulsuj\u0105cym powietrzem, kt\u00f3ra wnika w tkank\u0119 podsk\u00f3rn\u0105 i stymuluje kom\u00f3rki, bez ryzyka oparzenia wierzchnich warstw sk\u00f3ry. Dzi\u0119ki temu mo\u017cna zmaksymalizowa\u0107 korzy\u015bci p\u0142yn\u0105ce z u\u017cycia kr\u00f3tkiej fali podczerwieni i w spos\u00f3b naturalny i bezpieczny oddzia\u0142ywa\u0107 na tkanki wierzchnie i g\u0142\u0119biej po\u0142o\u017cone. Efektem tego dzia\u0142ania jest przyspieszony metabolizm na r\u00f3\u017cnych p\u0142aszczyznach tkankowych, co skutkuje od\u017cywieniem i lepsz\u0105 przemiana materii na danym obszarze zabiegowym.<\/p>\n<p class=\"opis\">Diasculpt jako jedyne urz\u0105dzenie oferuje dzia\u0142anie przeciwstarzeniowe oraz r\u00f3wnie skuteczne dzia\u0142anie wyszczuplaj\u0105ce i antycellulitowe z komfortowym, bezbolesnym i relaksuj\u0105cym zabiegiem.<\/p>\n<p class=\"opis\">Po\u0142\u0105czenie pulsuj\u0105cego powietrza i czerwonego \u015bwiat\u0142a zapewnia przyjemne uczucie ciep\u0142a podczas ca\u0142ej aplikacji.<\/p><\/p>","protected":false},"excerpt":{"rendered":"<p>Urz\u0105dzenie z 2021 roku<\/p>","protected":false},"featured_media":9589,"comment_status":"closed","ping_status":"open","template":"","meta":{"_acf_changed":false},"product_brand":[],"product_cat":[106],"product_tag":[],"class_list":{"0":"post-7510","1":"product","2":"type-product","3":"status-publish","4":"has-post-thumbnail","6":"product_cat-sprzet-uzywany","8":"first","9":"instock","10":"taxable","11":"shipping-taxable","12":"purchasable","13":"product-type-simple"},"acf":[],"_links":{"self":[{"href":"https:\/\/www.mrotex.com\/en\/wp-json\/wp\/v2\/product\/7510","targetHints":{"allow":["GET"]}}],"collection":[{"href":"https:\/\/www.mrotex.com\/en\/wp-json\/wp\/v2\/product"}],"about":[{"href":"https:\/\/www.mrotex.com\/en\/wp-json\/wp\/v2\/types\/product"}],"replies":[{"embeddable":true,"href":"https:\/\/www.mrotex.com\/en\/wp-json\/wp\/v2\/comments?post=7510"}],"wp:featuredmedia":[{"embeddable":true,"href":"https:\/\/www.mrotex.com\/en\/wp-json\/wp\/v2\/media\/9589"}],"wp:attachment":[{"href":"https:\/\/www.mrotex.com\/en\/wp-json\/wp\/v2\/media?parent=7510"}],"wp:term":[{"taxonomy":"product_brand","embeddable":true,"href":"https:\/\/www.mrotex.com\/en\/wp-json\/wp\/v2\/product_brand?post=7510"},{"taxonomy":"product_cat","embeddable":true,"href":"https:\/\/www.mrotex.com\/en\/wp-json\/wp\/v2\/product_cat?post=7510"},{"taxonomy":"product_tag","embeddable":true,"href":"https:\/\/www.mrotex.com\/en\/wp-json\/wp\/v2\/product_tag?post=7510"}],"curies":[{"name":"WP","href":"https:\/\/api.w.org\/{rel}","templated":true}]}}