{"id":7593,"date":"2026-04-28T16:19:01","date_gmt":"2026-04-28T14:19:01","guid":{"rendered":"https:\/\/dev.mrotex.com\/sklep\/bez-kategorii\/revcell-beauty-longevity-complex\/"},"modified":"2026-05-08T14:29:59","modified_gmt":"2026-05-08T12:29:59","slug":"revcell-beauty-longevity-complex","status":"publish","type":"product","link":"https:\/\/www.mrotex.com\/en\/sklep\/revceuticals\/revcell-beauty-longevity-complex\/","title":{"rendered":"REVCELL+ Beauty &#038; Longevity Complex"},"content":{"rendered":"<div id=\"tab-ingredients_tab\" class=\"woocommerce-Tabs-panel woocommerce-Tabs-panel--ingredients_tab entry-content wc-tab active\" role=\"tabpanel\" aria-labelledby=\"tab-title-ingredients_tab\">\n<div class=\"product-ingredients\">\n<div id=\"tab-how_it_works_tab\" class=\"woocommerce-Tabs-panel woocommerce-Tabs-panel--how_it_works_tab entry-content wc-tab\" role=\"tabpanel\" aria-labelledby=\"tab-title-how_it_works_tab\">\n<div class=\"product-ingredients\">\n<p><strong>Filozofia RevCeuticals<sup>\u00ae<\/sup><\/strong><br \/>\nRevCell+ Beauty &amp; Longevity odzwierciedla filozofi\u0119 RevCeuticals\u00ae:<\/p>\n<p><strong>precyzj\u0119, biodost\u0119pno\u015b\u0107 i synergi\u0119.<\/strong><br \/>\nDzi\u0119ki po\u0142\u0105czeniu technologii liposomalnej, cz\u0105steczek d\u0142ugowieczno\u015bci oraz sk\u0142adnik\u00f3w wspieraj\u0105cych sk\u00f3r\u0119, RevCell+ oferuje wyrafinowane i inteligentne podej\u015bcie do nowoczesnej suplementacji pro-longevity \u2014 wspieraj\u0105c zdrowsze, silniejsze i bardziej promienne starzenie si\u0119.<\/p>\n<p><strong>Czym jest RevCell+ Beauty &amp; Longevity z perspektywy klinicznej?<\/strong><br \/>\nRevCell+ to zaawansowana formu\u0142a nutraceutyczna zaprojektowana w celu wspierania regeneracji sk\u00f3ry, d\u0142ugowieczno\u015bci kom\u00f3rkowej oraz odporno\u015bci metabolicznej. Zosta\u0142a opracowana jako terapia wspomagaj\u0105ca dla medycyny estetycznej, zabieg\u00f3w regeneracyjnych oraz protoko\u0142\u00f3w ukierunkowanych na longevity.<br \/>\nFormu\u0142a oddzia\u0142uje na wiele biologicznych szlak\u00f3w starzenia, w tym degradacj\u0119 kolagenu, stres oksydacyjny, dysfunkcj\u0119 mitochondrialn\u0105 oraz spadek energii kom\u00f3rkowej.<\/p>\n<\/div>\n<\/div>\n<div id=\"tab-how_to_apply_tab\" class=\"woocommerce-Tabs-panel woocommerce-Tabs-panel--how_to_apply_tab entry-content wc-tab\" role=\"tabpanel\" aria-labelledby=\"tab-title-how_to_apply_tab\">\n<div class=\"product-ingredients\">\n<p><strong>Pi\u0119kno od wewn\u0105trz \u2014 poparte nauk\u0105<\/strong><\/p>\n<p>RevCell+ zosta\u0142 zaprojektowany jako uzupe\u0142nienie:<br \/>\n\u2022 zaawansowanych zabieg\u00f3w estetycznych<br \/>\n\u2022 profesjonalnych program\u00f3w piel\u0119gnacji sk\u00f3ry<br \/>\n\u2022 protoko\u0142\u00f3w stylu \u017cycia ukierunkowanych na d\u0142ugowieczno\u015b\u0107<br \/>\nWspiera regeneracj\u0119 sk\u00f3ry pomi\u0119dzy zabiegami, wzmacnia efekty terapii oraz promuje d\u0142ugoterminow\u0105 jako\u015b\u0107 i odporno\u015b\u0107 sk\u00f3ry.<\/p>\n<\/div>\n<\/div>\n<p><strong>Sk\u0142adniki<\/strong><\/p>\n<p><strong>Zaawansowane sk\u0142adniki liposomalne i bioaktywne<\/strong><\/p>\n<p><strong>Kolagen liposomalny LIPOSOVIT<sup>\u00ae<\/sup><\/strong><br \/>\nWysoce biodost\u0119pny kompleks kolagenowy wspieraj\u0105cy:<br \/>\n\u2022 j\u0119drno\u015b\u0107 i elastyczno\u015b\u0107 sk\u00f3ry<br \/>\n\u2022 integralno\u015b\u0107 tkanek \u0142\u0105cznych<br \/>\n\u2022 si\u0142\u0119 w\u0142os\u00f3w i paznokci<br \/>\n\u2022 zdrowie staw\u00f3w i uk\u0142adu mi\u0119\u015bniowo-szkieletowego<\/p>\n<p>Technologia liposomalna zwi\u0119ksza wch\u0142anianie i umo\u017cliwia skuteczne wykorzystanie sk\u0142adnik\u00f3w na poziomie kom\u00f3rkowym.<\/p>\n<p><strong>Hialuronian sodu (kwas hialuronowy)<\/strong><br \/>\nWspiera g\u0142\u0119bokie nawil\u017cenie sk\u00f3ry od wewn\u0105trz, poprawia elastyczno\u015b\u0107 tkanek oraz przyczynia si\u0119 do stabilno\u015bci strukturalnej macierzy zewn\u0105trzkom\u00f3rkowej.<\/p>\n<p><strong>Liposomalna witamina C<\/strong><br \/>\nKluczowy kofaktor syntezy kolagenu i silny antyoksydant, wspieraj\u0105cy:<br \/>\n\u2022 roz\u015bwietlenie i regeneracj\u0119 sk\u00f3ry<br \/>\n\u2022 odporno\u015b\u0107 organizmu<br \/>\n\u2022 ochron\u0119 przed stresem oksydacyjnym<\/p>\n<p><strong>Witamina E<\/strong><br \/>\nZapewnia ochron\u0119 antyoksydacyjn\u0105 w fazie lipidowej, wspieraj\u0105c stabilno\u015b\u0107 b\u0142on kom\u00f3rkowych oraz funkcj\u0119 bariery sk\u00f3rnej.<\/p>\n<p>Wsparcie energii kom\u00f3rkowej i d\u0142ugowieczno\u015bci<\/p>\n<p><strong>NAD\u207a<\/strong><br \/>\nCentralna cz\u0105steczka metabolizmu energetycznego i szlak\u00f3w d\u0142ugowieczno\u015bci. NAD\u207a wspiera:<br \/>\n\u2022 funkcjonowanie mitochondri\u00f3w<br \/>\n\u2022 mechanizmy naprawy DNA<br \/>\n\u2022 odporno\u015b\u0107 i witalno\u015b\u0107 kom\u00f3rek<\/p>\n<p><strong>Koenzym Q10<\/strong><br \/>\nNiezb\u0119dny dla produkcji energii mitochondrialnej i ochrony przed uszkodzeniami oksydacyjnymi, wspieraj\u0105cy witalno\u015b\u0107 sk\u00f3ry, zdrowie uk\u0142adu sercowo-naczyniowego oraz poziom energii.<\/p>\n<p><strong>NAC (N-acetylo-L-cysteina)<\/strong><br \/>\nPrekursor glutationu \u2013 g\u0142\u00f3wnego antyoksydantu organizmu \u2013 wspieraj\u0105cy detoksykacj\u0119, redukcj\u0119 stresu oksydacyjnego oraz ochron\u0119 kom\u00f3rek.<\/p>\n<p><strong>MSM (metylosulfonylometan)<\/strong><br \/>\nWspiera integralno\u015b\u0107 tkanek \u0142\u0105cznych, struktur\u0119 kolagenu, elastyczno\u015b\u0107 sk\u00f3ry oraz r\u00f3wnowag\u0119 proces\u00f3w zapalnych.<\/p>\n<p><strong>Polifenole i ochrona epigenetyczna<\/strong><\/p>\n<p><strong>VERI-TE\u2122 trans-resweratrol<\/strong><br \/>\nZwi\u0105zek o udokumentowanym dzia\u0142aniu pro-longevity, wspieraj\u0105cy:<br \/>\n\u2022 regulacj\u0119 epigenetyczn\u0105<br \/>\n\u2022 ochron\u0119 antyoksydacyjn\u0105<br \/>\n\u2022 zdrowie uk\u0142adu sercowo-naczyniowego i metabolicznego<\/p>\n<p><strong>Kwercetyna (95% HPLC)<\/strong><br \/>\nSilny flawonoid wspieraj\u0105cy modulacj\u0119 odporno\u015bci, kontrol\u0119 stan\u00f3w zapalnych oraz ochron\u0119 kom\u00f3rkow\u0105.<\/p>\n<p>Niezb\u0119dny kompleks witamin z grupy B dla funkcji kom\u00f3rkowych<br \/>\n\u2022 Witamina B12 (metylokobalamina) \u2013 wspiera funkcjonowanie uk\u0142adu nerwowego, produkcj\u0119 energii kom\u00f3rkowej i syntez\u0119 DNA<br \/>\n\u2022 Witamina B6 (P-5-P) \u2013 niezb\u0119dna w metabolizmie aminokwas\u00f3w, r\u00f3wnowadze neuroprzeka\u017anik\u00f3w i procesach detoksykacyjnych<br \/>\n\u2022 Witamina B3 (niacyna) \u2013 wspiera metabolizm NAD\u207a i produkcj\u0119 energii kom\u00f3rkowej<\/p>\n<div id=\"tab-how_to_apply_tab\" class=\"woocommerce-Tabs-panel woocommerce-Tabs-panel--how_to_apply_tab entry-content wc-tab\" role=\"tabpanel\" aria-labelledby=\"tab-title-how_to_apply_tab\">\n<div class=\"product-ingredients\"><\/div>\n<\/div>\n<\/div>\n<\/div>","protected":false},"excerpt":{"rendered":"<div class=\"woocommerce-product-details__short-description\">\n<p><strong>RevCeuticals<sup>\u00ae<\/sup><\/strong> to marka stworzona przez <strong>dr. n. med. Krzysztofa Gojdzia<\/strong> \u2014 lekarza i eksperta w dziedzinie zdrowia sk\u00f3ry oraz nowoczesnych koncepcji d\u0142ugowieczno\u015bci.<\/p>\n<p><strong>Zaawansowane wsparcie regeneracji kom<\/strong><strong>\u00f3<\/strong><strong>rkowej i \u017cywienie przeciwstarzeniowe <\/strong>Prawdziwe pi\u0119kno i d\u0142ugowieczno\u015b\u0107 zaczynaj\u0105 si\u0119 na poziomie kom\u00f3rkowym. <strong>RevCeuticals<\/strong><strong>\u00ae <\/strong><strong>RevCell+ Beauty &amp; Longevity<\/strong> to suplement diety nowej generacji, stworzony z my\u015bl\u0105 o wsparciu regeneracji kom\u00f3rek, integralno\u015bci sk\u00f3ry, energii mitochondrialnej oraz d\u0142ugoterminowej witalno\u015bci \u2013 dzi\u0119ki unikalnej, kompleksowej i wysoce biodost\u0119pnej formule.<\/p>\n<p>RevCell+ dzia\u0142a <strong>od wewn\u0105trz,<\/strong> wp\u0142ywaj\u0105c na biologiczne mechanizmy odpowiedzialne za starzenie si\u0119 sk\u00f3ry, degeneracj\u0119 tkanek, stres oksydacyjny oraz spadek wydajno\u015bci kom\u00f3rkowej.<\/p>\n<\/div>","protected":false},"featured_media":9643,"comment_status":"closed","ping_status":"open","template":"","meta":{"_acf_changed":false},"product_brand":[],"product_cat":[61],"product_tag":[],"class_list":{"0":"post-7593","1":"product","2":"type-product","3":"status-publish","4":"has-post-thumbnail","6":"product_cat-revceuticals","8":"first","9":"instock","10":"taxable","11":"shipping-taxable","12":"purchasable","13":"product-type-simple"},"acf":[],"_links":{"self":[{"href":"https:\/\/www.mrotex.com\/en\/wp-json\/wp\/v2\/product\/7593","targetHints":{"allow":["GET"]}}],"collection":[{"href":"https:\/\/www.mrotex.com\/en\/wp-json\/wp\/v2\/product"}],"about":[{"href":"https:\/\/www.mrotex.com\/en\/wp-json\/wp\/v2\/types\/product"}],"replies":[{"embeddable":true,"href":"https:\/\/www.mrotex.com\/en\/wp-json\/wp\/v2\/comments?post=7593"}],"wp:featuredmedia":[{"embeddable":true,"href":"https:\/\/www.mrotex.com\/en\/wp-json\/wp\/v2\/media\/9643"}],"wp:attachment":[{"href":"https:\/\/www.mrotex.com\/en\/wp-json\/wp\/v2\/media?parent=7593"}],"wp:term":[{"taxonomy":"product_brand","embeddable":true,"href":"https:\/\/www.mrotex.com\/en\/wp-json\/wp\/v2\/product_brand?post=7593"},{"taxonomy":"product_cat","embeddable":true,"href":"https:\/\/www.mrotex.com\/en\/wp-json\/wp\/v2\/product_cat?post=7593"},{"taxonomy":"product_tag","embeddable":true,"href":"https:\/\/www.mrotex.com\/en\/wp-json\/wp\/v2\/product_tag?post=7593"}],"curies":[{"name":"WP","href":"https:\/\/api.w.org\/{rel}","templated":true}]}}