{"id":7615,"date":"2026-04-28T16:19:21","date_gmt":"2026-04-28T14:19:21","guid":{"rendered":"https:\/\/dev.mrotex.com\/sklep\/bez-kategorii\/serum-revitamine-ha\/"},"modified":"2026-05-08T14:30:05","modified_gmt":"2026-05-08T12:30:05","slug":"serum-revitamine-ha","status":"publish","type":"product","link":"https:\/\/www.mrotex.com\/en\/sklep\/revceuticals\/serum-revitamine-ha\/","title":{"rendered":"REVITAMINE HA SERUM"},"content":{"rendered":"<p><strong>Inteligentna formu\u0142a dla d\u0142ugowieczno\u015bci sk\u00f3ry<br \/><\/strong><br \/>Serum zosta\u0142o zaprojektowane tak, aby dzia\u0142a\u0107 w harmonii z naturaln\u0105 fizjologi\u0105 sk\u00f3ry. Starannie dobrane sk\u0142adniki aktywne efektywnie penetruj\u0105 sk\u00f3r\u0119, wspieraj\u0105c odnow\u0119 kom\u00f3rkow\u0105, syntez\u0119 kolagenu i optymalne nawodnienie \u2014 bez ryzyka podra\u017cnie\u0144.<br \/>REVITAMIN HA+ SERUM jest odpowiednie dla wszystkich typ\u00f3w sk\u00f3ry, w tym sk\u00f3ry wra\u017cliwej oraz po zabiegach estetycznych, co czyni je kluczowym elementem zar\u00f3wno codziennej piel\u0119gnacji, jak i profesjonalnych protoko\u0142\u00f3w zabiegowych.<\/p>\n<p><strong>Kluczowe sk\u0142adniki aktywne i korzy\u015bci kliniczne<\/strong><\/p>\n<p><strong>3-O-Ethyl Ascorbic Acid (stabilizowana witamina C)<\/strong><br \/>Wysoce stabilna i skuteczna forma witaminy C, kt\u00f3ra wyra\u017anie roz\u015bwietla cer\u0119, wyr\u00f3wnuje koloryt i wspiera produkcj\u0119 kolagenu. Zapewnia siln\u0105 ochron\u0119 antyoksydacyjn\u0105 przed wolnymi rodnikami, pozostaj\u0105c jednocze\u015bnie \u0142agodna dla sk\u00f3ry.<\/p>\n<p><strong>Sodium Hyaluronate (kwas hialuronowy)<\/strong><br \/>Zapewnia g\u0142\u0119bokie, d\u0142ugotrwa\u0142e nawil\u017cenie, poprawiaj\u0105c elastyczno\u015b\u0107, g\u0142adko\u015b\u0107 i komfort sk\u00f3ry. Pomaga redukowa\u0107 widoczno\u015b\u0107 drobnych linii wynikaj\u0105cych z odwodnienia.<\/p>\n<p><strong>Sodium DNA<\/strong><br \/>Bioaktywny sk\u0142adnik wspieraj\u0105cy regeneracj\u0119 kom\u00f3rkow\u0105 i napraw\u0119 sk\u00f3ry. Zwi\u0119ksza jej witalno\u015b\u0107, odporno\u015b\u0107 i og\u00f3ln\u0105 jako\u015b\u0107.<\/p>\n<p><strong>Calcium Pantothenate (witamina B5)<\/strong><br \/>Koi, nawil\u017ca i wzmacnia barier\u0119 sk\u00f3rn\u0105, wspieraj\u0105c procesy gojenia i regeneracji. Idealny dla utrzymania komfortu i r\u00f3wnowagi sk\u00f3ry.<\/p>\n<p><strong>Zaawansowana matryca \u017celowa i kompleks polimerowy<\/strong><br \/>Zapewniaj\u0105 optymaln\u0105 konsystencj\u0119, stabilno\u015b\u0107 oraz kontrolowane uwalnianie sk\u0142adnik\u00f3w aktywnych dla maksymalnej skuteczno\u015bci i wyrafinowanego do\u015bwiadczenia sensorycznego.<\/p>\n<\/p>\n<p><strong>Korzy\u015bci dla sk\u00f3ry\u00a0<\/strong><br \/>\u00a0<br \/>\u2022 G\u0142\u0119bokie i d\u0142ugotrwa\u0142e nawil\u017cenie<br \/>\u2022 Ja\u015bniejszy, bardziej jednolity koloryt<br \/>\u2022 Poprawa elastyczno\u015bci i g\u0119sto\u015bci sk\u00f3ry<br \/>\u2022 Wzmocniona regeneracja kom\u00f3rkowa<br \/>\u2022 Ochrona przed stresem oksydacyjnym<br \/>\u2022 G\u0142adsza, zdrowsza sk\u00f3ra<\/p>\n<p>Konsystencja i do\u015bwiadczenie sensoryczne<br \/>posiada lekk\u0105, jedwabist\u0105 konsystencj\u0119 \u017celu, kt\u00f3ra wch\u0142ania si\u0119 natychmiast, nie pozostawiaj\u0105c filmu. Sk\u00f3ra od razu staje si\u0119 od\u015bwie\u017cona, \u201ewype\u0142niona\u201d i komfortowa \u2014 idealna baza pod kremy oraz do stosowania po zabiegach.<\/p><\/p>","protected":false},"excerpt":{"rendered":"<p><strong>Zaawansowane serum nawil\u017caj\u0105ce i wspieraj\u0105ce witalno\u015b\u0107 kom\u00f3rkow\u0105<br \/><\/strong><br \/>REVITAMIN HA+ SERUM to wysokoskuteczna, medycznej klasy formu\u0142a stworzona z my\u015bl\u0105 o g\u0142\u0119bokim nawil\u017ceniu, roz\u015bwietleniu i rewitalizacji sk\u00f3ry na poziomie kom\u00f3rkowym. Opracowane w duchu skin longevity, \u0142\u0105czy stabilizowan\u0105 witamin\u0119 C, kwas hialuronowy oraz bioaktywne sk\u0142adniki, aby przywraca\u0107 blask, poprawia\u0107 jako\u015b\u0107 sk\u00f3ry i wspiera\u0107 d\u0142ugofalow\u0105 regeneracj\u0119.<br \/>Lekkie, a jednocze\u015bnie niezwykle skuteczne \u2014 zapewnia natychmiastowe nawil\u017cenie, jednocze\u015bnie stopniowo wzmacniaj\u0105c sk\u00f3r\u0119, poprawiaj\u0105c jej elastyczno\u015b\u0107 i chroni\u0105c przed przedwczesnym starzeniem.<\/p>","protected":false},"featured_media":9655,"comment_status":"closed","ping_status":"open","template":"","meta":{"_acf_changed":false},"product_brand":[],"product_cat":[61],"product_tag":[],"class_list":{"0":"post-7615","1":"product","2":"type-product","3":"status-publish","4":"has-post-thumbnail","6":"product_cat-revceuticals","8":"first","9":"instock","10":"taxable","11":"shipping-taxable","12":"purchasable","13":"product-type-simple"},"acf":[],"_links":{"self":[{"href":"https:\/\/www.mrotex.com\/en\/wp-json\/wp\/v2\/product\/7615","targetHints":{"allow":["GET"]}}],"collection":[{"href":"https:\/\/www.mrotex.com\/en\/wp-json\/wp\/v2\/product"}],"about":[{"href":"https:\/\/www.mrotex.com\/en\/wp-json\/wp\/v2\/types\/product"}],"replies":[{"embeddable":true,"href":"https:\/\/www.mrotex.com\/en\/wp-json\/wp\/v2\/comments?post=7615"}],"wp:featuredmedia":[{"embeddable":true,"href":"https:\/\/www.mrotex.com\/en\/wp-json\/wp\/v2\/media\/9655"}],"wp:attachment":[{"href":"https:\/\/www.mrotex.com\/en\/wp-json\/wp\/v2\/media?parent=7615"}],"wp:term":[{"taxonomy":"product_brand","embeddable":true,"href":"https:\/\/www.mrotex.com\/en\/wp-json\/wp\/v2\/product_brand?post=7615"},{"taxonomy":"product_cat","embeddable":true,"href":"https:\/\/www.mrotex.com\/en\/wp-json\/wp\/v2\/product_cat?post=7615"},{"taxonomy":"product_tag","embeddable":true,"href":"https:\/\/www.mrotex.com\/en\/wp-json\/wp\/v2\/product_tag?post=7615"}],"curies":[{"name":"WP","href":"https:\/\/api.w.org\/{rel}","templated":true}]}}