{"id":9732,"date":"2026-05-04T19:01:35","date_gmt":"2026-05-04T17:01:35","guid":{"rendered":"https:\/\/dev.mrotex.com\/?post_type=product&#038;p=9732"},"modified":"2026-05-07T12:53:56","modified_gmt":"2026-05-07T10:53:56","slug":"cellu-m6-aliance-lpg-2","status":"publish","type":"product","link":"https:\/\/www.mrotex.com\/en\/sklep\/wypozyczanie-urzadzen\/cellu-m6-aliance-lpg-2\/","title":{"rendered":"CELLU M6 Alliance LPG"},"content":{"rendered":"<p>Umowa najmu zawierana jest na okres do 3 miesi\u0119cy.<\/p>\n<p><strong>Szkolenia (Wroc\u0142aw):<\/strong><br \/>\n1200 z\u0142 netto \u2013 pierwsza osoba<br \/>\n800 z\u0142 netto \u2013 ka\u017cda kolejna osoba<\/p>\n<p><strong>Transport urz\u0105dzenia:<\/strong> 500 z\u0142 netto<\/p>\n<p><strong>Kaucja:<\/strong> zwrotna, w wysoko\u015bci jednomiesi\u0119cznego czynszu<\/p>\n<p>Umowa podpisywana jest na okres 3 miesi\u0119cy. W przypadku podj\u0119cia decyzji o zakupie urz\u0105dzenia,<br \/>\nca\u0142kowity koszt wynajmu za ten okres zostaje odliczony od ceny zakupu.<\/p>\n<p><strong>Kontakt:<\/strong><br \/>\ne-mail: <a href=\"mailto:jacek.gola@www.mrotex.com\">jacek.gola@www.mrotex.com<\/a><br \/>\ntel.: <a href=\"tel:+48531902299\">531 902 299<\/a><\/p>","protected":false},"excerpt":{"rendered":"<p>Miesi\u0119czny czynsz: 5000 z\u0142 netto<\/p>","protected":false},"featured_media":9564,"comment_status":"closed","ping_status":"closed","template":"","meta":{"_acf_changed":false},"product_brand":[],"product_cat":[55],"product_tag":[],"class_list":{"0":"post-9732","1":"product","2":"type-product","3":"status-publish","4":"has-post-thumbnail","6":"product_cat-wypozyczanie-urzadzen","8":"first","9":"onbackorder","10":"taxable","11":"shipping-taxable","12":"product-type-simple"},"acf":[],"_links":{"self":[{"href":"https:\/\/www.mrotex.com\/en\/wp-json\/wp\/v2\/product\/9732","targetHints":{"allow":["GET"]}}],"collection":[{"href":"https:\/\/www.mrotex.com\/en\/wp-json\/wp\/v2\/product"}],"about":[{"href":"https:\/\/www.mrotex.com\/en\/wp-json\/wp\/v2\/types\/product"}],"replies":[{"embeddable":true,"href":"https:\/\/www.mrotex.com\/en\/wp-json\/wp\/v2\/comments?post=9732"}],"wp:featuredmedia":[{"embeddable":true,"href":"https:\/\/www.mrotex.com\/en\/wp-json\/wp\/v2\/media\/9564"}],"wp:attachment":[{"href":"https:\/\/www.mrotex.com\/en\/wp-json\/wp\/v2\/media?parent=9732"}],"wp:term":[{"taxonomy":"product_brand","embeddable":true,"href":"https:\/\/www.mrotex.com\/en\/wp-json\/wp\/v2\/product_brand?post=9732"},{"taxonomy":"product_cat","embeddable":true,"href":"https:\/\/www.mrotex.com\/en\/wp-json\/wp\/v2\/product_cat?post=9732"},{"taxonomy":"product_tag","embeddable":true,"href":"https:\/\/www.mrotex.com\/en\/wp-json\/wp\/v2\/product_tag?post=9732"}],"curies":[{"name":"WP","href":"https:\/\/api.w.org\/{rel}","templated":true}]}}