{"id":346,"date":"2026-03-16T13:25:48","date_gmt":"2026-03-16T12:25:48","guid":{"rendered":"https:\/\/dev.mrotex.com\/?page_id=346"},"modified":"2026-04-16T20:28:22","modified_gmt":"2026-04-16T18:28:22","slug":"rejestracja","status":"publish","type":"page","link":"https:\/\/www.mrotex.com\/fr\/rejestracja\/","title":{"rendered":"Enregistrement"},"content":{"rendered":"<div data-elementor-type=\"wp-page\" data-elementor-id=\"346\" class=\"elementor elementor-346\" data-elementor-post-type=\"page\">\n\t\t\t\t<div class=\"elementor-element elementor-element-8b4d760 e-flex e-con-boxed e-con e-parent\" data-id=\"8b4d760\" data-element_type=\"container\" data-e-type=\"container\" data-settings=\"{&quot;background_background&quot;:&quot;gradient&quot;}\">\n\t\t\t\t\t<div class=\"e-con-inner\">\n\t\t<div class=\"elementor-element elementor-element-0838be8 e-con-full e-flex e-con e-child\" data-id=\"0838be8\" data-element_type=\"container\" data-e-type=\"container\">\n\t\t\t\t<div class=\"elementor-element elementor-element-a20833c elementor-widget elementor-widget-heading\" data-id=\"a20833c\" data-element_type=\"widget\" data-e-type=\"widget\" data-widget_type=\"heading.default\">\n\t\t\t\t\t<h2 class=\"elementor-heading-title elementor-size-default\">Enregistrement<\/h2>\t\t\t\t<\/div>\n\t\t<div class=\"elementor-element elementor-element-b5f2667 e-con-full e-flex e-con e-child\" data-id=\"b5f2667\" data-element_type=\"container\" data-e-type=\"container\" data-settings=\"{&quot;background_background&quot;:&quot;classic&quot;}\">\n\t\t\t\t<div class=\"elementor-element elementor-element-1738f5d elementor-widget elementor-widget-heading\" data-id=\"1738f5d\" data-element_type=\"widget\" data-e-type=\"widget\" data-widget_type=\"heading.default\">\n\t\t\t\t\t<h2 class=\"elementor-heading-title elementor-size-default\">Donn\u00e9es d'inscription<\/h2>\t\t\t\t<\/div>\n\t\t\t\t<div class=\"elementor-element elementor-element-f1d35e6 e-my-account-tabs-vertical elementor-widget elementor-widget-woocommerce-my-account\" data-id=\"f1d35e6\" data-element_type=\"widget\" data-e-type=\"widget\" data-widget_type=\"woocommerce-my-account.default\">\n\t\t\t\t\t<div class=\"e-my-account-tab e-my-account-tab__\">\t\t\t<div class=\"woocommerce\"><\/div>\t\t<\/div>\n\t\t\t\t\t\t<\/div>\n\t\t\t\t<\/div>\n\t\t\t\t<div class=\"elementor-element elementor-element-1af82e6 elementor-widget elementor-widget-text-editor\" data-id=\"1af82e6\" data-element_type=\"widget\" data-e-type=\"widget\" data-widget_type=\"text-editor.default\">\n\t\t\t\t\t\t\t\t\t<p>Avez-vous d\u00e9j\u00e0 un compte ? <strong><a href=\"https:\/\/www.mrotex.com\/fr\/logowanie\/\">Connectez-vous<\/a><\/strong><\/p>\t\t\t\t\t\t\t\t<\/div>\n\t\t\t\t<\/div>\n\t\t\t\t\t<\/div>\n\t\t\t\t<\/div>\n\t\t\t\t<\/div>","protected":false},"excerpt":{"rendered":"<p>Rejestracja Dane do rejestracji Dashboard Orders Addresses Metody p\u0142atno\u015bci Account Details Logout Witaj devadmin473 (nie jeste\u015b devadmin473? Wyloguj si\u0119) W ustawieniach swojego konta mo\u017cesz przejrze\u0107 swoje ostatnie zam\u00f3wienia, zarz\u0105dza\u0107 adresami p\u0142atno\u015bci i dostawy oraz zmienia\u0107 has\u0142o i szczeg\u00f3\u0142y konta. Masz ju\u017c konto? Zaloguj si\u0119<\/p>","protected":false},"author":1,"featured_media":0,"parent":0,"menu_order":0,"comment_status":"closed","ping_status":"closed","template":"","meta":{"_acf_changed":false,"footnotes":""},"class_list":["post-346","page","type-page","status-publish","hentry"],"acf":[],"_links":{"self":[{"href":"https:\/\/www.mrotex.com\/fr\/wp-json\/wp\/v2\/pages\/346","targetHints":{"allow":["GET"]}}],"collection":[{"href":"https:\/\/www.mrotex.com\/fr\/wp-json\/wp\/v2\/pages"}],"about":[{"href":"https:\/\/www.mrotex.com\/fr\/wp-json\/wp\/v2\/types\/page"}],"author":[{"embeddable":true,"href":"https:\/\/www.mrotex.com\/fr\/wp-json\/wp\/v2\/users\/1"}],"replies":[{"embeddable":true,"href":"https:\/\/www.mrotex.com\/fr\/wp-json\/wp\/v2\/comments?post=346"}],"version-history":[{"count":91,"href":"https:\/\/www.mrotex.com\/fr\/wp-json\/wp\/v2\/pages\/346\/revisions"}],"predecessor-version":[{"id":3469,"href":"https:\/\/www.mrotex.com\/fr\/wp-json\/wp\/v2\/pages\/346\/revisions\/3469"}],"wp:attachment":[{"href":"https:\/\/www.mrotex.com\/fr\/wp-json\/wp\/v2\/media?parent=346"}],"curies":[{"name":"wp","href":"https:\/\/api.w.org\/{rel}","templated":true}]}}