{"id":3683,"date":"2026-04-20T09:49:44","date_gmt":"2026-04-20T07:49:44","guid":{"rendered":"https:\/\/dev.mrotex.com\/?page_id=3683"},"modified":"2026-04-20T09:54:19","modified_gmt":"2026-04-20T07:54:19","slug":"obowiazek-informacyjny-rodo","status":"publish","type":"page","link":"https:\/\/www.mrotex.com\/fr\/obowiazek-informacyjny-rodo\/","title":{"rendered":"Obowiazek informacyjny RODO"},"content":{"rendered":"<div data-elementor-type=\"wp-page\" data-elementor-id=\"3683\" class=\"elementor elementor-3683\" data-elementor-post-type=\"page\">\n\t\t\t\t<div class=\"elementor-element elementor-element-b4bb4b2 e-flex e-con-boxed e-con e-parent\" data-id=\"b4bb4b2\" data-element_type=\"container\" data-e-type=\"container\">\n\t\t\t\t\t<div class=\"e-con-inner\">\n\t\t\t\t<div class=\"elementor-element elementor-element-4875617 elementor-widget elementor-widget-heading\" data-id=\"4875617\" data-element_type=\"widget\" data-e-type=\"widget\" data-widget_type=\"heading.default\">\n\t\t\t\t\t<h1 class=\"elementor-heading-title elementor-size-default\">Obowiazek informacyjny RODO<\/h1>\t\t\t\t<\/div>\n\t\t\t\t<div class=\"elementor-element elementor-element-816d65e elementor-widget elementor-widget-text-editor\" data-id=\"816d65e\" data-element_type=\"widget\" data-e-type=\"widget\" data-widget_type=\"text-editor.default\">\n\t\t\t\t\t\t\t\t\t<h2>Obowi\u0105zek informacyjny na podstawie art. 13 RODO<\/h2>\n\n<p>\nW dniu 25 maja 2018 roku zacz\u0119\u0142o obowi\u0105zywa\u0107 Rozporz\u0105dzenie Parlamentu Europejskiego i Rady (UE) 2016\/679 z dnia 27 kwietnia 2016 r. w sprawie ochrony os\u00f3b fizycznych w zwi\u0105zku z przetwarzaniem danych osobowych i w sprawie swobodnego przep\u0142ywu takich danych oraz uchylenia dyrektywy 95\/46\/WE (okre\u015blane jako \u201eRODO\u201d). W zwi\u0105zku z tym informujemy  o przetwarzaniu Twoich danych oraz zasadach na jakich b\u0119dzie si\u0119 to odbywa\u0142o po dniu 25 maja 2018 roku.\n<\/p>\n\n<h3>Administrator danych osobowych<\/h3>\n<p>\nAdministratorem danych osobowych jest sp\u00f3\u0142ka Mrotex sp. z o.o. z siedzib\u0105 pod adresem: ul. Jana G\u0142ogowczyka 22, 51-604 Wroc\u0142aw, wpisana do Rejestru Przedsi\u0119biorc\u00f3w Krajowego Rejestru S\u0105dowego przez S\u0105d Rejonowy Wroc\u0142awia \u2013 Fabrycznej, VI Wydzia\u0142 pod numerem KRS 0000519218, NIP 8982208076,\n<\/p>\n\n<h3>Wsp\u00f3\u0142administratorzy<\/h3>\n<p>\nMROTEX P.P.H. Dariusz Mroczek pod adresem ul. Jana G\u0142ogowczyka 22, 51-604 Wroc\u0142aw, wpisany do Centralnej Ewidencji i Informacji o Dzia\u0142alno\u015bci Gospodarczej Rzeczypospolitej Polskiej, posiadaj\u0105cy numer NIP 8981012626\n<\/p>\n\n<p>\nMROTEX Medical sp. z o.o. z siedzib\u0105 pod adresem: ul. Jana G\u0142ogowczyka 22, wpisana do Rejestru Przedsi\u0119biorc\u00f3w Krajowego Rejestru S\u0105dowego przez S\u0105d Rejonowy Wroc\u0142awia \u2013 Fabrycznej, VI Wydzia\u0142 pod numerem KRS 0000519218, NIP 8982208076.\n<\/p>\n\n<p><strong>dalej Administrator<\/strong><\/p>\n\n<h3>Dane kontaktowe<\/h3>\n<p>\nDane kontaktowe Mrotex sp. z o.o  &#8211; punkt kontaktowy dla obu wsp\u00f3\u0142administrator\u00f3w\n<\/p>\n\n<p>Mo\u017cna si\u0119 z nami skontaktowa\u0107:<\/p>\n<ol>\n<li>Telefonicznie: +48 71 345 90 55<\/li>\n<li>Pod adresem e-mail: <a href=\"mailto:shop@mrotex.com\">shop@mrotex.com<\/a><\/li>\n<li>Pisemnie, przesy\u0142aj\u0105c korespondencj\u0119 na adres: Mrotex sp. z o.o pod adresem ul. Jana G\u0142ogowczyka 22, 51-604 Wroc\u0142aw<\/li>\n<\/ol>\n\n<h3>Wsp\u00f3\u0142administracja<\/h3>\n<p>\nW ramach umowy o wsp\u00f3\u0142adminstrowanie dok\u0142adamy nale\u017cytej staranno\u015bci, by zapewni\u0107 bezpiecze\u0144stwo przetwarzania Twoich danych i do ka\u017cdego z administrator\u00f3w mo\u017cesz zwr\u00f3ci\u0107 si\u0119 z wszelkimi pytaniami. Nasze zadania podzielili\u015bmy mi\u0119dzy sob\u0105 w wyra\u017any spos\u00f3b, zawieraj\u0105c umow\u0119 o wsp\u00f3\u0142administrowanie:\n<\/p>\n\n<ul>\n<li>Mrotex sp. z o.o i  Partnerzy wykonuj\u0105 obowi\u0105zek informacyjny wsp\u00f3lnie<\/li>\n<li>Mrotex sp. z o.o odpowiada za umo\u017cliwienie wykonywania Ci Twoich praw &#8211; w tym celu skontaktuj si\u0119 z nami, dane kontaktowe znajdziesz powy\u017cej.<\/li>\n<\/ul>\n\n<h3>\u0179r\u00f3d\u0142o danych<\/h3>\n<p>\nDane zosta\u0142y przekazane podczas rejestracji konta w sklepie www.www.mrotex.com\/shop i w trakcie aktywno\u015bci w naszym sklepie, w czasie \u015bwiadczenia us\u0142ug przez Administratora.\n<\/p>\n\n<h3>Cele przetwarzania danych (umowa)<\/h3>\n<p>\nPrzetwarzamy Pani\/Pana dane osobowe, poniewa\u017c jest to niezb\u0119dne do wykonania umowy zawartej z Pani\u0105\/Panem, w tym do:\n<\/p>\n\n<ul>\n<li>zak\u0142adania i zarz\u0105dzania kontem oraz zawierania transakcji;<\/li>\n<li>realizacji um\u00f3w zawartych z klientem w tym obs\u0142ugi reklamacji oraz zwrot\u00f3w;<\/li>\n<li>obs\u0142ugi zg\u0142osze\u0144 kierowanych przez klienta (formularz kontaktowy);<\/li>\n<li>zapewnienie najlepszej obs\u0142ugi klienta.<\/li>\n<\/ul>\n\n<h3>Prawnie uzasadniony interes<\/h3>\n<p>\nPrzetwarzamy te\u017c Pani\/Pana dane osobowe w celach, na podstawie prawnie uzasadnionego interesu Administratora, kt\u00f3rym jest:\n<\/p>\n\n<ul>\n<li>zapewnienie nale\u017cytego przestrzegania przepis\u00f3w prawa podatkowego oraz przepis\u00f3w o rachunkowo\u015bci;<\/li>\n<li>w celu ewentualnego ustalenia, dochodzenia lub obrony przed roszczeniami b\u0119d\u0105cego realizacj\u0105 naszego prawnie uzasadnionego interesu;<\/li>\n<li>zapewnienie rozliczalno\u015bci (wykazania spe\u0142nienia przez nas obowi\u0105zk\u00f3w wynikaj\u0105cych z przepis\u00f3w prawa);<\/li>\n<li>zapewnienie bezpiecze\u0144stwa dokonywania transakcji, w tym zapobieganie pope\u0142nianiu przest\u0119pstw;<\/li>\n<li>dopasowanie tre\u015bci zgodnie z Pani\/Pana preferencjami, na podstawie uprzednio przegl\u0105danych zawarto\u015bci strony, czy te\u017c przede wszystkich interesuj\u0105cych  produkt\u00f3w;<\/li>\n<li>monitorowanie Pani\/Pana aktywno\u015bci na naszych stronach.<\/li>\n<\/ul>\n\n<h3>Accord<\/h3>\n<p>\nPrzetwarzamy te\u017c Pani\/Pana dane osobowe po uzyskaniu zgody:\n<\/p>\n\n<ul>\n<li>w zakresie przekazywania informacji handlowych oraz promocyjnych za po\u015brednictwem urz\u0105dze\u0144 elektronicznych;<\/li>\n<li>w zakresie nieobj\u0119tym uzasadnionym interesem Administratora  zapisywania danych w plikach cookies, gromadzenia danych ze stron www i aplikacji mobilnych;<\/li>\n<li>w celu  organizacji akcji promocyjnych i konkurs\u00f3w.<\/li>\n<\/ul>\n\n<p>\nUdzielon\u0105 Administratorowi zgod\u0119 na przetwarzanie danych osobowych, mo\u017ce Pani\/Pan wycofa\u0107 w dowolnym momencie w tak \u0142atwy spos\u00f3b jak zosta\u0142a wyra\u017cona. Pani\/Pana dane b\u0119d\u0105 przetwarzane przez Administratora do czasu wycofania zgody.\n<\/p>\n\n<h3>Zakres danych<\/h3>\n<p>\nPotrzebujemy Pani\/Pana danych osobowych w celu wykonania umowy w zakresie: wymaganym przez przepisy podatkowe a ponadto imi\u0119 i nazwisko, numer telefonu, email, numer pesel, data urodzenia, adres do wysy\u0142ki.\n<\/p>\n\n<h3>Odbiorcy danych<\/h3>\n<p>Do Pani\/Pana danych osobowych b\u0119dzie mia\u0142 dost\u0119p Administrator.<\/p>\n\n<p>\nDo Pani\/Pana danych osobowych maj\u0105 dost\u0119p firmy rachunkowe, prawnicze, kurierskie, p\u0142atnicze, informatyczne, dostawcy oprogramowania, na podstawie stosownych um\u00f3w powierzenia przetwarzania danych osobowych.\n<\/p>\n\n<h3>Profilowanie<\/h3>\n<p>\nPani\/Pana dane osobowe mog\u0105 by\u0107 r\u00f3wnie\u017c przetwarzane w spos\u00f3b zautomatyzowany (w tym w formie profilowania). Profilowanie polega na przetwarzaniu danych (r\u00f3wnie\u017c w spos\u00f3b zautomatyzowany), poprzez wykorzystywanie ich do oceny niekt\u00f3rych informacji o Pani\/Panu, w szczeg\u00f3lno\u015bci do analizy lub prognozy osobistych preferencji oraz zainteresowa\u0144. Nie wp\u0142ywa to na Pani\/Pana sytuacj\u0119.\n<\/p>\n\n<h3>Okres przechowywania danych<\/h3>\n<p>Dane osobowe b\u0119d\u0105 przetwarzane przez okres:<\/p>\n\n<ul>\n<li>zawarcie umowy \u2013 na czas jej trwania oraz po jej zako\u0144czeniu w celach:\n    <ul>\n        <li>dochodzenia roszcze\u0144 zwi\u0105zanych ze zrealizowan\u0105 umow\u0105;<\/li>\n        <li>realizacji obowi\u0105zk\u00f3w wynikaj\u0105cych z przepis\u00f3w prawa, w tym w szczeg\u00f3lno\u015bci podatkowych i rachunkowych;<\/li>\n        <li>zapobiegania nadu\u017cyciom lub przest\u0119pstwom;<\/li>\n        <li>statystycznych i archiwizacyjnych;<\/li>\n    <\/ul>\n<\/li>\n<li>dzia\u0142ania marketingowe \u2013 na czas trwania umowy, udzielenia odr\u0119bnej zgody na przetwarzanie takich danych \u2013 do czasu zako\u0144czenia dzia\u0142a\u0144 zwi\u0105zanych z obs\u0142ug\u0105 transakcji, wniesienia przez Pani\u0105\/Pana sprzeciwu wobec takiego przetwarzania lub wycofania zgody;<\/li>\n<li>Dzia\u0142ania oko\u0142osprzeda\u017cowe i promocyjne \u2013 np. konkursy, akcje promocyjne \u2013 na czas trwania i rozliczenia takich akcji;<\/li>\n<li>dzia\u0142alno\u015b\u0107 operacyjna &#8211; do czasu przedawnienia obowi\u0105zk\u00f3w na\u0142o\u017conych przez powszechnie obowi\u0105zuj\u0105ce przepisy prawa.<\/li>\n<\/ul>\n\n<h3>Prawa u\u017cytkownika<\/h3>\n<ul>\n<li>\u017c\u0105da\u0107 od Administratora dost\u0119pu do danych, sprostowania, usuni\u0119cia, ograniczenia przetwarzania, prawie do wniesienia sprzeciwu wobec ich przetwarzania oraz prawie do przenoszenia danych;<\/li>\n<li>do cofni\u0119cia zgody w dowolnym momencie bez wp\u0142ywu na zgodno\u015b\u0107 z prawem przetwarzania, kt\u00f3rego dokonano na podstawie zgody przed cofni\u0119ciem;<\/li>\n<li>do wniesienia skargi do   organu nadzorczego Prezesa Urz\u0119du Danych Osobowych  ul. Stawki 2, 00-193 Warszawa (https:\/\/www.giodo.gov.pl\/pl);<\/li>\n<li>podanie danych osobowych jest warunkiem umownym, podanie danych jest dobrowolne aczkolwiek odmowa ich podania jest r\u00f3wnoznaczna z brakiem mo\u017cliwo\u015bci rozpatrzenia oferowania us\u0142ug za po\u015brednictwem formularza.<\/li>\n<\/ul>\n\n<p>\nSkorzystanie z prawa poprawiania danych,  usuni\u0119cia, ograniczenia zakresu przetwarzania, sprostowania jak r\u00f3wnie\u017c cofni\u0119cia zgody na otrzymywanie informacji handlowej jest realizowane poprzez przes\u0142anie do Administratora takiego \u017c\u0105dania na adres e mail shop@mrotex.com lub na adres wskazany w pkt 1.\n<\/p>\t\t\t\t\t\t\t\t<\/div>\n\t\t\t\t\t<\/div>\n\t\t\t\t<\/div>\n\t\t\t\t<\/div>","protected":false},"excerpt":{"rendered":"<p>Obowiazek informacyjny RODO Obowi\u0105zek informacyjny na podstawie art. 13 RODO W dniu 25 maja 2018 roku zacz\u0119\u0142o obowi\u0105zywa\u0107 Rozporz\u0105dzenie Parlamentu Europejskiego i Rady (UE) 2016\/679 z dnia 27 kwietnia 2016 r. w sprawie ochrony os\u00f3b fizycznych w zwi\u0105zku z przetwarzaniem danych osobowych i w sprawie swobodnego przep\u0142ywu takich danych oraz uchylenia dyrektywy 95\/46\/WE (okre\u015blane jako [&hellip;]<\/p>\n","protected":false},"author":1,"featured_media":0,"parent":0,"menu_order":0,"comment_status":"closed","ping_status":"closed","template":"","meta":{"_acf_changed":false,"footnotes":""},"class_list":["post-3683","page","type-page","status-publish","hentry"],"acf":[],"_links":{"self":[{"href":"https:\/\/www.mrotex.com\/fr\/wp-json\/wp\/v2\/pages\/3683","targetHints":{"allow":["GET"]}}],"collection":[{"href":"https:\/\/www.mrotex.com\/fr\/wp-json\/wp\/v2\/pages"}],"about":[{"href":"https:\/\/www.mrotex.com\/fr\/wp-json\/wp\/v2\/types\/page"}],"author":[{"embeddable":true,"href":"https:\/\/www.mrotex.com\/fr\/wp-json\/wp\/v2\/users\/1"}],"replies":[{"embeddable":true,"href":"https:\/\/www.mrotex.com\/fr\/wp-json\/wp\/v2\/comments?post=3683"}],"version-history":[{"count":7,"href":"https:\/\/www.mrotex.com\/fr\/wp-json\/wp\/v2\/pages\/3683\/revisions"}],"predecessor-version":[{"id":3690,"href":"https:\/\/www.mrotex.com\/fr\/wp-json\/wp\/v2\/pages\/3683\/revisions\/3690"}],"wp:attachment":[{"href":"https:\/\/www.mrotex.com\/fr\/wp-json\/wp\/v2\/media?parent=3683"}],"curies":[{"name":"wp","href":"https:\/\/api.w.org\/{rel}","templated":true}]}}