{"id":3691,"date":"2026-04-20T09:54:34","date_gmt":"2026-04-20T07:54:34","guid":{"rendered":"https:\/\/dev.mrotex.com\/?page_id=3691"},"modified":"2026-04-20T09:56:34","modified_gmt":"2026-04-20T07:56:34","slug":"bezpieczne-platnosci-paypal","status":"publish","type":"page","link":"https:\/\/www.mrotex.com\/fr\/bezpieczne-platnosci-paypal\/","title":{"rendered":"Bezpieczne p\u0142atno\u015bci &#8211; PayPal"},"content":{"rendered":"<div data-elementor-type=\"wp-page\" data-elementor-id=\"3691\" class=\"elementor elementor-3691\" data-elementor-post-type=\"page\">\n\t\t\t\t<div class=\"elementor-element elementor-element-363c344 e-flex e-con-boxed e-con e-parent\" data-id=\"363c344\" data-element_type=\"container\" data-e-type=\"container\">\n\t\t\t\t\t<div class=\"e-con-inner\">\n\t\t\t\t<div class=\"elementor-element elementor-element-7a47316 elementor-widget elementor-widget-heading\" data-id=\"7a47316\" data-element_type=\"widget\" data-e-type=\"widget\" data-widget_type=\"heading.default\">\n\t\t\t\t\t<h1 class=\"elementor-heading-title elementor-size-default\">Paiements s\u00e9curis\u00e9s - PayPal<\/h1>\t\t\t\t<\/div>\n\t\t\t\t<div class=\"elementor-element elementor-element-4464d40 elementor-widget elementor-widget-text-editor\" data-id=\"4464d40\" data-element_type=\"widget\" data-e-type=\"widget\" data-widget_type=\"text-editor.default\">\n\t\t\t\t\t\t\t\t\t<p>\nPayPal to wiod\u0105cy na \u015bwiecie, mi\u0119dzynarodowy system p\u0142atno\u015bci przy u\u017cyciu karty kredytowej kt\u00f3ry pozwala na bezpieczne (bez ujawniania informacji finansowych) dokonanie p\u0142atno\u015bci przez Internet w ponad 190 krajach. P\u0142atno\u015bci przy u\u017cyciu tego systemu mog\u0105 by\u0107 dokonywane za po\u015brednictwem wypuk\u0142ych kart p\u0142atniczych VISA i MASTERCARD oraz p\u0142askich kart debetowych: VISA ELECTRON i VISA GOLD.\n<\/p>\n\n<p>\nWi\u0119cej o PayPal: \n<a href=\"https:\/\/www.paypal.com\/pl\/home\" target=\"_blank\" rel=\"noopener\">\nhttps:\/\/www.paypal.com\/pl\/home\n<\/a>\n<\/p>\t\t\t\t\t\t\t\t<\/div>\n\t\t\t\t\t<\/div>\n\t\t\t\t<\/div>\n\t\t\t\t<\/div>","protected":false},"excerpt":{"rendered":"<p>Bezpieczne p\u0142atno\u015bci &#8211; PayPal PayPal to wiod\u0105cy na \u015bwiecie, mi\u0119dzynarodowy system p\u0142atno\u015bci przy u\u017cyciu karty kredytowej kt\u00f3ry pozwala na bezpieczne (bez ujawniania informacji finansowych) dokonanie p\u0142atno\u015bci przez Internet w ponad 190 krajach. P\u0142atno\u015bci przy u\u017cyciu tego systemu mog\u0105 by\u0107 dokonywane za po\u015brednictwem wypuk\u0142ych kart p\u0142atniczych VISA i MASTERCARD oraz p\u0142askich kart debetowych: VISA ELECTRON i [&hellip;]<\/p>\n","protected":false},"author":1,"featured_media":0,"parent":0,"menu_order":0,"comment_status":"closed","ping_status":"closed","template":"","meta":{"_acf_changed":false,"footnotes":""},"class_list":["post-3691","page","type-page","status-publish","hentry"],"acf":[],"_links":{"self":[{"href":"https:\/\/www.mrotex.com\/fr\/wp-json\/wp\/v2\/pages\/3691","targetHints":{"allow":["GET"]}}],"collection":[{"href":"https:\/\/www.mrotex.com\/fr\/wp-json\/wp\/v2\/pages"}],"about":[{"href":"https:\/\/www.mrotex.com\/fr\/wp-json\/wp\/v2\/types\/page"}],"author":[{"embeddable":true,"href":"https:\/\/www.mrotex.com\/fr\/wp-json\/wp\/v2\/users\/1"}],"replies":[{"embeddable":true,"href":"https:\/\/www.mrotex.com\/fr\/wp-json\/wp\/v2\/comments?post=3691"}],"version-history":[{"count":4,"href":"https:\/\/www.mrotex.com\/fr\/wp-json\/wp\/v2\/pages\/3691\/revisions"}],"predecessor-version":[{"id":3695,"href":"https:\/\/www.mrotex.com\/fr\/wp-json\/wp\/v2\/pages\/3691\/revisions\/3695"}],"wp:attachment":[{"href":"https:\/\/www.mrotex.com\/fr\/wp-json\/wp\/v2\/media?parent=3691"}],"curies":[{"name":"wp","href":"https:\/\/api.w.org\/{rel}","templated":true}]}}