{"id":3707,"date":"2026-04-20T10:10:04","date_gmt":"2026-04-20T08:10:04","guid":{"rendered":"https:\/\/dev.mrotex.com\/?page_id=3707"},"modified":"2026-04-20T10:12:04","modified_gmt":"2026-04-20T08:12:04","slug":"elementor-strona-3707","status":"publish","type":"page","link":"https:\/\/www.mrotex.com\/fr\/elementor-strona-3707\/","title":{"rendered":"Exp\u00e9dition"},"content":{"rendered":"<div data-elementor-type=\"wp-page\" data-elementor-id=\"3707\" class=\"elementor elementor-3707\" data-elementor-post-type=\"page\">\n\t\t\t\t<div class=\"elementor-element elementor-element-4db0ab0 e-flex e-con-boxed e-con e-parent\" data-id=\"4db0ab0\" data-element_type=\"container\" data-e-type=\"container\">\n\t\t\t\t\t<div class=\"e-con-inner\">\n\t\t\t\t<div class=\"elementor-element elementor-element-afd5d51 elementor-widget elementor-widget-heading\" data-id=\"afd5d51\" data-element_type=\"widget\" data-e-type=\"widget\" data-widget_type=\"heading.default\">\n\t\t\t\t\t<h1 class=\"elementor-heading-title elementor-size-default\">Exp\u00e9dition<\/h1>\t\t\t\t<\/div>\n\t\t\t\t<div class=\"elementor-element elementor-element-829b66b elementor-widget elementor-widget-text-editor\" data-id=\"829b66b\" data-element_type=\"widget\" data-e-type=\"widget\" data-widget_type=\"text-editor.default\">\n\t\t\t\t\t\t\t\t\t<p>Paczki s\u0105 nadawane do 2 dni od momentu otrzymania potwierdzenia wp\u0142ywu p\u0142atno\u015bci. Korzystamy z us\u0142ug kurierskich FedEx, dzi\u0119ki temu nasze przesy\u0142ki s\u0105 u klienta ju\u017c 24 godziny po nadaniu. Nasze produkty s\u0105 zawsze dobrze zabezpieczone przed wysy\u0142k\u0105. Firma MROTEX P.P.H. zapewnia sobie prawo do zmiany termin wysy\u0142ki w przypadku brak\u00f3w magazynowych.<\/p><p>Op\u0142aty za wysy\u0142k\u0119 oraz opakowanie s\u0105 wliczone w koszty wysy\u0142ki. Koszty transportu mog\u0105 ulec zmianie ze wzgl\u0119du na wag\u0119 przesy\u0142ki. Doradzamy zebra\u0107 kilka produkt\u00f3w w jednym zam\u00f3wieniu aby unikn\u0105\u0107 powielania koszt\u00f3w transportu.<\/p><p><strong>Darmowa wysy\u0142ka Mrotex \ud83d\ude9a\u2728<\/strong> <br \/><br \/>Zr\u00f3b zakupy bez dodatkowych koszt\u00f3w dostawy! <br \/><br \/>W Mrotex wierzymy, \u017ce Twoja wygoda liczy si\u0119 od pierwszego klikni\u0119cia, dlatego oferujemy darmow\u0105 wysy\u0142k\u0119 przy wi\u0119kszych zam\u00f3wieniach.<\/p><p><strong>Polska i Unia Europejska <\/strong><br \/><br \/><strong>\u2705 15 kostium\u00f3w zabiegowych w koszyku = darmowa dostawa <\/strong><br \/><strong>\u2705 lub zam\u00f3wienie o warto\u015bci min. 600 PLN \/ 150 EUR<\/strong><\/p><p><strong>Ca\u0142y \u015bwiat <\/strong><br \/><br \/><strong>\ud83c\udf0d 25 kostium\u00f3w zabiegowych = darmowa dostawa <\/strong><br \/><strong>\ud83c\udf0d lub zam\u00f3wienie od 1000 PLN \/ 250 EUR<\/strong><\/p><p>Nie przep\u0142acaj za transport \u2013 zainwestuj w swoje produkty, a dostaw\u0119 otrzymasz od nas w prezencie!<\/p><p><em>* Pami\u0119taj, aby upewni\u0107 si\u0119, \u017ce darmowa wysy\u0142ka zosta\u0142a automatycznie dodana w koszyku. W niekt\u00f3rych regionach promocja mo\u017ce nie obowi\u0105zywa\u0107 \u2013 w takim przypadku zapraszamy do indywidualnego kontaktu z naszym zespo\u0142em.<\/em><\/p>\t\t\t\t\t\t\t\t<\/div>\n\t\t\t\t\t<\/div>\n\t\t\t\t<\/div>\n\t\t\t\t<\/div>","protected":false},"excerpt":{"rendered":"<p>Wysy\u0142ka Paczki s\u0105 nadawane do 2 dni od momentu otrzymania potwierdzenia wp\u0142ywu p\u0142atno\u015bci. Korzystamy z us\u0142ug kurierskich FedEx, dzi\u0119ki temu nasze przesy\u0142ki s\u0105 u klienta ju\u017c 24 godziny po nadaniu. Nasze produkty s\u0105 zawsze dobrze zabezpieczone przed wysy\u0142k\u0105. Firma MROTEX P.P.H. zapewnia sobie prawo do zmiany termin wysy\u0142ki w przypadku brak\u00f3w magazynowych. Op\u0142aty za wysy\u0142k\u0119 [&hellip;]<\/p>\n","protected":false},"author":1,"featured_media":0,"parent":0,"menu_order":0,"comment_status":"closed","ping_status":"closed","template":"","meta":{"_acf_changed":false,"footnotes":""},"class_list":["post-3707","page","type-page","status-publish","hentry"],"acf":[],"_links":{"self":[{"href":"https:\/\/www.mrotex.com\/fr\/wp-json\/wp\/v2\/pages\/3707","targetHints":{"allow":["GET"]}}],"collection":[{"href":"https:\/\/www.mrotex.com\/fr\/wp-json\/wp\/v2\/pages"}],"about":[{"href":"https:\/\/www.mrotex.com\/fr\/wp-json\/wp\/v2\/types\/page"}],"author":[{"embeddable":true,"href":"https:\/\/www.mrotex.com\/fr\/wp-json\/wp\/v2\/users\/1"}],"replies":[{"embeddable":true,"href":"https:\/\/www.mrotex.com\/fr\/wp-json\/wp\/v2\/comments?post=3707"}],"version-history":[{"count":7,"href":"https:\/\/www.mrotex.com\/fr\/wp-json\/wp\/v2\/pages\/3707\/revisions"}],"predecessor-version":[{"id":3714,"href":"https:\/\/www.mrotex.com\/fr\/wp-json\/wp\/v2\/pages\/3707\/revisions\/3714"}],"wp:attachment":[{"href":"https:\/\/www.mrotex.com\/fr\/wp-json\/wp\/v2\/media?parent=3707"}],"curies":[{"name":"wp","href":"https:\/\/api.w.org\/{rel}","templated":true}]}}