{"id":6647,"date":"2026-04-28T15:18:33","date_gmt":"2026-04-28T13:18:33","guid":{"rendered":"https:\/\/dev.mrotex.com\/sklep\/bez-kategorii\/koszulka-zabiegowa-meska-do-masazu-podcisnieniowego-i-prozniowego\/"},"modified":"2026-05-08T17:08:55","modified_gmt":"2026-05-08T15:08:55","slug":"koszulka-zabiegowa-meska-do-masazu-podcisnieniowego-i-prozniowego","status":"publish","type":"product","link":"https:\/\/www.mrotex.com\/fr\/sklep\/bodysuit\/koszulka-zabiegowa-meska-do-masazu-podcisnieniowego-i-prozniowego\/","title":{"rendered":"T-shirt de massage masculin pour massage sous vide et pression"},"content":{"rendered":"<p>Specjalistyczna koszulka do masa\u017cu pr\u00f3\u017cniowego<strong>\u00a0zapewnia higien\u0119 i komfort<\/strong>\u00a0podczas wielu zabieg\u00f3w medycznych, kosmetycznych i rehabilitacyjnych. Jest r\u00f3wnie\u017c niezb\u0119dna podczas masa\u017cu podci\u015bnieniowego redukuj\u0105cego celulit i modeluj\u0105cego sylwetk\u0119.\u00a0<strong>Zapobiega szczypaniu sk\u00f3ry oraz zaci\u0105ganiu w\u0142os\u00f3w podczas zabiegu<\/strong>. Koszulka jest wykonana z\u00a0<strong>bardzo g\u0142adkiego i jedwabistego materia\u0142u<\/strong>, kt\u00f3ry jest elastyczny i \u015bci\u015ble dopasowuje si\u0119 do cia\u0142a.<\/p>\n<h4>LOGO TWOJEJ FIRMY NA NASZYM WYROBIE<\/h4>\n<p>Informujemy, \u017ce istnieje mo\u017cliwo\u015b\u0107 umieszczenia znaku firmowego Pa\u0144stwa gabinetu na naszym wyrobie. Je\u017celi s\u0105 Pa\u0144stwo zainteresowani t\u0105 us\u0142ug\u0105 prosimy przes\u0142a\u0107 projekt Pa\u0144stwa znaku firmowego.<\/p>\n<p class=\"product-box-desc\">P.P.H. Mrotex nie jest powi\u0105zany, autoryzowany ani zatwierdzony przez LPG SYSTEMS\u00ae.\u00a0Znaki ENDERMOLOGIA \u00ae, LPG SYSTEMS \u00ae, LPG \u00ae, ENDERMOLOGIE \u00ae, ENDERMO \u00ae, CELLU M6 \u00ae, LIPO M6 \u00ae, LIFT M6 \u00ae, LIPOMASSAGE \u2122, LIPOMODELAGE \u2122, LIFTMASSAGE \u2122, LIFTMODELAGE \u2122, ENDERMOLIFT \u2122 i WELLBOX \u00ae s\u0105 znakami towarowymi zarejestrowanymi we Francji i poza jej granicami przez LPG SYSTEMS\u00ae<\/p>","protected":false},"excerpt":{"rendered":"<p>Koszulka m\u0119ska w kolorze szarym<\/p>","protected":false},"featured_media":9820,"comment_status":"closed","ping_status":"closed","template":"","meta":{"_acf_changed":false},"product_brand":[],"product_cat":[50],"product_tag":[],"class_list":{"0":"post-6647","1":"product","2":"type-product","3":"status-publish","4":"has-post-thumbnail","6":"product_cat-bodysuit","8":"first","9":"instock","10":"taxable","11":"shipping-taxable","12":"purchasable","13":"product-type-variable"},"acf":[],"_links":{"self":[{"href":"https:\/\/www.mrotex.com\/fr\/wp-json\/wp\/v2\/product\/6647","targetHints":{"allow":["GET"]}}],"collection":[{"href":"https:\/\/www.mrotex.com\/fr\/wp-json\/wp\/v2\/product"}],"about":[{"href":"https:\/\/www.mrotex.com\/fr\/wp-json\/wp\/v2\/types\/product"}],"replies":[{"embeddable":true,"href":"https:\/\/www.mrotex.com\/fr\/wp-json\/wp\/v2\/comments?post=6647"}],"wp:featuredmedia":[{"embeddable":true,"href":"https:\/\/www.mrotex.com\/fr\/wp-json\/wp\/v2\/media\/9820"}],"wp:attachment":[{"href":"https:\/\/www.mrotex.com\/fr\/wp-json\/wp\/v2\/media?parent=6647"}],"wp:term":[{"taxonomy":"product_brand","embeddable":true,"href":"https:\/\/www.mrotex.com\/fr\/wp-json\/wp\/v2\/product_brand?post=6647"},{"taxonomy":"product_cat","embeddable":true,"href":"https:\/\/www.mrotex.com\/fr\/wp-json\/wp\/v2\/product_cat?post=6647"},{"taxonomy":"product_tag","embeddable":true,"href":"https:\/\/www.mrotex.com\/fr\/wp-json\/wp\/v2\/product_tag?post=6647"}],"curies":[{"name":"wp","href":"https:\/\/api.w.org\/{rel}","templated":true}]}}