{"id":6651,"date":"2026-04-28T15:18:41","date_gmt":"2026-04-28T13:18:41","guid":{"rendered":"https:\/\/dev.mrotex.com\/sklep\/bez-kategorii\/filtr-powietrza-do-urzadzen-masazu-podcisnieniowego-i-prozniowego-c75\/"},"modified":"2026-05-08T14:28:43","modified_gmt":"2026-05-08T12:28:43","slug":"filtr-powietrza-do-urzadzen-masazu-podcisnieniowego-i-prozniowego-c75","status":"publish","type":"product","link":"https:\/\/www.mrotex.com\/fr\/shop\/akcesoria-do-urzadzen-kosmetycznych-i-medycznych\/akcesoria-zamienne-do-cellu-m6\/filtr-powietrza-do-urzadzen-masazu-podcisnieniowego-i-prozniowego-c75\/","title":{"rendered":"Filtre \u00e0 air pour appareils de massage sous vide et de pression C75"},"content":{"rendered":"<p>1 sztuka &#8211; zamiennik filtra kompatybilny z CELLU M6<sup>\u00ae<\/sup>\u00a0IP\/STTen filtr powinien by\u0107 wymieniany co 250 godzin lub raz w miesi\u0105cu.<\/p>\n<p>P.P.H. Mrotex nie jest powi\u0105zany, autoryzowany ani zatwierdzony przez LPG SYSTEMS<sup>\u00ae<\/sup>s.<\/p>\n<p>Znaki ENDERMOLOGIA <sup>\u00ae<\/sup>, LPG SYSTEMS <sup>\u00ae<\/sup>, LPG <sup>\u00ae<\/sup>, ENDERMOLOGIE <sup>\u00ae<\/sup>, ENDERMO <sup>\u00ae<\/sup>, CELLU M6 <sup>\u00ae<\/sup>, LIPO M6 <sup>\u00ae<\/sup>, LIFT M6 <sup>\u00ae<\/sup>, LIPOMASSAGE \u2122, LIPOMODELAGE \u2122, LIFTMASSAGE \u2122, LIFTMODELAGE \u2122, ENDERMOLIFT \u2122 i WELLBOX <sup>\u00ae<\/sup> s\u0105 znakami towarowymi zarejestrowanymi we Francji i poza jej granicami przez<br \/>\nLPG SYSTEMS<sup>\u00ae<\/sup><\/p>","protected":false},"excerpt":{"rendered":"<p>1 sztuka &#8211; zamiennik filtra kompatybilny z CELLU M6\u00ae\u00a0IP\/STTen filtr powinien by\u0107 wymieniany co 250 godzin lub raz w miesi\u0105cu. P.P.H. Mrotex nie jest powi\u0105zany, autoryzowany ani zatwierdzony przez LPG SYSTEMS\u00aes. Znaki ENDERMOLOGIA \u00ae, LPG SYSTEMS \u00ae, LPG \u00ae, ENDERMOLOGIE \u00ae, ENDERMO \u00ae, CELLU M6 \u00ae, LIPO M6 \u00ae, LIFT M6 \u00ae, LIPOMASSAGE \u2122, LIPOMODELAGE [&hellip;]<\/p>\n","protected":false},"featured_media":9057,"comment_status":"closed","ping_status":"open","template":"","meta":{"_acf_changed":false},"product_brand":[],"product_cat":[153,51],"product_tag":[],"class_list":{"0":"post-6651","1":"product","2":"type-product","3":"status-publish","4":"has-post-thumbnail","6":"product_cat-akcesoria-zamienne-do-cellu-m6","7":"product_cat-filtry","9":"first","10":"instock","11":"taxable","12":"shipping-taxable","13":"purchasable","14":"product-type-simple"},"acf":[],"yoast_head":"<!-- This site is optimized with the Yoast SEO plugin v27.5 - https:\/\/yoast.com\/product\/yoast-seo-wordpress\/ -->\n<title>Filtr powietrza do urz\u0105dze\u0144 masa\u017cu podci\u015bnieniowego i pr\u00f3\u017cniowego C75 - Mrotex<\/title>\n<meta name=\"robots\" content=\"index, follow, max-snippet:-1, max-image-preview:large, max-video-preview:-1\" \/>\n<link rel=\"canonical\" href=\"https:\/\/www.mrotex.com\/fr\/shop\/akcesoria-do-urzadzen-kosmetycznych-i-medycznych\/akcesoria-zamienne-do-cellu-m6\/filtr-powietrza-do-urzadzen-masazu-podcisnieniowego-i-prozniowego-c75\/\" \/>\n<meta property=\"og:locale\" content=\"fr_FR\" \/>\n<meta property=\"og:type\" content=\"article\" \/>\n<meta property=\"og:title\" content=\"Filtr powietrza do urz\u0105dze\u0144 masa\u017cu podci\u015bnieniowego i pr\u00f3\u017cniowego C75 - Mrotex\" \/>\n<meta property=\"og:description\" content=\"1 sztuka &#8211; zamiennik filtra kompatybilny z CELLU M6\u00ae\u00a0IP\/STTen filtr powinien by\u0107 wymieniany co 250 godzin lub raz w miesi\u0105cu. P.P.H. Mrotex nie jest powi\u0105zany, autoryzowany ani zatwierdzony przez LPG SYSTEMS\u00aes. Znaki ENDERMOLOGIA \u00ae, LPG SYSTEMS \u00ae, LPG \u00ae, ENDERMOLOGIE \u00ae, ENDERMO \u00ae, CELLU M6 \u00ae, LIPO M6 \u00ae, LIFT M6 \u00ae, LIPOMASSAGE \u2122, LIPOMODELAGE [&hellip;]\" \/>\n<meta property=\"og:url\" content=\"https:\/\/www.mrotex.com\/fr\/shop\/akcesoria-do-urzadzen-kosmetycznych-i-medycznych\/akcesoria-zamienne-do-cellu-m6\/filtr-powietrza-do-urzadzen-masazu-podcisnieniowego-i-prozniowego-c75\/\" \/>\n<meta property=\"og:site_name\" content=\"Mrotex\" \/>\n<meta property=\"article:modified_time\" content=\"2026-05-08T12:28:43+00:00\" \/>\n<meta property=\"og:image\" content=\"https:\/\/www.mrotex.com\/wp-content\/uploads\/2026\/04\/66.jpg\" \/>\n\t<meta property=\"og:image:width\" content=\"800\" \/>\n\t<meta property=\"og:image:height\" content=\"800\" \/>\n\t<meta property=\"og:image:type\" content=\"image\/jpeg\" \/>\n<meta name=\"twitter:card\" content=\"summary_large_image\" \/>\n<script type=\"application\/ld+json\" class=\"yoast-schema-graph\">{\"@context\":\"https:\\\/\\\/schema.org\",\"@graph\":[{\"@type\":\"WebPage\",\"@id\":\"https:\\\/\\\/www.mrotex.com\\\/shop\\\/akcesoria-do-urzadzen-kosmetycznych-i-medycznych\\\/akcesoria-zamienne-do-cellu-m6\\\/filtr-powietrza-do-urzadzen-masazu-podcisnieniowego-i-prozniowego-c75\\\/\",\"url\":\"https:\\\/\\\/www.mrotex.com\\\/shop\\\/akcesoria-do-urzadzen-kosmetycznych-i-medycznych\\\/akcesoria-zamienne-do-cellu-m6\\\/filtr-powietrza-do-urzadzen-masazu-podcisnieniowego-i-prozniowego-c75\\\/\",\"name\":\"Filtr powietrza do urz\u0105dze\u0144 masa\u017cu podci\u015bnieniowego i pr\u00f3\u017cniowego C75 - Mrotex\",\"isPartOf\":{\"@id\":\"https:\\\/\\\/www.mrotex.com\\\/#website\"},\"primaryImageOfPage\":{\"@id\":\"https:\\\/\\\/www.mrotex.com\\\/shop\\\/akcesoria-do-urzadzen-kosmetycznych-i-medycznych\\\/akcesoria-zamienne-do-cellu-m6\\\/filtr-powietrza-do-urzadzen-masazu-podcisnieniowego-i-prozniowego-c75\\\/#primaryimage\"},\"image\":{\"@id\":\"https:\\\/\\\/www.mrotex.com\\\/shop\\\/akcesoria-do-urzadzen-kosmetycznych-i-medycznych\\\/akcesoria-zamienne-do-cellu-m6\\\/filtr-powietrza-do-urzadzen-masazu-podcisnieniowego-i-prozniowego-c75\\\/#primaryimage\"},\"thumbnailUrl\":\"https:\\\/\\\/www.mrotex.com\\\/wp-content\\\/uploads\\\/2026\\\/04\\\/66.jpg\",\"datePublished\":\"2026-04-28T13:18:41+00:00\",\"dateModified\":\"2026-05-08T12:28:43+00:00\",\"breadcrumb\":{\"@id\":\"https:\\\/\\\/www.mrotex.com\\\/shop\\\/akcesoria-do-urzadzen-kosmetycznych-i-medycznych\\\/akcesoria-zamienne-do-cellu-m6\\\/filtr-powietrza-do-urzadzen-masazu-podcisnieniowego-i-prozniowego-c75\\\/#breadcrumb\"},\"inLanguage\":\"fr-FR\",\"potentialAction\":[{\"@type\":\"ReadAction\",\"target\":[\"https:\\\/\\\/www.mrotex.com\\\/shop\\\/akcesoria-do-urzadzen-kosmetycznych-i-medycznych\\\/akcesoria-zamienne-do-cellu-m6\\\/filtr-powietrza-do-urzadzen-masazu-podcisnieniowego-i-prozniowego-c75\\\/\"]}]},{\"@type\":\"ImageObject\",\"inLanguage\":\"fr-FR\",\"@id\":\"https:\\\/\\\/www.mrotex.com\\\/shop\\\/akcesoria-do-urzadzen-kosmetycznych-i-medycznych\\\/akcesoria-zamienne-do-cellu-m6\\\/filtr-powietrza-do-urzadzen-masazu-podcisnieniowego-i-prozniowego-c75\\\/#primaryimage\",\"url\":\"https:\\\/\\\/www.mrotex.com\\\/wp-content\\\/uploads\\\/2026\\\/04\\\/66.jpg\",\"contentUrl\":\"https:\\\/\\\/www.mrotex.com\\\/wp-content\\\/uploads\\\/2026\\\/04\\\/66.jpg\",\"width\":800,\"height\":800},{\"@type\":\"BreadcrumbList\",\"@id\":\"https:\\\/\\\/www.mrotex.com\\\/shop\\\/akcesoria-do-urzadzen-kosmetycznych-i-medycznych\\\/akcesoria-zamienne-do-cellu-m6\\\/filtr-powietrza-do-urzadzen-masazu-podcisnieniowego-i-prozniowego-c75\\\/#breadcrumb\",\"itemListElement\":[{\"@type\":\"ListItem\",\"position\":1,\"name\":\"Strona g\u0142\u00f3wna\",\"item\":\"https:\\\/\\\/www.mrotex.com\\\/\"},{\"@type\":\"ListItem\",\"position\":2,\"name\":\"Sklep\",\"item\":\"https:\\\/\\\/www.mrotex.com\\\/shop\\\/\"},{\"@type\":\"ListItem\",\"position\":3,\"name\":\"Filtr powietrza do urz\u0105dze\u0144 masa\u017cu podci\u015bnieniowego i pr\u00f3\u017cniowego C75\"}]},{\"@type\":\"WebSite\",\"@id\":\"https:\\\/\\\/www.mrotex.com\\\/#website\",\"url\":\"https:\\\/\\\/www.mrotex.com\\\/\",\"name\":\"Mrotex\",\"description\":\"\",\"publisher\":{\"@id\":\"https:\\\/\\\/www.mrotex.com\\\/#organization\"},\"potentialAction\":[{\"@type\":\"SearchAction\",\"target\":{\"@type\":\"EntryPoint\",\"urlTemplate\":\"https:\\\/\\\/www.mrotex.com\\\/?s={search_term_string}\"},\"query-input\":{\"@type\":\"PropertyValueSpecification\",\"valueRequired\":true,\"valueName\":\"search_term_string\"}}],\"inLanguage\":\"fr-FR\"},{\"@type\":\"Organization\",\"@id\":\"https:\\\/\\\/www.mrotex.com\\\/#organization\",\"name\":\"Mrotex\",\"url\":\"https:\\\/\\\/www.mrotex.com\\\/\",\"logo\":{\"@type\":\"ImageObject\",\"inLanguage\":\"fr-FR\",\"@id\":\"https:\\\/\\\/www.mrotex.com\\\/#\\\/schema\\\/logo\\\/image\\\/\",\"url\":\"https:\\\/\\\/www.mrotex.com\\\/wp-content\\\/uploads\\\/2026\\\/01\\\/Mrotex-Logo-on-one-line.group-cropped-scaled.png\",\"contentUrl\":\"https:\\\/\\\/www.mrotex.com\\\/wp-content\\\/uploads\\\/2026\\\/01\\\/Mrotex-Logo-on-one-line.group-cropped-scaled.png\",\"width\":2560,\"height\":530,\"caption\":\"Mrotex\"},\"image\":{\"@id\":\"https:\\\/\\\/www.mrotex.com\\\/#\\\/schema\\\/logo\\\/image\\\/\"}}]}<\/script>\n<!-- \/ Yoast SEO plugin. -->","yoast_head_json":{"title":"Filtr powietrza do urz\u0105dze\u0144 masa\u017cu podci\u015bnieniowego i pr\u00f3\u017cniowego C75 - Mrotex","robots":{"index":"index","follow":"follow","max-snippet":"max-snippet:-1","max-image-preview":"max-image-preview:large","max-video-preview":"max-video-preview:-1"},"canonical":"https:\/\/www.mrotex.com\/fr\/shop\/akcesoria-do-urzadzen-kosmetycznych-i-medycznych\/akcesoria-zamienne-do-cellu-m6\/filtr-powietrza-do-urzadzen-masazu-podcisnieniowego-i-prozniowego-c75\/","og_locale":"fr_FR","og_type":"article","og_title":"Filtr powietrza do urz\u0105dze\u0144 masa\u017cu podci\u015bnieniowego i pr\u00f3\u017cniowego C75 - Mrotex","og_description":"1 sztuka &#8211; zamiennik filtra kompatybilny z CELLU M6\u00ae\u00a0IP\/STTen filtr powinien by\u0107 wymieniany co 250 godzin lub raz w miesi\u0105cu. P.P.H. Mrotex nie jest powi\u0105zany, autoryzowany ani zatwierdzony przez LPG SYSTEMS\u00aes. Znaki ENDERMOLOGIA \u00ae, LPG SYSTEMS \u00ae, LPG \u00ae, ENDERMOLOGIE \u00ae, ENDERMO \u00ae, CELLU M6 \u00ae, LIPO M6 \u00ae, LIFT M6 \u00ae, LIPOMASSAGE \u2122, LIPOMODELAGE [&hellip;]","og_url":"https:\/\/www.mrotex.com\/fr\/shop\/akcesoria-do-urzadzen-kosmetycznych-i-medycznych\/akcesoria-zamienne-do-cellu-m6\/filtr-powietrza-do-urzadzen-masazu-podcisnieniowego-i-prozniowego-c75\/","og_site_name":"Mrotex","article_modified_time":"2026-05-08T12:28:43+00:00","og_image":[{"width":800,"height":800,"url":"https:\/\/www.mrotex.com\/wp-content\/uploads\/2026\/04\/66.jpg","type":"image\/jpeg"}],"twitter_card":"summary_large_image","schema":{"@context":"https:\/\/schema.org","@graph":[{"@type":"WebPage","@id":"https:\/\/www.mrotex.com\/shop\/akcesoria-do-urzadzen-kosmetycznych-i-medycznych\/akcesoria-zamienne-do-cellu-m6\/filtr-powietrza-do-urzadzen-masazu-podcisnieniowego-i-prozniowego-c75\/","url":"https:\/\/www.mrotex.com\/shop\/akcesoria-do-urzadzen-kosmetycznych-i-medycznych\/akcesoria-zamienne-do-cellu-m6\/filtr-powietrza-do-urzadzen-masazu-podcisnieniowego-i-prozniowego-c75\/","name":"Filtr powietrza do urz\u0105dze\u0144 masa\u017cu podci\u015bnieniowego i pr\u00f3\u017cniowego C75 - Mrotex","isPartOf":{"@id":"https:\/\/www.mrotex.com\/#website"},"primaryImageOfPage":{"@id":"https:\/\/www.mrotex.com\/shop\/akcesoria-do-urzadzen-kosmetycznych-i-medycznych\/akcesoria-zamienne-do-cellu-m6\/filtr-powietrza-do-urzadzen-masazu-podcisnieniowego-i-prozniowego-c75\/#primaryimage"},"image":{"@id":"https:\/\/www.mrotex.com\/shop\/akcesoria-do-urzadzen-kosmetycznych-i-medycznych\/akcesoria-zamienne-do-cellu-m6\/filtr-powietrza-do-urzadzen-masazu-podcisnieniowego-i-prozniowego-c75\/#primaryimage"},"thumbnailUrl":"https:\/\/www.mrotex.com\/wp-content\/uploads\/2026\/04\/66.jpg","datePublished":"2026-04-28T13:18:41+00:00","dateModified":"2026-05-08T12:28:43+00:00","breadcrumb":{"@id":"https:\/\/www.mrotex.com\/shop\/akcesoria-do-urzadzen-kosmetycznych-i-medycznych\/akcesoria-zamienne-do-cellu-m6\/filtr-powietrza-do-urzadzen-masazu-podcisnieniowego-i-prozniowego-c75\/#breadcrumb"},"inLanguage":"fr-FR","potentialAction":[{"@type":"ReadAction","target":["https:\/\/www.mrotex.com\/shop\/akcesoria-do-urzadzen-kosmetycznych-i-medycznych\/akcesoria-zamienne-do-cellu-m6\/filtr-powietrza-do-urzadzen-masazu-podcisnieniowego-i-prozniowego-c75\/"]}]},{"@type":"ImageObject","inLanguage":"fr-FR","@id":"https:\/\/www.mrotex.com\/shop\/akcesoria-do-urzadzen-kosmetycznych-i-medycznych\/akcesoria-zamienne-do-cellu-m6\/filtr-powietrza-do-urzadzen-masazu-podcisnieniowego-i-prozniowego-c75\/#primaryimage","url":"https:\/\/www.mrotex.com\/wp-content\/uploads\/2026\/04\/66.jpg","contentUrl":"https:\/\/www.mrotex.com\/wp-content\/uploads\/2026\/04\/66.jpg","width":800,"height":800},{"@type":"BreadcrumbList","@id":"https:\/\/www.mrotex.com\/shop\/akcesoria-do-urzadzen-kosmetycznych-i-medycznych\/akcesoria-zamienne-do-cellu-m6\/filtr-powietrza-do-urzadzen-masazu-podcisnieniowego-i-prozniowego-c75\/#breadcrumb","itemListElement":[{"@type":"ListItem","position":1,"name":"Strona g\u0142\u00f3wna","item":"https:\/\/www.mrotex.com\/"},{"@type":"ListItem","position":2,"name":"Sklep","item":"https:\/\/www.mrotex.com\/shop\/"},{"@type":"ListItem","position":3,"name":"Filtr powietrza do urz\u0105dze\u0144 masa\u017cu podci\u015bnieniowego i pr\u00f3\u017cniowego C75"}]},{"@type":"WebSite","@id":"https:\/\/www.mrotex.com\/#website","url":"https:\/\/www.mrotex.com\/","name":"Mrotex","description":"","publisher":{"@id":"https:\/\/www.mrotex.com\/#organization"},"potentialAction":[{"@type":"SearchAction","target":{"@type":"EntryPoint","urlTemplate":"https:\/\/www.mrotex.com\/?s={search_term_string}"},"query-input":{"@type":"PropertyValueSpecification","valueRequired":true,"valueName":"search_term_string"}}],"inLanguage":"fr-FR"},{"@type":"Organization","@id":"https:\/\/www.mrotex.com\/#organization","name":"Mrotex","url":"https:\/\/www.mrotex.com\/","logo":{"@type":"ImageObject","inLanguage":"fr-FR","@id":"https:\/\/www.mrotex.com\/#\/schema\/logo\/image\/","url":"https:\/\/www.mrotex.com\/wp-content\/uploads\/2026\/01\/Mrotex-Logo-on-one-line.group-cropped-scaled.png","contentUrl":"https:\/\/www.mrotex.com\/wp-content\/uploads\/2026\/01\/Mrotex-Logo-on-one-line.group-cropped-scaled.png","width":2560,"height":530,"caption":"Mrotex"},"image":{"@id":"https:\/\/www.mrotex.com\/#\/schema\/logo\/image\/"}}]}},"_links":{"self":[{"href":"https:\/\/www.mrotex.com\/fr\/wp-json\/wp\/v2\/product\/6651","targetHints":{"allow":["GET"]}}],"collection":[{"href":"https:\/\/www.mrotex.com\/fr\/wp-json\/wp\/v2\/product"}],"about":[{"href":"https:\/\/www.mrotex.com\/fr\/wp-json\/wp\/v2\/types\/product"}],"replies":[{"embeddable":true,"href":"https:\/\/www.mrotex.com\/fr\/wp-json\/wp\/v2\/comments?post=6651"}],"wp:featuredmedia":[{"embeddable":true,"href":"https:\/\/www.mrotex.com\/fr\/wp-json\/wp\/v2\/media\/9057"}],"wp:attachment":[{"href":"https:\/\/www.mrotex.com\/fr\/wp-json\/wp\/v2\/media?parent=6651"}],"wp:term":[{"taxonomy":"product_brand","embeddable":true,"href":"https:\/\/www.mrotex.com\/fr\/wp-json\/wp\/v2\/product_brand?post=6651"},{"taxonomy":"product_cat","embeddable":true,"href":"https:\/\/www.mrotex.com\/fr\/wp-json\/wp\/v2\/product_cat?post=6651"},{"taxonomy":"product_tag","embeddable":true,"href":"https:\/\/www.mrotex.com\/fr\/wp-json\/wp\/v2\/product_tag?post=6651"}],"curies":[{"name":"wp","href":"https:\/\/api.w.org\/{rel}","templated":true}]}}