{"id":6657,"date":"2026-04-28T15:18:44","date_gmt":"2026-04-28T13:18:44","guid":{"rendered":"https:\/\/dev.mrotex.com\/sklep\/bez-kategorii\/silnik-glowicy-urzadzen-do-masazu-podcisnieniowego\/"},"modified":"2026-05-08T14:28:44","modified_gmt":"2026-05-08T12:28:44","slug":"silnik-glowicy-urzadzen-do-masazu-podcisnieniowego","status":"publish","type":"product","link":"https:\/\/www.mrotex.com\/fr\/shop\/akcesoria-do-urzadzen-kosmetycznych-i-medycznych\/akcesoria-zamienne-do-cellu-m6\/silnik-glowicy-urzadzen-do-masazu-podcisnieniowego\/","title":{"rendered":"Silnik g\u0142owicy urz\u0105dze\u0144  do masa\u017cu podci\u015bnieniowego"},"content":{"rendered":"<p>1 sztuka &#8211; zamiennik silnika kompatybilny z g\u0142owic\u0105\u00a0CELLU M6<sup>\u00ae<\/sup>\u00a0IP\/ST<\/p>\n<p>P.P.H. Mrotex nie jest powi\u0105zany, autoryzowany ani zatwierdzony przez\u00a0LPG SYSTEMS<sup>\u00ae<\/sup>.<\/p>\n<p>Znaki ENDERMOLOGIA <sup>\u00ae<\/sup>, LPG SYSTEMS <sup>\u00ae<\/sup>, LPG <sup>\u00ae<\/sup>, ENDERMOLOGIE <sup>\u00ae<\/sup>, ENDERMO <sup>\u00ae<\/sup>, CELLU M6 <sup>\u00ae<\/sup>, LIPO M6 <sup>\u00ae<\/sup>, LIFT M6 <sup>\u00ae<\/sup>, LIPOMASSAGE \u2122, LIPOMODELAGE \u2122, LIFTMASSAGE \u2122, LIFTMODELAGE \u2122, ENDERMOLIFT \u2122 i WELLBOX <sup>\u00ae<\/sup> s\u0105 znakami towarowymi zarejestrowanymi we Francji i poza jej granicami przez LPG SYSTEMS<sup>\u00ae<\/sup><\/p>","protected":false},"excerpt":{"rendered":"<\/p>\n<div id=\"jsseunrwnoeo\">\n<div id=\"ocfipreoqyfb\" class=\"simple_mutex\"><\/div>\n<\/div>","protected":false},"featured_media":9059,"comment_status":"closed","ping_status":"open","template":"","meta":{"_acf_changed":false},"product_brand":[],"product_cat":[153],"product_tag":[],"class_list":{"0":"post-6657","1":"product","2":"type-product","3":"status-publish","4":"has-post-thumbnail","6":"product_cat-akcesoria-zamienne-do-cellu-m6","8":"first","9":"instock","10":"taxable","11":"shipping-taxable","12":"purchasable","13":"product-type-simple"},"acf":[],"yoast_head":"<!-- This site is optimized with the Yoast SEO plugin v27.5 - https:\/\/yoast.com\/product\/yoast-seo-wordpress\/ -->\n<title>Silnik g\u0142owicy urz\u0105dze\u0144 do masa\u017cu podci\u015bnieniowego - Mrotex<\/title>\n<meta name=\"robots\" content=\"index, follow, max-snippet:-1, max-image-preview:large, max-video-preview:-1\" \/>\n<link rel=\"canonical\" href=\"https:\/\/www.mrotex.com\/fr\/shop\/akcesoria-do-urzadzen-kosmetycznych-i-medycznych\/akcesoria-zamienne-do-cellu-m6\/silnik-glowicy-urzadzen-do-masazu-podcisnieniowego\/\" \/>\n<meta property=\"og:locale\" content=\"fr_FR\" \/>\n<meta property=\"og:type\" content=\"article\" \/>\n<meta property=\"og:title\" content=\"Silnik g\u0142owicy urz\u0105dze\u0144 do masa\u017cu podci\u015bnieniowego - Mrotex\" \/>\n<meta property=\"og:url\" content=\"https:\/\/www.mrotex.com\/fr\/shop\/akcesoria-do-urzadzen-kosmetycznych-i-medycznych\/akcesoria-zamienne-do-cellu-m6\/silnik-glowicy-urzadzen-do-masazu-podcisnieniowego\/\" \/>\n<meta property=\"og:site_name\" content=\"Mrotex\" \/>\n<meta property=\"article:modified_time\" content=\"2026-05-08T12:28:44+00:00\" \/>\n<meta property=\"og:image\" content=\"https:\/\/www.mrotex.com\/wp-content\/uploads\/2026\/04\/68.jpg\" \/>\n\t<meta property=\"og:image:width\" content=\"700\" \/>\n\t<meta property=\"og:image:height\" content=\"700\" \/>\n\t<meta property=\"og:image:type\" content=\"image\/jpeg\" \/>\n<meta name=\"twitter:card\" content=\"summary_large_image\" \/>\n<script type=\"application\/ld+json\" class=\"yoast-schema-graph\">{\"@context\":\"https:\\\/\\\/schema.org\",\"@graph\":[{\"@type\":\"WebPage\",\"@id\":\"https:\\\/\\\/www.mrotex.com\\\/en\\\/shop\\\/akcesoria-do-urzadzen-kosmetycznych-i-medycznych\\\/akcesoria-zamienne-do-cellu-m6\\\/silnik-glowicy-urzadzen-do-masazu-podcisnieniowego\\\/\",\"url\":\"https:\\\/\\\/www.mrotex.com\\\/en\\\/shop\\\/akcesoria-do-urzadzen-kosmetycznych-i-medycznych\\\/akcesoria-zamienne-do-cellu-m6\\\/silnik-glowicy-urzadzen-do-masazu-podcisnieniowego\\\/\",\"name\":\"Silnik g\u0142owicy urz\u0105dze\u0144 do masa\u017cu podci\u015bnieniowego - Mrotex\",\"isPartOf\":{\"@id\":\"https:\\\/\\\/www.mrotex.com\\\/#website\"},\"primaryImageOfPage\":{\"@id\":\"https:\\\/\\\/www.mrotex.com\\\/en\\\/shop\\\/akcesoria-do-urzadzen-kosmetycznych-i-medycznych\\\/akcesoria-zamienne-do-cellu-m6\\\/silnik-glowicy-urzadzen-do-masazu-podcisnieniowego\\\/#primaryimage\"},\"image\":{\"@id\":\"https:\\\/\\\/www.mrotex.com\\\/en\\\/shop\\\/akcesoria-do-urzadzen-kosmetycznych-i-medycznych\\\/akcesoria-zamienne-do-cellu-m6\\\/silnik-glowicy-urzadzen-do-masazu-podcisnieniowego\\\/#primaryimage\"},\"thumbnailUrl\":\"https:\\\/\\\/www.mrotex.com\\\/wp-content\\\/uploads\\\/2026\\\/04\\\/68.jpg\",\"datePublished\":\"2026-04-28T13:18:44+00:00\",\"dateModified\":\"2026-05-08T12:28:44+00:00\",\"breadcrumb\":{\"@id\":\"https:\\\/\\\/www.mrotex.com\\\/en\\\/shop\\\/akcesoria-do-urzadzen-kosmetycznych-i-medycznych\\\/akcesoria-zamienne-do-cellu-m6\\\/silnik-glowicy-urzadzen-do-masazu-podcisnieniowego\\\/#breadcrumb\"},\"inLanguage\":\"fr-FR\",\"potentialAction\":[{\"@type\":\"ReadAction\",\"target\":[\"https:\\\/\\\/www.mrotex.com\\\/en\\\/shop\\\/akcesoria-do-urzadzen-kosmetycznych-i-medycznych\\\/akcesoria-zamienne-do-cellu-m6\\\/silnik-glowicy-urzadzen-do-masazu-podcisnieniowego\\\/\"]}]},{\"@type\":\"ImageObject\",\"inLanguage\":\"fr-FR\",\"@id\":\"https:\\\/\\\/www.mrotex.com\\\/en\\\/shop\\\/akcesoria-do-urzadzen-kosmetycznych-i-medycznych\\\/akcesoria-zamienne-do-cellu-m6\\\/silnik-glowicy-urzadzen-do-masazu-podcisnieniowego\\\/#primaryimage\",\"url\":\"https:\\\/\\\/www.mrotex.com\\\/wp-content\\\/uploads\\\/2026\\\/04\\\/68.jpg\",\"contentUrl\":\"https:\\\/\\\/www.mrotex.com\\\/wp-content\\\/uploads\\\/2026\\\/04\\\/68.jpg\",\"width\":700,\"height\":700},{\"@type\":\"BreadcrumbList\",\"@id\":\"https:\\\/\\\/www.mrotex.com\\\/en\\\/shop\\\/akcesoria-do-urzadzen-kosmetycznych-i-medycznych\\\/akcesoria-zamienne-do-cellu-m6\\\/silnik-glowicy-urzadzen-do-masazu-podcisnieniowego\\\/#breadcrumb\",\"itemListElement\":[{\"@type\":\"ListItem\",\"position\":1,\"name\":\"Strona g\u0142\u00f3wna\",\"item\":\"https:\\\/\\\/www.mrotex.com\\\/\"},{\"@type\":\"ListItem\",\"position\":2,\"name\":\"Sklep\",\"item\":\"https:\\\/\\\/www.mrotex.com\\\/shop\\\/\"},{\"@type\":\"ListItem\",\"position\":3,\"name\":\"Silnik g\u0142owicy urz\u0105dze\u0144 do masa\u017cu podci\u015bnieniowego\"}]},{\"@type\":\"WebSite\",\"@id\":\"https:\\\/\\\/www.mrotex.com\\\/#website\",\"url\":\"https:\\\/\\\/www.mrotex.com\\\/\",\"name\":\"Mrotex\",\"description\":\"\",\"publisher\":{\"@id\":\"https:\\\/\\\/www.mrotex.com\\\/#organization\"},\"potentialAction\":[{\"@type\":\"SearchAction\",\"target\":{\"@type\":\"EntryPoint\",\"urlTemplate\":\"https:\\\/\\\/www.mrotex.com\\\/?s={search_term_string}\"},\"query-input\":{\"@type\":\"PropertyValueSpecification\",\"valueRequired\":true,\"valueName\":\"search_term_string\"}}],\"inLanguage\":\"fr-FR\"},{\"@type\":\"Organization\",\"@id\":\"https:\\\/\\\/www.mrotex.com\\\/#organization\",\"name\":\"Mrotex\",\"url\":\"https:\\\/\\\/www.mrotex.com\\\/\",\"logo\":{\"@type\":\"ImageObject\",\"inLanguage\":\"fr-FR\",\"@id\":\"https:\\\/\\\/www.mrotex.com\\\/#\\\/schema\\\/logo\\\/image\\\/\",\"url\":\"https:\\\/\\\/www.mrotex.com\\\/wp-content\\\/uploads\\\/2026\\\/01\\\/Mrotex-Logo-on-one-line.group-cropped-scaled.png\",\"contentUrl\":\"https:\\\/\\\/www.mrotex.com\\\/wp-content\\\/uploads\\\/2026\\\/01\\\/Mrotex-Logo-on-one-line.group-cropped-scaled.png\",\"width\":2560,\"height\":530,\"caption\":\"Mrotex\"},\"image\":{\"@id\":\"https:\\\/\\\/www.mrotex.com\\\/#\\\/schema\\\/logo\\\/image\\\/\"}}]}<\/script>\n<!-- \/ Yoast SEO plugin. -->","yoast_head_json":{"title":"Silnik g\u0142owicy urz\u0105dze\u0144 do masa\u017cu podci\u015bnieniowego - Mrotex","robots":{"index":"index","follow":"follow","max-snippet":"max-snippet:-1","max-image-preview":"max-image-preview:large","max-video-preview":"max-video-preview:-1"},"canonical":"https:\/\/www.mrotex.com\/fr\/shop\/akcesoria-do-urzadzen-kosmetycznych-i-medycznych\/akcesoria-zamienne-do-cellu-m6\/silnik-glowicy-urzadzen-do-masazu-podcisnieniowego\/","og_locale":"fr_FR","og_type":"article","og_title":"Silnik g\u0142owicy urz\u0105dze\u0144 do masa\u017cu podci\u015bnieniowego - Mrotex","og_url":"https:\/\/www.mrotex.com\/fr\/shop\/akcesoria-do-urzadzen-kosmetycznych-i-medycznych\/akcesoria-zamienne-do-cellu-m6\/silnik-glowicy-urzadzen-do-masazu-podcisnieniowego\/","og_site_name":"Mrotex","article_modified_time":"2026-05-08T12:28:44+00:00","og_image":[{"width":700,"height":700,"url":"https:\/\/www.mrotex.com\/wp-content\/uploads\/2026\/04\/68.jpg","type":"image\/jpeg"}],"twitter_card":"summary_large_image","schema":{"@context":"https:\/\/schema.org","@graph":[{"@type":"WebPage","@id":"https:\/\/www.mrotex.com\/en\/shop\/akcesoria-do-urzadzen-kosmetycznych-i-medycznych\/akcesoria-zamienne-do-cellu-m6\/silnik-glowicy-urzadzen-do-masazu-podcisnieniowego\/","url":"https:\/\/www.mrotex.com\/en\/shop\/akcesoria-do-urzadzen-kosmetycznych-i-medycznych\/akcesoria-zamienne-do-cellu-m6\/silnik-glowicy-urzadzen-do-masazu-podcisnieniowego\/","name":"Silnik g\u0142owicy urz\u0105dze\u0144 do masa\u017cu podci\u015bnieniowego - Mrotex","isPartOf":{"@id":"https:\/\/www.mrotex.com\/#website"},"primaryImageOfPage":{"@id":"https:\/\/www.mrotex.com\/en\/shop\/akcesoria-do-urzadzen-kosmetycznych-i-medycznych\/akcesoria-zamienne-do-cellu-m6\/silnik-glowicy-urzadzen-do-masazu-podcisnieniowego\/#primaryimage"},"image":{"@id":"https:\/\/www.mrotex.com\/en\/shop\/akcesoria-do-urzadzen-kosmetycznych-i-medycznych\/akcesoria-zamienne-do-cellu-m6\/silnik-glowicy-urzadzen-do-masazu-podcisnieniowego\/#primaryimage"},"thumbnailUrl":"https:\/\/www.mrotex.com\/wp-content\/uploads\/2026\/04\/68.jpg","datePublished":"2026-04-28T13:18:44+00:00","dateModified":"2026-05-08T12:28:44+00:00","breadcrumb":{"@id":"https:\/\/www.mrotex.com\/en\/shop\/akcesoria-do-urzadzen-kosmetycznych-i-medycznych\/akcesoria-zamienne-do-cellu-m6\/silnik-glowicy-urzadzen-do-masazu-podcisnieniowego\/#breadcrumb"},"inLanguage":"fr-FR","potentialAction":[{"@type":"ReadAction","target":["https:\/\/www.mrotex.com\/en\/shop\/akcesoria-do-urzadzen-kosmetycznych-i-medycznych\/akcesoria-zamienne-do-cellu-m6\/silnik-glowicy-urzadzen-do-masazu-podcisnieniowego\/"]}]},{"@type":"ImageObject","inLanguage":"fr-FR","@id":"https:\/\/www.mrotex.com\/en\/shop\/akcesoria-do-urzadzen-kosmetycznych-i-medycznych\/akcesoria-zamienne-do-cellu-m6\/silnik-glowicy-urzadzen-do-masazu-podcisnieniowego\/#primaryimage","url":"https:\/\/www.mrotex.com\/wp-content\/uploads\/2026\/04\/68.jpg","contentUrl":"https:\/\/www.mrotex.com\/wp-content\/uploads\/2026\/04\/68.jpg","width":700,"height":700},{"@type":"BreadcrumbList","@id":"https:\/\/www.mrotex.com\/en\/shop\/akcesoria-do-urzadzen-kosmetycznych-i-medycznych\/akcesoria-zamienne-do-cellu-m6\/silnik-glowicy-urzadzen-do-masazu-podcisnieniowego\/#breadcrumb","itemListElement":[{"@type":"ListItem","position":1,"name":"Strona g\u0142\u00f3wna","item":"https:\/\/www.mrotex.com\/"},{"@type":"ListItem","position":2,"name":"Sklep","item":"https:\/\/www.mrotex.com\/shop\/"},{"@type":"ListItem","position":3,"name":"Silnik g\u0142owicy urz\u0105dze\u0144 do masa\u017cu podci\u015bnieniowego"}]},{"@type":"WebSite","@id":"https:\/\/www.mrotex.com\/#website","url":"https:\/\/www.mrotex.com\/","name":"Mrotex","description":"","publisher":{"@id":"https:\/\/www.mrotex.com\/#organization"},"potentialAction":[{"@type":"SearchAction","target":{"@type":"EntryPoint","urlTemplate":"https:\/\/www.mrotex.com\/?s={search_term_string}"},"query-input":{"@type":"PropertyValueSpecification","valueRequired":true,"valueName":"search_term_string"}}],"inLanguage":"fr-FR"},{"@type":"Organization","@id":"https:\/\/www.mrotex.com\/#organization","name":"Mrotex","url":"https:\/\/www.mrotex.com\/","logo":{"@type":"ImageObject","inLanguage":"fr-FR","@id":"https:\/\/www.mrotex.com\/#\/schema\/logo\/image\/","url":"https:\/\/www.mrotex.com\/wp-content\/uploads\/2026\/01\/Mrotex-Logo-on-one-line.group-cropped-scaled.png","contentUrl":"https:\/\/www.mrotex.com\/wp-content\/uploads\/2026\/01\/Mrotex-Logo-on-one-line.group-cropped-scaled.png","width":2560,"height":530,"caption":"Mrotex"},"image":{"@id":"https:\/\/www.mrotex.com\/#\/schema\/logo\/image\/"}}]}},"_links":{"self":[{"href":"https:\/\/www.mrotex.com\/fr\/wp-json\/wp\/v2\/product\/6657","targetHints":{"allow":["GET"]}}],"collection":[{"href":"https:\/\/www.mrotex.com\/fr\/wp-json\/wp\/v2\/product"}],"about":[{"href":"https:\/\/www.mrotex.com\/fr\/wp-json\/wp\/v2\/types\/product"}],"replies":[{"embeddable":true,"href":"https:\/\/www.mrotex.com\/fr\/wp-json\/wp\/v2\/comments?post=6657"}],"wp:featuredmedia":[{"embeddable":true,"href":"https:\/\/www.mrotex.com\/fr\/wp-json\/wp\/v2\/media\/9059"}],"wp:attachment":[{"href":"https:\/\/www.mrotex.com\/fr\/wp-json\/wp\/v2\/media?parent=6657"}],"wp:term":[{"taxonomy":"product_brand","embeddable":true,"href":"https:\/\/www.mrotex.com\/fr\/wp-json\/wp\/v2\/product_brand?post=6657"},{"taxonomy":"product_cat","embeddable":true,"href":"https:\/\/www.mrotex.com\/fr\/wp-json\/wp\/v2\/product_cat?post=6657"},{"taxonomy":"product_tag","embeddable":true,"href":"https:\/\/www.mrotex.com\/fr\/wp-json\/wp\/v2\/product_tag?post=6657"}],"curies":[{"name":"wp","href":"https:\/\/api.w.org\/{rel}","templated":true}]}}