{"id":6673,"date":"2026-04-28T15:18:50","date_gmt":"2026-04-28T13:18:50","guid":{"rendered":"https:\/\/dev.mrotex.com\/sklep\/bez-kategorii\/przelacznik-do-glowicy-glownej\/"},"modified":"2026-05-08T14:28:45","modified_gmt":"2026-05-08T12:28:45","slug":"przelacznik-do-glowicy-glownej","status":"publish","type":"product","link":"https:\/\/www.mrotex.com\/fr\/sklep\/akcesoria\/akcesoria-zamienne-do-cellu-m6\/przelacznik-do-glowicy-glownej\/","title":{"rendered":"Prze\u0142\u0105cznik do g\u0142owicy g\u0142\u00f3wnej"},"content":{"rendered":"<p>Zamiennik prze\u0142\u0105cznika kompatybilny z g\u0142owic\u0105 CELLU M6<sup>\u00ae<\/sup> IP\/ST<\/p>\n<p>P.P.H. Mrotex nie jest powi\u0105zany, autoryzowany ani zatwierdzony przez LPG SYSTEMS<sup>\u00ae<\/sup>.\u00a0\u00a0<\/p>\n<p>Znaki\u00a0 ENDERMOLOGIA <sup>\u00ae<\/sup>, LPG SYSTEMS <sup>\u00ae<\/sup>, LPG <sup>\u00ae<\/sup>, ENDERMOLOGIE <sup>\u00ae<\/sup>, ENDERMO <sup>\u00ae<\/sup>, CELLU M6 <sup>\u00ae<\/sup>, LIPO M6 <sup>\u00ae<\/sup>, LIFT M6 <sup>\u00ae<\/sup>, LIPOMASSAGE \u2122, LIPOMODELAGE \u2122, LIFTMASSAGE \u2122, LIFTMODELAGE \u2122, ENDERMOLIFT \u2122 i WELLBOX <sup>\u00ae<\/sup> s\u0105 znakami towarowymi zarejestrowanymi we Francji i poza jej granicami przez LPG SYSTEMS<sup>\u00ae<\/sup><\/p>","protected":false},"excerpt":{"rendered":"<p>Zamiennik prze\u0142\u0105cznika kompatybilny z g\u0142owic\u0105 CELLU M6\u00ae IP\/ST P.P.H. Mrotex nie jest powi\u0105zany, autoryzowany ani zatwierdzony przez LPG SYSTEMS\u00ae.\u00a0\u00a0 Znaki\u00a0 ENDERMOLOGIA \u00ae, LPG SYSTEMS \u00ae, LPG \u00ae, ENDERMOLOGIE \u00ae, ENDERMO \u00ae, CELLU M6 \u00ae, LIPO M6 \u00ae, LIFT M6 \u00ae, LIPOMASSAGE \u2122, LIPOMODELAGE \u2122, LIFTMASSAGE \u2122, LIFTMODELAGE \u2122, ENDERMOLIFT \u2122 i WELLBOX \u00ae s\u0105 znakami [&hellip;]<\/p>\n","protected":false},"featured_media":9065,"comment_status":"closed","ping_status":"open","template":"","meta":{"_acf_changed":false},"product_brand":[],"product_cat":[153],"product_tag":[],"class_list":{"0":"post-6673","1":"product","2":"type-product","3":"status-publish","4":"has-post-thumbnail","6":"product_cat-akcesoria-zamienne-do-cellu-m6","8":"first","9":"instock","10":"taxable","11":"shipping-taxable","12":"purchasable","13":"product-type-simple"},"acf":[],"_links":{"self":[{"href":"https:\/\/www.mrotex.com\/fr\/wp-json\/wp\/v2\/product\/6673","targetHints":{"allow":["GET"]}}],"collection":[{"href":"https:\/\/www.mrotex.com\/fr\/wp-json\/wp\/v2\/product"}],"about":[{"href":"https:\/\/www.mrotex.com\/fr\/wp-json\/wp\/v2\/types\/product"}],"replies":[{"embeddable":true,"href":"https:\/\/www.mrotex.com\/fr\/wp-json\/wp\/v2\/comments?post=6673"}],"wp:featuredmedia":[{"embeddable":true,"href":"https:\/\/www.mrotex.com\/fr\/wp-json\/wp\/v2\/media\/9065"}],"wp:attachment":[{"href":"https:\/\/www.mrotex.com\/fr\/wp-json\/wp\/v2\/media?parent=6673"}],"wp:term":[{"taxonomy":"product_brand","embeddable":true,"href":"https:\/\/www.mrotex.com\/fr\/wp-json\/wp\/v2\/product_brand?post=6673"},{"taxonomy":"product_cat","embeddable":true,"href":"https:\/\/www.mrotex.com\/fr\/wp-json\/wp\/v2\/product_cat?post=6673"},{"taxonomy":"product_tag","embeddable":true,"href":"https:\/\/www.mrotex.com\/fr\/wp-json\/wp\/v2\/product_tag?post=6673"}],"curies":[{"name":"wp","href":"https:\/\/api.w.org\/{rel}","templated":true}]}}