{"id":7124,"date":"2026-04-28T15:52:20","date_gmt":"2026-04-28T13:52:20","guid":{"rendered":"https:\/\/dev.mrotex.com\/sklep\/bez-kategorii\/imoove-600\/"},"modified":"2026-05-08T14:29:18","modified_gmt":"2026-05-08T12:29:18","slug":"imoove-600","status":"publish","type":"product","link":"https:\/\/www.mrotex.com\/fr\/sklep\/sprzet-uzywany\/imoove-600\/","title":{"rendered":"IMOOVE 600"},"content":{"rendered":"<p><a href=\"https:\/\/www.youtube.com\/channel\/UCO9jkispVxk3T-bxFK2ll7Q\">imoove.tv<\/a><\/p>\n<div class=\"col-md-7\">\n<p class=\"text-justify text-ident-1\">Imoove 600 jest prze\u0142omem w dziedzinie fizjoterapii. Mo\u017cna go zastosowa\u0107 w rehabilitacji neurofunkcjonalnej oraz sportowej. Jego zastosowania s\u0105 liczne: rehabilitacja uk\u0142adu mi\u0119\u015bniowo-szkieletowego, rehabilitacja neurofunkcjonalna, traumatologia, przywracanie czucia proprioceptywnego i si\u0142y mi\u0119\u015bniowej.<br \/>W pe\u0142nej wersji urz\u0105dzenia s\u0105 dost\u0119pne programy reedukacji ruchowej, programy dla sportowc\u00f3w minimalizuj\u0105ce ryzyko kontuzji oraz programy fitness i spa. Urz\u0105dzenie posiada 200 program\u00f3w zabiegowych, co przek\u0142ada si\u0119 na mo\u017cliwo\u015b\u0107 uzyskania 1000 r\u00f3\u017cnych \u0107wicze\u0144 i dziesi\u0105tki godzin terapeutycznych.<br \/>Aby dobra\u0107 odpowiedni trening funkcjonalny, nale\u017cy wykona\u0107 badania diagnostyczne. Pacjent przez minut\u0119 wykonuje okre\u015blone ruchy na platformie a specjalny czujnik odczytuje poziom koordynacji ko\u0144czyn g\u00f3rnych. Wynik mo\u017cemy zapisa\u0107 na no\u015bniku USB. Na jego podstawie uk\u0142adany jest plan treningowy.<br \/>Du\u017ca ilo\u015b\u0107 program\u00f3w pozwala na dostosowanie treningu do ka\u017cdego problemu terapeutycznego. Na ekranie dotykowym jest dok\u0142adnie opisany ka\u017cdy z program\u00f3w \u0142\u0105cznie z parametrami. Pilot zdalnego sterowania ma \u0142\u0105czno\u015b\u0107 z iPodem i iPadem.<br \/>Mo\u017cliwa jest regulacja platformy i tryb pracy symetrycznej lub niesymetrycznej w zale\u017cno\u015bci, kt\u00f3r\u0105 stron\u0119 mi\u0119\u015bni pacjenta chcemy aktywowa\u0107.<br \/>Imoove 600 to urz\u0105dzenie do rehabilitacji, kt\u00f3re pracuje w oparciu o naturalne ruchy wykonywane na co dzie\u0144. Leczenie jest w pe\u0142ni bezpieczne z precyzyjn\u0105 regulacj\u0105 amplitudy ruch\u00f3w platformy. Dzi\u0119ki sze\u015bciu por\u0119cznym ramionom bocznym, mo\u017cemy precyzyjnie pracowa\u0107 na danej grupie mi\u0119\u015bniowej.<br \/>Ponadto nasi klienci mog\u0105 korzysta\u0107 z witryny IMOOVE CLUB, gdzie znajduj\u0105 si\u0119 filmiki instrukta\u017cowe, kt\u00f3re mo\u017cna zaimportowa\u0107 na no\u015bnik USB.<\/p>\n<\/div>\n<p>Urz\u0105dzenie pokazowe. <br \/>Kontakt:<br \/>agnes@www.mrotex.com; tel. 693 072\u00a0 500<\/p>","protected":false},"excerpt":{"rendered":"<p>Imoove jest to opatentowane urz\u0105dzenie do treningu funkcjonalnego. Jest ono wykorzystywane w zakresie treningu jak r\u00f3wnie\u017c w fizjoterapii i rehabilitacji.<\/p>","protected":false},"featured_media":9353,"comment_status":"closed","ping_status":"open","template":"","meta":{"_acf_changed":false},"product_brand":[],"product_cat":[106],"product_tag":[],"class_list":{"0":"post-7124","1":"product","2":"type-product","3":"status-publish","4":"has-post-thumbnail","6":"product_cat-sprzet-uzywany","8":"first","9":"instock","10":"taxable","11":"shipping-taxable","12":"purchasable","13":"product-type-simple"},"acf":[],"_links":{"self":[{"href":"https:\/\/www.mrotex.com\/fr\/wp-json\/wp\/v2\/product\/7124","targetHints":{"allow":["GET"]}}],"collection":[{"href":"https:\/\/www.mrotex.com\/fr\/wp-json\/wp\/v2\/product"}],"about":[{"href":"https:\/\/www.mrotex.com\/fr\/wp-json\/wp\/v2\/types\/product"}],"replies":[{"embeddable":true,"href":"https:\/\/www.mrotex.com\/fr\/wp-json\/wp\/v2\/comments?post=7124"}],"wp:featuredmedia":[{"embeddable":true,"href":"https:\/\/www.mrotex.com\/fr\/wp-json\/wp\/v2\/media\/9353"}],"wp:attachment":[{"href":"https:\/\/www.mrotex.com\/fr\/wp-json\/wp\/v2\/media?parent=7124"}],"wp:term":[{"taxonomy":"product_brand","embeddable":true,"href":"https:\/\/www.mrotex.com\/fr\/wp-json\/wp\/v2\/product_brand?post=7124"},{"taxonomy":"product_cat","embeddable":true,"href":"https:\/\/www.mrotex.com\/fr\/wp-json\/wp\/v2\/product_cat?post=7124"},{"taxonomy":"product_tag","embeddable":true,"href":"https:\/\/www.mrotex.com\/fr\/wp-json\/wp\/v2\/product_tag?post=7124"}],"curies":[{"name":"wp","href":"https:\/\/api.w.org\/{rel}","templated":true}]}}