{"id":7130,"date":"2026-04-28T15:52:23","date_gmt":"2026-04-28T13:52:23","guid":{"rendered":"https:\/\/dev.mrotex.com\/sklep\/bez-kategorii\/kombajn-kosmetyczny-venus\/"},"modified":"2026-05-08T14:29:18","modified_gmt":"2026-05-08T12:29:18","slug":"kombajn-kosmetyczny-venus","status":"publish","type":"product","link":"https:\/\/www.mrotex.com\/fr\/sklep\/sprzet-uzywany\/kombajn-kosmetyczny-venus\/","title":{"rendered":"KOMBAJN KOSMETYCZNY VENUS"},"content":{"rendered":"<p><strong>Urz\u0105dzenie jest nowe, u\u017cyte jedynie w calach szkoleniowych. Do\u0142\u0105czamy faktur\u0119 zakupu, kart\u0119 gwarancyjn\u0105 oraz instrukcje obs\u0142ugi.<\/strong><\/p>\n<div>MULTI \u2013 ZADANIOWE URZ\u0104DZENIE w obudowie TOWER to nowoczesny i jedyny na rynku kosmetycznym kombajn z mo\u017cliwo\u015bci\u0105 personalizacji funkcji zgodnie z oczekiwaniami klienta oraz kolorowym, dotykowym wy\u015bwietlaczem.<\/div>\n<div>\u00a0<\/div>\n<div>Urz\u0105dzenie posiada funkcje:<\/div>\n<div>\u00a0<\/div>\n<div>MIKRODERMABRAZJA DIAMENTOWA \u2013 z\u0142uszczanie nask\u00f3ra za pomoc\u0105 diamentowych frez\u00f3w<\/div>\n<div>\u00a0<\/div>\n<div>MIKRODERMABRAZJA KORUNDOWA \u2013 z\u0142uszanie nask\u00f3rka za pomoc\u0105 piasku korundowego<\/div>\n<div>\u00a0<\/div>\n<div>MEZOTERAPIA BEZIG\u0141OWA \u2013 wt\u0142aczanie substancji aktywnych w g\u0142\u0119bokie partie sk\u00f3ry za pomoc\u0105 fali ultrad\u017cwi\u0119kowej<\/div>\n<div>\u00a0<\/div>\n<div>PEELING KAWITACYJNY bezinwacyjna metoda oczyszczania sk\u00f3ry<\/div>\n<div>\u00a0<\/div>\n<div>G\u0141OWICE ULTRAD\u0179WI\u0118KOWE<\/div>\n<div>\u00a0<\/div>\n<div>PR\u0104DY GALWANICZNE<\/div>\n<div>\u00a0<\/div>\n<div>DERMOMASA\u017bER\u00a0 zabieg polegaj\u0105cy na masa\u017cu endodermicznym z jednoczesym masa\u017cem specjaln\u0105 g\u0142owic\u0105<\/div>\n<div>\u00a0<\/div>\n<div>LIPOLASER\u00a0 zabieg odchudzaj\u0105cy, spalaj\u0105cy tkank\u0119 t\u0142uszczow\u0105 za pomoc\u0105 lipolzy. Posiada r\u00f3wnie\u017c funkcj\u0119 infrared \u2013 podgrzanie tkanek<\/div>\n<div>\u00a0<\/div>\n<div>ZALETY URZ\u0104DZENIA<\/div>\n<div>\u2013 Indywidualny dob\u00f3r funkcji<\/div>\n<div>\u2013 Zdecydowanie ni\u017csza cena urz\u0105dze\u0144 w kombajnie, ni\u017c kupowanych oddzielnie<\/div>\n<div>\u2013 Oszcz\u0119dno\u015b\u0107 miejsca \u2013 jedno urz\u0105dzenie \u2013 wiele mo\u017cliwo\u015bci<\/div>\n<div>\u00a0<\/div>\n<p><strong><strong>kontakt Polska : 727 933 139 \/ 691 628 520; recepcja@urodatrawinska.pl<br \/><\/strong><\/strong><\/p>","protected":false},"excerpt":{"rendered":"<div>MULTI \u2013 ZADANIOWE URZ\u0104DZENIE w obudowie TOWER to nowoczesny i jedyny na rynku kosmetycznym kombajn z mo\u017cliwo\u015bci\u0105 personalizacji funkcji zgodnie z oczekiwaniami klienta oraz kolorowym, dotykowym wy\u015bwietlaczem.<\/div>\n<div>\n<div><strong>CENA zakupu 18 531 brutto\u00a0\u00a0 Cena sprzeda\u017cy 13 000 brutto &#8211; do negocjacji <\/strong><\/div>\n<div><strong>data zakupu : 30.11.2015 gwarancja 12 miesi\u0119cy<\/strong><\/div>\n<div><\/div>\n<\/div>","protected":false},"featured_media":9355,"comment_status":"closed","ping_status":"open","template":"","meta":{"_acf_changed":false},"product_brand":[],"product_cat":[106],"product_tag":[],"class_list":{"0":"post-7130","1":"product","2":"type-product","3":"status-publish","4":"has-post-thumbnail","6":"product_cat-sprzet-uzywany","8":"first","9":"instock","10":"taxable","11":"shipping-taxable","12":"purchasable","13":"product-type-simple"},"acf":[],"_links":{"self":[{"href":"https:\/\/www.mrotex.com\/fr\/wp-json\/wp\/v2\/product\/7130","targetHints":{"allow":["GET"]}}],"collection":[{"href":"https:\/\/www.mrotex.com\/fr\/wp-json\/wp\/v2\/product"}],"about":[{"href":"https:\/\/www.mrotex.com\/fr\/wp-json\/wp\/v2\/types\/product"}],"replies":[{"embeddable":true,"href":"https:\/\/www.mrotex.com\/fr\/wp-json\/wp\/v2\/comments?post=7130"}],"wp:featuredmedia":[{"embeddable":true,"href":"https:\/\/www.mrotex.com\/fr\/wp-json\/wp\/v2\/media\/9355"}],"wp:attachment":[{"href":"https:\/\/www.mrotex.com\/fr\/wp-json\/wp\/v2\/media?parent=7130"}],"wp:term":[{"taxonomy":"product_brand","embeddable":true,"href":"https:\/\/www.mrotex.com\/fr\/wp-json\/wp\/v2\/product_brand?post=7130"},{"taxonomy":"product_cat","embeddable":true,"href":"https:\/\/www.mrotex.com\/fr\/wp-json\/wp\/v2\/product_cat?post=7130"},{"taxonomy":"product_tag","embeddable":true,"href":"https:\/\/www.mrotex.com\/fr\/wp-json\/wp\/v2\/product_tag?post=7130"}],"curies":[{"name":"wp","href":"https:\/\/api.w.org\/{rel}","templated":true}]}}