{"id":7154,"date":"2026-04-28T15:54:05","date_gmt":"2026-04-28T13:54:05","guid":{"rendered":"https:\/\/dev.mrotex.com\/sklep\/bez-kategorii\/carboxytherapy-dual-mc4-karboksyterapia\/"},"modified":"2026-05-08T14:29:23","modified_gmt":"2026-05-08T12:29:23","slug":"carboxytherapy-dual-mc4-karboksyterapia","status":"publish","type":"product","link":"https:\/\/www.mrotex.com\/fr\/sklep\/sprzet-uzywany\/carboxytherapy-dual-mc4-karboksyterapia\/","title":{"rendered":"Carboxytherapy Dual MC4 Karboksyterapia"},"content":{"rendered":"<p>Medyczne urz\u0105dzenie do karboksyterapii. Jedyna oryginalna technologia.<\/p>\n<p>Urz\u0105dzenie u\u017cywane jeszcze prawie 2 lata! na gwarancji producenta, zakupione od producenta.<\/p>\n<p>Stan bardzo dobry.<\/p>\n<p>Butla nowa.<\/p>\n<p><a href=\"mailto:alicja_kaczorowska@wp.pl\">alicja_kaczorowska@wp.pl<\/a><\/p>\n<p>Alicja Kaczorowska<\/p>\n<p>+48 792-272-297<\/p>\n<p>\u00a0<\/p>","protected":false},"excerpt":{"rendered":"<p>Odbi\u00f3r osobisty we Wroc\u0142awiu lub wysy\u0142ka po wcze\u015bniejszym obejrzeniu.<\/p>\n<p>Cena 25.000 netto + vat 8%<\/p>\n<p>Urz\u0105dzenie zakupione w 2016 roku. Cena nowej to 37.000 zl.<\/p>","protected":false},"featured_media":9371,"comment_status":"closed","ping_status":"open","template":"","meta":{"_acf_changed":false},"product_brand":[],"product_cat":[106],"product_tag":[],"class_list":{"0":"post-7154","1":"product","2":"type-product","3":"status-publish","4":"has-post-thumbnail","6":"product_cat-sprzet-uzywany","8":"first","9":"instock","10":"taxable","11":"shipping-taxable","12":"purchasable","13":"product-type-simple"},"acf":[],"_links":{"self":[{"href":"https:\/\/www.mrotex.com\/fr\/wp-json\/wp\/v2\/product\/7154","targetHints":{"allow":["GET"]}}],"collection":[{"href":"https:\/\/www.mrotex.com\/fr\/wp-json\/wp\/v2\/product"}],"about":[{"href":"https:\/\/www.mrotex.com\/fr\/wp-json\/wp\/v2\/types\/product"}],"replies":[{"embeddable":true,"href":"https:\/\/www.mrotex.com\/fr\/wp-json\/wp\/v2\/comments?post=7154"}],"wp:featuredmedia":[{"embeddable":true,"href":"https:\/\/www.mrotex.com\/fr\/wp-json\/wp\/v2\/media\/9371"}],"wp:attachment":[{"href":"https:\/\/www.mrotex.com\/fr\/wp-json\/wp\/v2\/media?parent=7154"}],"wp:term":[{"taxonomy":"product_brand","embeddable":true,"href":"https:\/\/www.mrotex.com\/fr\/wp-json\/wp\/v2\/product_brand?post=7154"},{"taxonomy":"product_cat","embeddable":true,"href":"https:\/\/www.mrotex.com\/fr\/wp-json\/wp\/v2\/product_cat?post=7154"},{"taxonomy":"product_tag","embeddable":true,"href":"https:\/\/www.mrotex.com\/fr\/wp-json\/wp\/v2\/product_tag?post=7154"}],"curies":[{"name":"wp","href":"https:\/\/api.w.org\/{rel}","templated":true}]}}