{"id":7163,"date":"2026-04-28T15:54:09","date_gmt":"2026-04-28T13:54:09","guid":{"rendered":"https:\/\/dev.mrotex.com\/sklep\/bez-kategorii\/bellezza-exel-frax-dlr-rf\/"},"modified":"2026-05-08T14:29:24","modified_gmt":"2026-05-08T12:29:24","slug":"bellezza-exel-frax-dlr-rf","status":"publish","type":"product","link":"https:\/\/www.mrotex.com\/fr\/sklep\/sprzet-uzywany\/bellezza-exel-frax-dlr-rf\/","title":{"rendered":"Bellezza Exel Frax DLR RF"},"content":{"rendered":"<p>Urz\u0105dzenie nie by\u0142o u\u017cywane. Jest do obejrzenia w Olsztynie. Kontakt do mnie Agnieszka Jaszczuk 794 122 946. Pokrywam koszty ewentualnej wysy\u0142ki.<\/p>\n<p>Kontakt:<br \/>agnieszka-bojarowicz@wp.pl<br \/>+48 794 122 946<\/p>","protected":false},"excerpt":{"rendered":"<p>Urz\u0105dzenie Nowe !<\/p>","protected":false},"featured_media":9376,"comment_status":"closed","ping_status":"open","template":"","meta":{"_acf_changed":false},"product_brand":[],"product_cat":[106],"product_tag":[],"class_list":{"0":"post-7163","1":"product","2":"type-product","3":"status-publish","4":"has-post-thumbnail","6":"product_cat-sprzet-uzywany","8":"first","9":"instock","10":"taxable","11":"shipping-taxable","12":"purchasable","13":"product-type-simple"},"acf":[],"_links":{"self":[{"href":"https:\/\/www.mrotex.com\/fr\/wp-json\/wp\/v2\/product\/7163","targetHints":{"allow":["GET"]}}],"collection":[{"href":"https:\/\/www.mrotex.com\/fr\/wp-json\/wp\/v2\/product"}],"about":[{"href":"https:\/\/www.mrotex.com\/fr\/wp-json\/wp\/v2\/types\/product"}],"replies":[{"embeddable":true,"href":"https:\/\/www.mrotex.com\/fr\/wp-json\/wp\/v2\/comments?post=7163"}],"wp:featuredmedia":[{"embeddable":true,"href":"https:\/\/www.mrotex.com\/fr\/wp-json\/wp\/v2\/media\/9376"}],"wp:attachment":[{"href":"https:\/\/www.mrotex.com\/fr\/wp-json\/wp\/v2\/media?parent=7163"}],"wp:term":[{"taxonomy":"product_brand","embeddable":true,"href":"https:\/\/www.mrotex.com\/fr\/wp-json\/wp\/v2\/product_brand?post=7163"},{"taxonomy":"product_cat","embeddable":true,"href":"https:\/\/www.mrotex.com\/fr\/wp-json\/wp\/v2\/product_cat?post=7163"},{"taxonomy":"product_tag","embeddable":true,"href":"https:\/\/www.mrotex.com\/fr\/wp-json\/wp\/v2\/product_tag?post=7163"}],"curies":[{"name":"wp","href":"https:\/\/api.w.org\/{rel}","templated":true}]}}