{"id":7190,"date":"2026-04-28T15:54:56","date_gmt":"2026-04-28T13:54:56","guid":{"rendered":"https:\/\/dev.mrotex.com\/sklep\/bez-kategorii\/meso-t8\/"},"modified":"2026-05-08T14:29:24","modified_gmt":"2026-05-08T12:29:24","slug":"meso-t8","status":"publish","type":"product","link":"https:\/\/www.mrotex.com\/fr\/sklep\/sprzet-uzywany\/meso-t8\/","title":{"rendered":"Meso T8"},"content":{"rendered":"<p>La Perla<br \/>tel.\u00a0<strong><a href=\"tel:602792682\">602 792 682<\/a><\/strong><br \/><a class=\"osm-gtm-email\" href=\"mailto:biuro@la-perla.pl\">biuro@la-perla.pl<\/a><\/p>\n<p>Stan urz\u0105dzenia: bardzo dobry.\u00a0<br \/>Bezinwazyjna alternatywa dla mezoterapii<br \/>Warstwa rogowa nask\u00f3rka stanowi barier\u0119 chroni\u0105c\u0105 sk\u00f3r\u0119 przed dzia\u0142aniem szkodliwych czynnik\u00f3w zewn\u0119trznych oraz odwodnieniem. Niestety \u201echroni\u201d j\u0105 ona tak\u017ce przed sk\u0142adnikami aktywnymi zawartymi w kosmetykach, sprawiaj\u0105c, \u017ce praktycznie nie maj\u0105 one mo\u017cliwo\u015bci dotrze\u0107 do sk\u00f3ry w\u0142a\u015bciwej. Co za tym idzie, efekty ich dzia\u0142ania nie s\u0105 satysfakcjonuj\u0105ce. Do niedawna jedyn\u0105 skuteczn\u0105 metod\u0105 odm\u0142adzania i g\u0142\u0119bokiego nawil\u017cania sk\u00f3ry by\u0142a inwazyjna mezoterapia z wykorzystaniem igie\u0142.<br \/>Meso T8 to innowacyjna, niezwykle skuteczna i ca\u0142kowicie nieinwazyjna metoda mezoterapii wykorzystuj\u0105ca frakcyjny pr\u0105d sinusoidalny, kt\u00f3ry otwiera \u201ekana\u0142y wodne\u201d w warstwie podstawnej sk\u00f3ry. Dzi\u0119ki temu substancje aktywne przenikaj\u0105 poprzez warstw\u0119 rogow\u0105 nask\u00f3rka i dostaj\u0105 si\u0119 do wn\u0119trza kom\u00f3rek w g\u0142\u0119bszych warstwach, redukuj\u0105c zmarszczki, od\u017cywiaj\u0105c i nawil\u017caj\u0105c sk\u00f3r\u0119. Dzi\u0119ki wymieszaniu sk\u0142adnik\u00f3w aktywnych ze specjalnym \u017celem przedostaj\u0105 si\u0119 one przez barier\u0119 sk\u00f3rn\u0105 nie powoduj\u0105c uszkodze\u0144.<br \/>Mezotransdukcja z wykorzystaniem urz\u0105dzenia Meso T8 pozwala na u\u017cycie wszystkich cz\u0105steczek sk\u0142adnik\u00f3w aktywnych rozpuszczalnych w wodzie, co wcze\u015bniej by\u0142o mo\u017cliwe tylko za pomoc\u0105 iniekcji.<br \/>Zabieg trwa od 40 do 60 minut, odbywa si\u0119 bez najmniejszego dyskomfortu dla pacjenta, a jego rezultaty s\u0105 widoczne natychmiast.<br \/>Do zabiegu wykorzystuje si\u0119 dobrane do indywidualnego problemu specjalne substancje aktywne.<\/p>","protected":false},"excerpt":{"rendered":"<p>La Perlatel.\u00a0602 792 682biuro@la-perla.pl Stan urz\u0105dzenia: bardzo dobry.\u00a0Bezinwazyjna alternatywa dla mezoterapiiWarstwa rogowa nask\u00f3rka stanowi barier\u0119 chroni\u0105c\u0105 sk\u00f3r\u0119 przed dzia\u0142aniem szkodliwych czynnik\u00f3w zewn\u0119trznych oraz odwodnieniem. Niestety \u201echroni\u201d j\u0105 ona tak\u017ce przed sk\u0142adnikami aktywnymi zawartymi w kosmetykach, sprawiaj\u0105c, \u017ce praktycznie nie maj\u0105 one mo\u017cliwo\u015bci dotrze\u0107 do sk\u00f3ry w\u0142a\u015bciwej. Co za tym idzie, efekty ich dzia\u0142ania nie s\u0105 [&hellip;]<\/p>\n","protected":false},"featured_media":9393,"comment_status":"closed","ping_status":"open","template":"","meta":{"_acf_changed":false},"product_brand":[],"product_cat":[106],"product_tag":[],"class_list":{"0":"post-7190","1":"product","2":"type-product","3":"status-publish","4":"has-post-thumbnail","6":"product_cat-sprzet-uzywany","8":"first","9":"instock","10":"taxable","11":"shipping-taxable","12":"purchasable","13":"product-type-simple"},"acf":[],"_links":{"self":[{"href":"https:\/\/www.mrotex.com\/fr\/wp-json\/wp\/v2\/product\/7190","targetHints":{"allow":["GET"]}}],"collection":[{"href":"https:\/\/www.mrotex.com\/fr\/wp-json\/wp\/v2\/product"}],"about":[{"href":"https:\/\/www.mrotex.com\/fr\/wp-json\/wp\/v2\/types\/product"}],"replies":[{"embeddable":true,"href":"https:\/\/www.mrotex.com\/fr\/wp-json\/wp\/v2\/comments?post=7190"}],"wp:featuredmedia":[{"embeddable":true,"href":"https:\/\/www.mrotex.com\/fr\/wp-json\/wp\/v2\/media\/9393"}],"wp:attachment":[{"href":"https:\/\/www.mrotex.com\/fr\/wp-json\/wp\/v2\/media?parent=7190"}],"wp:term":[{"taxonomy":"product_brand","embeddable":true,"href":"https:\/\/www.mrotex.com\/fr\/wp-json\/wp\/v2\/product_brand?post=7190"},{"taxonomy":"product_cat","embeddable":true,"href":"https:\/\/www.mrotex.com\/fr\/wp-json\/wp\/v2\/product_cat?post=7190"},{"taxonomy":"product_tag","embeddable":true,"href":"https:\/\/www.mrotex.com\/fr\/wp-json\/wp\/v2\/product_tag?post=7190"}],"curies":[{"name":"wp","href":"https:\/\/api.w.org\/{rel}","templated":true}]}}