{"id":7196,"date":"2026-04-28T15:55:00","date_gmt":"2026-04-28T13:55:00","guid":{"rendered":"https:\/\/dev.mrotex.com\/sklep\/bez-kategorii\/focus-rf\/"},"modified":"2026-05-08T14:29:25","modified_gmt":"2026-05-08T12:29:25","slug":"focus-rf","status":"publish","type":"product","link":"https:\/\/www.mrotex.com\/fr\/sklep\/sprzet-uzywany\/focus-rf\/","title":{"rendered":"Focus RF"},"content":{"rendered":"<p>La Perla<br \/>tel.\u00a0<strong><a href=\"tel:602792682\">602 792 682<\/a><\/strong><br \/><a class=\"osm-gtm-email\" href=\"mailto:biuro@la-perla.pl\">biuro@la-perla.pl<\/a><\/p>\n<p>Stan urz\u0105dzenia: bardzo dobry. Focus RF+ jest przeznaczony do zabieg\u00f3w liftinguj\u0105cych, uj\u0119drniaj\u0105cych i modeluj\u0105cych sylwetk\u0119. Zastosowana w nim fala radiowa powoduje wytworzenie energii cieplnej w sk\u00f3rze, dzi\u0119ki czemu w\u0142\u00f3kna kolagenowe obkurczaj\u0105 si\u0119 i pogrubiaj\u0105. Po stosowaniu zabieg\u00f3w Focus RF widzimy wyra\u017ane uj\u0119drnienie, podniesienie i zag\u0119szczenie sk\u00f3ry.<br \/>Technologia Auto-Focus 3D bezpiecznie i skutecznie ogrzewa tkanki na r\u00f3\u017cnych g\u0142\u0119boko\u015bciach. Pozwala na ustawienie dzia\u0142ania impuls\u00f3w na precyzyjnie ustalon\u0105 g\u0142\u0119boko\u015b\u0107 sk\u00f3ry w\u0142a\u015bciwej i tkanki podsk\u00f3rnej. Zwi\u0119kszona aktywno\u015b\u0107 fibroblast\u00f3w powoduje odm\u0142odzenie sk\u00f3ry, co z kolei inicjuje procesy jej odnowy. Podczas zabieg\u00f3w liftinguj\u0105cych urz\u0105dzenie wywo\u0142uje chwilowe podgrzanie i delikatne rozci\u0105gni\u0119cie w\u0142\u00f3kien kolagenowych, co powoduje reakcj\u0119 odwrotn\u0105, czyli ich skr\u00f3cenie.<\/p>","protected":false},"excerpt":{"rendered":"<p>La Perlatel.\u00a0602 792 682biuro@la-perla.pl Stan urz\u0105dzenia: bardzo dobry. Focus RF+ jest przeznaczony do zabieg\u00f3w liftinguj\u0105cych, uj\u0119drniaj\u0105cych i modeluj\u0105cych sylwetk\u0119. Zastosowana w nim fala radiowa powoduje wytworzenie energii cieplnej w sk\u00f3rze, dzi\u0119ki czemu w\u0142\u00f3kna kolagenowe obkurczaj\u0105 si\u0119 i pogrubiaj\u0105. Po stosowaniu zabieg\u00f3w Focus RF widzimy wyra\u017ane uj\u0119drnienie, podniesienie i zag\u0119szczenie sk\u00f3ry.Technologia Auto-Focus 3D bezpiecznie i skutecznie [&hellip;]<\/p>\n","protected":false},"featured_media":9395,"comment_status":"closed","ping_status":"open","template":"","meta":{"_acf_changed":false},"product_brand":[],"product_cat":[106],"product_tag":[],"class_list":{"0":"post-7196","1":"product","2":"type-product","3":"status-publish","4":"has-post-thumbnail","6":"product_cat-sprzet-uzywany","8":"first","9":"instock","10":"taxable","11":"shipping-taxable","12":"purchasable","13":"product-type-simple"},"acf":[],"_links":{"self":[{"href":"https:\/\/www.mrotex.com\/fr\/wp-json\/wp\/v2\/product\/7196","targetHints":{"allow":["GET"]}}],"collection":[{"href":"https:\/\/www.mrotex.com\/fr\/wp-json\/wp\/v2\/product"}],"about":[{"href":"https:\/\/www.mrotex.com\/fr\/wp-json\/wp\/v2\/types\/product"}],"replies":[{"embeddable":true,"href":"https:\/\/www.mrotex.com\/fr\/wp-json\/wp\/v2\/comments?post=7196"}],"wp:featuredmedia":[{"embeddable":true,"href":"https:\/\/www.mrotex.com\/fr\/wp-json\/wp\/v2\/media\/9395"}],"wp:attachment":[{"href":"https:\/\/www.mrotex.com\/fr\/wp-json\/wp\/v2\/media?parent=7196"}],"wp:term":[{"taxonomy":"product_brand","embeddable":true,"href":"https:\/\/www.mrotex.com\/fr\/wp-json\/wp\/v2\/product_brand?post=7196"},{"taxonomy":"product_cat","embeddable":true,"href":"https:\/\/www.mrotex.com\/fr\/wp-json\/wp\/v2\/product_cat?post=7196"},{"taxonomy":"product_tag","embeddable":true,"href":"https:\/\/www.mrotex.com\/fr\/wp-json\/wp\/v2\/product_tag?post=7196"}],"curies":[{"name":"wp","href":"https:\/\/api.w.org\/{rel}","templated":true}]}}