{"id":7199,"date":"2026-04-28T15:55:02","date_gmt":"2026-04-28T13:55:02","guid":{"rendered":"https:\/\/dev.mrotex.com\/sklep\/bez-kategorii\/cryolab\/"},"modified":"2026-05-08T14:29:25","modified_gmt":"2026-05-08T12:29:25","slug":"cryolab","status":"publish","type":"product","link":"https:\/\/www.mrotex.com\/fr\/sklep\/sprzet-uzywany\/cryolab\/","title":{"rendered":"CRYOLAB"},"content":{"rendered":"<div class=\"offer_full_description\">La Perla<br \/>tel.\u00a0<strong><a href=\"tel:602792682\">602 792 682<\/a><\/strong><br \/><a class=\"osm-gtm-email\" href=\"mailto:biuro@la-perla.pl\">biuro@la-perla.pl<\/a><\/div>\n<div class=\"offer_full_description\"><\/div>\n<div class=\"offer_full_description\">Cryolab\/Kriolipoliza to trzy technologie w jednym \u2013 dla pi\u0119knej sk\u00f3ry twarzy i cia\u0142a. Kriopoliza (dostepna w miastach: Krak\u00f3w, Rzesz\u00f3, Warszawa) to zabieg odm\u0142adzaj\u0105cy i uj\u0119drniaj\u0105cy wykonywany na wielofunkcyjnym urz\u0105dzeniu Cryolab. Zabieg zalecany jest zar\u00f3wno na twarz, jak i na cia\u0142o, w celu likwidacji tkanki t\u0142uszczowej, miejscowej oty\u0142o\u015bci oraz cellulitu. Wykorzystuje ono technologi\u0119 mono- lub bipolarnej fali radiowej, ultrad\u017awi\u0119k\u00f3w o niskiej cz\u0119stotliwo\u015bci, zasysania pr\u00f3\u017cniowego, kriolipolizy czyli redukcji tkanki t\u0142uszczowej w minusowej temperaturze.<\/p>\n<p>Zabieg redukcji tkanki t\u0142uszczowej sk\u0142ada si\u0119 z trzech etap\u00f3w. Najpierw ultrad\u017awi\u0119ki o niskiej cz\u0119stotliwo\u015bci rozbijaj\u0105 kom\u00f3rki t\u0142uszczowe. Nast\u0119pnie fala radiowa sprawia, \u017ce kwasy t\u0142uszczowe i toksyny s\u0105 wydalane z organizmu przez uk\u0142ad limfatyczny. W ostatnim etapie kom\u00f3rki zostaj\u0105 zamro\u017cone do temperatury -3\u00b0C, co prowadzi do ich obumarcia.<\/p>\n<p>Zabieg redukcji cellulitu polega na zastosowaniu fal radiowych, kt\u00f3re podgrzewaj\u0105 sk\u00f3r\u0119 do 45\u00b0C. W tej temperaturze kwasy t\u0142uszczowe zostaj\u0105 uwolnione i nast\u0119puje wzrost kr\u0105\u017cenia krwi oraz dotlenienia, co u\u0142atwia wydalanie kom\u00f3rek t\u0142uszczowych. W\u0142\u00f3kna kolagenowe i elastynowe kurcz\u0105 si\u0119, powoduj\u0105c napi\u0119cie sk\u00f3ry i redukcj\u0119 cellulitu.<\/p><\/div><\/p>","protected":false},"excerpt":{"rendered":"<p>La Perlatel.\u00a0602 792 682biuro@la-perla.pl Cryolab\/Kriolipoliza to trzy technologie w jednym \u2013 dla pi\u0119knej sk\u00f3ry twarzy i cia\u0142a. Kriopoliza (dostepna w miastach: Krak\u00f3w, Rzesz\u00f3, Warszawa) to zabieg odm\u0142adzaj\u0105cy i uj\u0119drniaj\u0105cy wykonywany na wielofunkcyjnym urz\u0105dzeniu Cryolab. Zabieg zalecany jest zar\u00f3wno na twarz, jak i na cia\u0142o, w celu likwidacji tkanki t\u0142uszczowej, miejscowej oty\u0142o\u015bci oraz cellulitu. Wykorzystuje ono [&hellip;]<\/p>\n","protected":false},"featured_media":9396,"comment_status":"closed","ping_status":"open","template":"","meta":{"_acf_changed":false},"product_brand":[],"product_cat":[106],"product_tag":[],"class_list":{"0":"post-7199","1":"product","2":"type-product","3":"status-publish","4":"has-post-thumbnail","6":"product_cat-sprzet-uzywany","8":"first","9":"instock","10":"taxable","11":"shipping-taxable","12":"purchasable","13":"product-type-simple"},"acf":[],"_links":{"self":[{"href":"https:\/\/www.mrotex.com\/fr\/wp-json\/wp\/v2\/product\/7199","targetHints":{"allow":["GET"]}}],"collection":[{"href":"https:\/\/www.mrotex.com\/fr\/wp-json\/wp\/v2\/product"}],"about":[{"href":"https:\/\/www.mrotex.com\/fr\/wp-json\/wp\/v2\/types\/product"}],"replies":[{"embeddable":true,"href":"https:\/\/www.mrotex.com\/fr\/wp-json\/wp\/v2\/comments?post=7199"}],"wp:featuredmedia":[{"embeddable":true,"href":"https:\/\/www.mrotex.com\/fr\/wp-json\/wp\/v2\/media\/9396"}],"wp:attachment":[{"href":"https:\/\/www.mrotex.com\/fr\/wp-json\/wp\/v2\/media?parent=7199"}],"wp:term":[{"taxonomy":"product_brand","embeddable":true,"href":"https:\/\/www.mrotex.com\/fr\/wp-json\/wp\/v2\/product_brand?post=7199"},{"taxonomy":"product_cat","embeddable":true,"href":"https:\/\/www.mrotex.com\/fr\/wp-json\/wp\/v2\/product_cat?post=7199"},{"taxonomy":"product_tag","embeddable":true,"href":"https:\/\/www.mrotex.com\/fr\/wp-json\/wp\/v2\/product_tag?post=7199"}],"curies":[{"name":"wp","href":"https:\/\/api.w.org\/{rel}","templated":true}]}}