{"id":7341,"date":"2026-04-28T16:10:00","date_gmt":"2026-04-28T14:10:00","guid":{"rendered":"https:\/\/dev.mrotex.com\/sklep\/bez-kategorii\/utims\/"},"modified":"2026-05-08T14:29:33","modified_gmt":"2026-05-08T12:29:33","slug":"utims","status":"publish","type":"product","link":"https:\/\/www.mrotex.com\/fr\/sklep\/sprzet-uzywany\/utims\/","title":{"rendered":"UTIMS"},"content":{"rendered":"<p>Dzi\u0119ki UTIMS BODY osi\u0105gamy spektakularne efekty redukcji tkanki t\u0142uszczowej,\u00a0przy zachowaniu komfortu zabiegu. Producenci UTIMS BODY poszli o krok dalej\u00a0i stworzyli technologi\u0119 HIFU, kt\u00f3ra umo\u017cliwia znacznie g\u0142\u0119bsz\u0105 penetracj\u0119 tkanki\u00a0a\u017c do 18 mm, tak by trwale usun\u0105\u0107 tkank\u0119 t\u0142uszczow\u0105, a tym samym skutecznie\u00a0zmniejszy\u0107 obw\u00f3d brzucha, ud czy ramion \u2013 miejsc, w kt\u00f3rych odk\u0142adanie\u00a0tkanki t\u0142uszczowej jest wyj\u0105tkowo uporczywe. Dzi\u0119ki zastosowaniu unikatowej\u00a0konstrukcji aplikator\u00f3w emisji fal \u2013 UTIMS BODY gwarantuje skuteczne\u00a0i komfortowe zabiegi bez ryzyka poparze\u0144.<\/p>\n<ul>\n<li>6 typ\u00f3w kartrid\u017cy o r\u00f3\u017cnym zasi\u0119gu i g\u0142\u0119boko\u015bci penetracji, pozwala na zastosowanie technologii na wielu obszarach<\/li>\n<li>3 specjalne kartrid\u017ce do redukcji tkanki t\u0142uszczowej dzia\u0142aj\u0105ce na wyj\u0105tkowej g\u0142\u0119boko\u015bci w tkance &#8211; nawet do 18 MM<\/li>\n<li>mo\u017cliwo\u015b\u0107 redukcji tkanki t\u0142uszczowej oraz liftingu sk\u00f3ry podczas jednego zabiegu<\/li>\n<li>innowacyjny model emitora fali ultrad\u017awi\u0119kowej zapewniaj\u0105cy bezpiecze\u0144stwo i skuteczno\u015b\u0107 zabiegu\n<\/li>\n<\/ul>\n<p>Do redukcji tkanki t\u0142uszczowej wykorzystywane s\u0105 3\u00a0rodzaje kartrid\u017cy, kt\u00f3re dzia\u0142aj\u0105 na g\u0142\u0119boko\u015bciach 8\u00a0mm, 13 mm i 18 mm. Precyzyjnie uderzaj\u0105\u00a0w adipocyty, rozbijaj\u0105c je, a tym samym\u00a0zmniejszaj\u0105c obj\u0119to\u015b\u0107 tkanki t\u0142uszczowej.<\/p>\n<p><strong>Wskazania:<\/strong><\/p>\n<ul>\n<li>\u00a0\u00a0\u00a0\u00a0\u00a0\u00a0\u00a0\u00a0 Modelowanie i lifting wiotkiej sk\u00f3ry na ciele i twarzy<\/li>\n<\/ul>\n<p>&#8211; redukcja \u201edrugiego podbr\u00f3dka\u201d<br \/>&#8211; redukcja \u201eoponki\u201d na brzuchu<br \/>&#8211; redukcja \u201ebryczes\u00f3w\u201d<br \/>&#8211; zmniejszenie obwodu talii i ud<br \/>&#8211; lifting i wyszczuplenie ramion<\/p>","protected":false},"excerpt":{"rendered":"<p>Nowa era HIFU do wyszczuplania i uj\u0119drniania cia\u0142a. Dzi\u0119ki wyj\u0105tkowej precyzji\u00a0dzia\u0142ania i g\u0142\u0119bokiej penetracji tkanki umo\u017cliwia skuteczn\u0105, bezinwazyjn\u0105\u00a0redukcj\u0119 tkanki t\u0142uszczowej z jednoczesnym obkurczeniem sk\u00f3ry.\u00a0<\/p>\n<div>Kontakt:<\/div>\n<div>514-152-016<\/div>\n<div>507-802-998<\/div>\n<div><\/div>","protected":false},"featured_media":9490,"comment_status":"closed","ping_status":"open","template":"","meta":{"_acf_changed":false},"product_brand":[],"product_cat":[106],"product_tag":[],"class_list":{"0":"post-7341","1":"product","2":"type-product","3":"status-publish","4":"has-post-thumbnail","6":"product_cat-sprzet-uzywany","8":"first","9":"instock","10":"taxable","11":"shipping-taxable","12":"purchasable","13":"product-type-simple"},"acf":[],"_links":{"self":[{"href":"https:\/\/www.mrotex.com\/fr\/wp-json\/wp\/v2\/product\/7341","targetHints":{"allow":["GET"]}}],"collection":[{"href":"https:\/\/www.mrotex.com\/fr\/wp-json\/wp\/v2\/product"}],"about":[{"href":"https:\/\/www.mrotex.com\/fr\/wp-json\/wp\/v2\/types\/product"}],"replies":[{"embeddable":true,"href":"https:\/\/www.mrotex.com\/fr\/wp-json\/wp\/v2\/comments?post=7341"}],"wp:featuredmedia":[{"embeddable":true,"href":"https:\/\/www.mrotex.com\/fr\/wp-json\/wp\/v2\/media\/9490"}],"wp:attachment":[{"href":"https:\/\/www.mrotex.com\/fr\/wp-json\/wp\/v2\/media?parent=7341"}],"wp:term":[{"taxonomy":"product_brand","embeddable":true,"href":"https:\/\/www.mrotex.com\/fr\/wp-json\/wp\/v2\/product_brand?post=7341"},{"taxonomy":"product_cat","embeddable":true,"href":"https:\/\/www.mrotex.com\/fr\/wp-json\/wp\/v2\/product_cat?post=7341"},{"taxonomy":"product_tag","embeddable":true,"href":"https:\/\/www.mrotex.com\/fr\/wp-json\/wp\/v2\/product_tag?post=7341"}],"curies":[{"name":"wp","href":"https:\/\/api.w.org\/{rel}","templated":true}]}}