{"id":7357,"date":"2026-04-28T16:10:40","date_gmt":"2026-04-28T14:10:40","guid":{"rendered":"https:\/\/dev.mrotex.com\/sklep\/bez-kategorii\/obudowa-do-glowicy-na-twarz-kompatybilna-z-keymodule-tm\/"},"modified":"2026-05-08T14:29:34","modified_gmt":"2026-05-08T12:29:34","slug":"obudowa-do-glowicy-na-twarz-kompatybilna-z-keymodule-tm","status":"publish","type":"product","link":"https:\/\/www.mrotex.com\/fr\/sklep\/akcesoria\/akcesoria-zamienne-do-cellu-m6-keymodule\/obudowa-do-glowicy-na-twarz-kompatybilna-z-keymodule-tm\/","title":{"rendered":"Obudowa do g\u0142owicy na twarz kompatybilna z \ufeffKEYMODULE TM"},"content":{"rendered":"<p>Klient ma mo\u017cliwo\u015b\u0107 skorzystania z us\u0142ugi wymiany obudowy w serwisie firmy Mrotex Group. Po szczeg\u00f3\u0142owe informacj\u0119 prosimy o kontakt pod adresem serwis@www.mrotex.com<\/p>\n<p>\u00a0<\/p>\n<p>P.P.H. Mrotex nie jest powi\u0105zany, autoryzowany ani zatwierdzony przez LPG SYSTEMS<sup>\u00ae<\/sup>.<\/p>\n<p>Znaki ENDERMOLOGIA <sup>\u00ae<\/sup>, LPG SYSTEMS <sup>\u00ae<\/sup>, LPG <sup>\u00ae<\/sup>, ENDERMOLOGIE <sup>\u00ae<\/sup>, ENDERMO <sup>\u00ae<\/sup>, CELLU M6 <sup>\u00ae<\/sup>, LIPO M6 <sup>\u00ae<\/sup>, LIFT M6 <sup>\u00ae<\/sup>, LIPOMASSAGE \u2122, LIPOMODELAGE \u2122, LIFTMASSAGE \u2122, LIFTMODELAGE \u2122, ENDERMOLIFT \u2122 i WELLBOX <sup>\u00ae<\/sup> s\u0105 znakami towarowymi zarejestrowanymi we Francji i poza jej granicami przez LPG SYSTEMS<sup>\u00ae<\/sup><\/p>\n<p>\u00a0<\/p>","protected":false},"excerpt":{"rendered":"<p>Klient ma mo\u017cliwo\u015b\u0107 skorzystania z us\u0142ugi wymiany obudowy w serwisie firmy Mrotex Group. Po szczeg\u00f3\u0142owe informacj\u0119 prosimy o kontakt pod adresem serwis@www.mrotex.com \u00a0 P.P.H. Mrotex nie jest powi\u0105zany, autoryzowany ani zatwierdzony przez LPG SYSTEMS\u00ae. Znaki ENDERMOLOGIA \u00ae, LPG SYSTEMS \u00ae, LPG \u00ae, ENDERMOLOGIE \u00ae, ENDERMO \u00ae, CELLU M6 \u00ae, LIPO M6 \u00ae, LIFT M6 \u00ae, [&hellip;]<\/p>\n","protected":false},"featured_media":9502,"comment_status":"closed","ping_status":"open","template":"","meta":{"_acf_changed":false},"product_brand":[],"product_cat":[154],"product_tag":[],"class_list":{"0":"post-7357","1":"product","2":"type-product","3":"status-publish","4":"has-post-thumbnail","6":"product_cat-akcesoria-zamienne-do-cellu-m6-keymodule","8":"first","9":"instock","10":"taxable","11":"shipping-taxable","12":"purchasable","13":"product-type-simple"},"acf":[],"_links":{"self":[{"href":"https:\/\/www.mrotex.com\/fr\/wp-json\/wp\/v2\/product\/7357","targetHints":{"allow":["GET"]}}],"collection":[{"href":"https:\/\/www.mrotex.com\/fr\/wp-json\/wp\/v2\/product"}],"about":[{"href":"https:\/\/www.mrotex.com\/fr\/wp-json\/wp\/v2\/types\/product"}],"replies":[{"embeddable":true,"href":"https:\/\/www.mrotex.com\/fr\/wp-json\/wp\/v2\/comments?post=7357"}],"wp:featuredmedia":[{"embeddable":true,"href":"https:\/\/www.mrotex.com\/fr\/wp-json\/wp\/v2\/media\/9502"}],"wp:attachment":[{"href":"https:\/\/www.mrotex.com\/fr\/wp-json\/wp\/v2\/media?parent=7357"}],"wp:term":[{"taxonomy":"product_brand","embeddable":true,"href":"https:\/\/www.mrotex.com\/fr\/wp-json\/wp\/v2\/product_brand?post=7357"},{"taxonomy":"product_cat","embeddable":true,"href":"https:\/\/www.mrotex.com\/fr\/wp-json\/wp\/v2\/product_cat?post=7357"},{"taxonomy":"product_tag","embeddable":true,"href":"https:\/\/www.mrotex.com\/fr\/wp-json\/wp\/v2\/product_tag?post=7357"}],"curies":[{"name":"wp","href":"https:\/\/api.w.org\/{rel}","templated":true}]}}