{"id":7371,"date":"2026-04-28T16:10:48","date_gmt":"2026-04-28T14:10:48","guid":{"rendered":"https:\/\/dev.mrotex.com\/sklep\/bez-kategorii\/zamiennik-glowicy-tml30-kompatybilny-z-keymodule-tm\/"},"modified":"2026-05-08T14:29:39","modified_gmt":"2026-05-08T12:29:39","slug":"zamiennik-glowicy-tml30-kompatybilny-z-keymodule-tm","status":"publish","type":"product","link":"https:\/\/www.mrotex.com\/fr\/shop\/akcesoria-do-urzadzen-kosmetycznych-i-medycznych\/akcesoria-zamienne-do-cellu-m6-keymodule\/zamiennik-glowicy-tml30-kompatybilny-z-keymodule-tm\/","title":{"rendered":"Remplacement de la t\u00eate TML30 compatible avec KEYMODULE TM"},"content":{"rendered":"<p>Zamiennik g\u0142owicy\u00a0TML30 kompatybilny z urz\u0105dzeniem Cellu M6<sup>\u00a0<sup>\u00ae<\/sup><\/sup>\u00a0Keymodule 2\u00a0TM.<\/p>\n<p>G\u0142owica do zabieg\u00f3w na twarz.<\/p>\n<p><span>P.P.H. Mrotex nie jest powi\u0105zany, autoryzowany ani zatwierdzony przez LPG SYSTEMS\u00ae. Znaki ENDERMOLOGIA \u00ae, LPG SYSTEMS \u00ae, LPG \u00ae, ENDERMOLOGIE \u00ae, ENDERMO \u00ae, CELLU M6 \u00ae, LIPO M6 \u00ae, LIFT M6 \u00ae, LIPOMASSAGE \u2122, LIPOMODELAGE \u2122, LIFTMASSAGE \u2122, LIFTMODELAGE \u2122, ENDERMOLIFT \u2122 i WELLBOX \u00ae s\u0105 znakami towarowymi zarejestrowanymi we Francji i poza jej granicami przez LPG SYSTEMS\u00ae<\/span><\/p>","protected":false},"excerpt":{"rendered":"<p>Zamiennik g\u0142owicy\u00a0TML30 kompatybilny z urz\u0105dzeniem Cellu M6\u00a0\u00ae\u00a0Keymodule 2\u00a0TM. G\u0142owica do zabieg\u00f3w na twarz. P.P.H. Mrotex nie jest powi\u0105zany, autoryzowany ani zatwierdzony przez LPG SYSTEMS\u00ae. Znaki ENDERMOLOGIA \u00ae, LPG SYSTEMS \u00ae, LPG \u00ae, ENDERMOLOGIE \u00ae, ENDERMO \u00ae, CELLU M6 \u00ae, LIPO M6 \u00ae, LIFT M6 \u00ae, LIPOMASSAGE \u2122, LIPOMODELAGE \u2122, LIFTMASSAGE \u2122, LIFTMODELAGE \u2122, ENDERMOLIFT \u2122 [&hellip;]<\/p>\n","protected":false},"featured_media":9510,"comment_status":"closed","ping_status":"open","template":"","meta":{"_acf_changed":false},"product_brand":[],"product_cat":[154],"product_tag":[],"class_list":{"0":"post-7371","1":"product","2":"type-product","3":"status-publish","4":"has-post-thumbnail","6":"product_cat-akcesoria-zamienne-do-cellu-m6-keymodule","8":"first","9":"instock","10":"taxable","11":"shipping-taxable","12":"purchasable","13":"product-type-simple"},"acf":[],"yoast_head":"<!-- This site is optimized with the Yoast SEO plugin v27.5 - https:\/\/yoast.com\/product\/yoast-seo-wordpress\/ -->\n<title>Zamiennik g\u0142owicy TML30 kompatybilny z \ufeffKEYMODULE TM - Mrotex<\/title>\n<meta name=\"robots\" content=\"index, follow, max-snippet:-1, max-image-preview:large, max-video-preview:-1\" \/>\n<link rel=\"canonical\" href=\"https:\/\/www.mrotex.com\/fr\/shop\/akcesoria-do-urzadzen-kosmetycznych-i-medycznych\/akcesoria-zamienne-do-cellu-m6-keymodule\/zamiennik-glowicy-tml30-kompatybilny-z-keymodule-tm\/\" \/>\n<meta property=\"og:locale\" content=\"fr_FR\" \/>\n<meta property=\"og:type\" content=\"article\" \/>\n<meta property=\"og:title\" content=\"Zamiennik g\u0142owicy TML30 kompatybilny z \ufeffKEYMODULE TM - Mrotex\" \/>\n<meta property=\"og:description\" content=\"Zamiennik g\u0142owicy\u00a0TML30 kompatybilny z urz\u0105dzeniem Cellu M6\u00a0\u00ae\u00a0Keymodule 2\u00a0TM. G\u0142owica do zabieg\u00f3w na twarz. P.P.H. Mrotex nie jest powi\u0105zany, autoryzowany ani zatwierdzony przez LPG SYSTEMS\u00ae. Znaki ENDERMOLOGIA \u00ae, LPG SYSTEMS \u00ae, LPG \u00ae, ENDERMOLOGIE \u00ae, ENDERMO \u00ae, CELLU M6 \u00ae, LIPO M6 \u00ae, LIFT M6 \u00ae, LIPOMASSAGE \u2122, LIPOMODELAGE \u2122, LIFTMASSAGE \u2122, LIFTMODELAGE \u2122, ENDERMOLIFT \u2122 [&hellip;]\" \/>\n<meta property=\"og:url\" content=\"https:\/\/www.mrotex.com\/fr\/shop\/akcesoria-do-urzadzen-kosmetycznych-i-medycznych\/akcesoria-zamienne-do-cellu-m6-keymodule\/zamiennik-glowicy-tml30-kompatybilny-z-keymodule-tm\/\" \/>\n<meta property=\"og:site_name\" content=\"Mrotex\" \/>\n<meta property=\"article:modified_time\" content=\"2026-05-08T12:29:39+00:00\" \/>\n<meta property=\"og:image\" content=\"https:\/\/www.mrotex.com\/wp-content\/uploads\/2026\/04\/613.jpg\" \/>\n\t<meta property=\"og:image:width\" content=\"433\" \/>\n\t<meta property=\"og:image:height\" content=\"433\" \/>\n\t<meta property=\"og:image:type\" content=\"image\/jpeg\" \/>\n<meta name=\"twitter:card\" content=\"summary_large_image\" \/>\n<script type=\"application\/ld+json\" class=\"yoast-schema-graph\">{\"@context\":\"https:\\\/\\\/schema.org\",\"@graph\":[{\"@type\":\"WebPage\",\"@id\":\"https:\\\/\\\/www.mrotex.com\\\/shop\\\/akcesoria-do-urzadzen-kosmetycznych-i-medycznych\\\/akcesoria-zamienne-do-cellu-m6-keymodule\\\/zamiennik-glowicy-tml30-kompatybilny-z-keymodule-tm\\\/\",\"url\":\"https:\\\/\\\/www.mrotex.com\\\/shop\\\/akcesoria-do-urzadzen-kosmetycznych-i-medycznych\\\/akcesoria-zamienne-do-cellu-m6-keymodule\\\/zamiennik-glowicy-tml30-kompatybilny-z-keymodule-tm\\\/\",\"name\":\"Zamiennik g\u0142owicy TML30 kompatybilny z \ufeffKEYMODULE TM - Mrotex\",\"isPartOf\":{\"@id\":\"https:\\\/\\\/www.mrotex.com\\\/#website\"},\"primaryImageOfPage\":{\"@id\":\"https:\\\/\\\/www.mrotex.com\\\/shop\\\/akcesoria-do-urzadzen-kosmetycznych-i-medycznych\\\/akcesoria-zamienne-do-cellu-m6-keymodule\\\/zamiennik-glowicy-tml30-kompatybilny-z-keymodule-tm\\\/#primaryimage\"},\"image\":{\"@id\":\"https:\\\/\\\/www.mrotex.com\\\/shop\\\/akcesoria-do-urzadzen-kosmetycznych-i-medycznych\\\/akcesoria-zamienne-do-cellu-m6-keymodule\\\/zamiennik-glowicy-tml30-kompatybilny-z-keymodule-tm\\\/#primaryimage\"},\"thumbnailUrl\":\"https:\\\/\\\/www.mrotex.com\\\/wp-content\\\/uploads\\\/2026\\\/04\\\/613.jpg\",\"datePublished\":\"2026-04-28T14:10:48+00:00\",\"dateModified\":\"2026-05-08T12:29:39+00:00\",\"breadcrumb\":{\"@id\":\"https:\\\/\\\/www.mrotex.com\\\/shop\\\/akcesoria-do-urzadzen-kosmetycznych-i-medycznych\\\/akcesoria-zamienne-do-cellu-m6-keymodule\\\/zamiennik-glowicy-tml30-kompatybilny-z-keymodule-tm\\\/#breadcrumb\"},\"inLanguage\":\"fr-FR\",\"potentialAction\":[{\"@type\":\"ReadAction\",\"target\":[\"https:\\\/\\\/www.mrotex.com\\\/shop\\\/akcesoria-do-urzadzen-kosmetycznych-i-medycznych\\\/akcesoria-zamienne-do-cellu-m6-keymodule\\\/zamiennik-glowicy-tml30-kompatybilny-z-keymodule-tm\\\/\"]}]},{\"@type\":\"ImageObject\",\"inLanguage\":\"fr-FR\",\"@id\":\"https:\\\/\\\/www.mrotex.com\\\/shop\\\/akcesoria-do-urzadzen-kosmetycznych-i-medycznych\\\/akcesoria-zamienne-do-cellu-m6-keymodule\\\/zamiennik-glowicy-tml30-kompatybilny-z-keymodule-tm\\\/#primaryimage\",\"url\":\"https:\\\/\\\/www.mrotex.com\\\/wp-content\\\/uploads\\\/2026\\\/04\\\/613.jpg\",\"contentUrl\":\"https:\\\/\\\/www.mrotex.com\\\/wp-content\\\/uploads\\\/2026\\\/04\\\/613.jpg\",\"width\":433,\"height\":433},{\"@type\":\"BreadcrumbList\",\"@id\":\"https:\\\/\\\/www.mrotex.com\\\/shop\\\/akcesoria-do-urzadzen-kosmetycznych-i-medycznych\\\/akcesoria-zamienne-do-cellu-m6-keymodule\\\/zamiennik-glowicy-tml30-kompatybilny-z-keymodule-tm\\\/#breadcrumb\",\"itemListElement\":[{\"@type\":\"ListItem\",\"position\":1,\"name\":\"Strona g\u0142\u00f3wna\",\"item\":\"https:\\\/\\\/www.mrotex.com\\\/\"},{\"@type\":\"ListItem\",\"position\":2,\"name\":\"Sklep\",\"item\":\"https:\\\/\\\/www.mrotex.com\\\/shop\\\/\"},{\"@type\":\"ListItem\",\"position\":3,\"name\":\"Zamiennik g\u0142owicy TML30 kompatybilny z \ufeffKEYMODULE TM\"}]},{\"@type\":\"WebSite\",\"@id\":\"https:\\\/\\\/www.mrotex.com\\\/#website\",\"url\":\"https:\\\/\\\/www.mrotex.com\\\/\",\"name\":\"Mrotex\",\"description\":\"\",\"publisher\":{\"@id\":\"https:\\\/\\\/www.mrotex.com\\\/#organization\"},\"potentialAction\":[{\"@type\":\"SearchAction\",\"target\":{\"@type\":\"EntryPoint\",\"urlTemplate\":\"https:\\\/\\\/www.mrotex.com\\\/?s={search_term_string}\"},\"query-input\":{\"@type\":\"PropertyValueSpecification\",\"valueRequired\":true,\"valueName\":\"search_term_string\"}}],\"inLanguage\":\"fr-FR\"},{\"@type\":\"Organization\",\"@id\":\"https:\\\/\\\/www.mrotex.com\\\/#organization\",\"name\":\"Mrotex\",\"url\":\"https:\\\/\\\/www.mrotex.com\\\/\",\"logo\":{\"@type\":\"ImageObject\",\"inLanguage\":\"fr-FR\",\"@id\":\"https:\\\/\\\/www.mrotex.com\\\/#\\\/schema\\\/logo\\\/image\\\/\",\"url\":\"https:\\\/\\\/www.mrotex.com\\\/wp-content\\\/uploads\\\/2026\\\/01\\\/Mrotex-Logo-on-one-line.group-cropped-scaled.png\",\"contentUrl\":\"https:\\\/\\\/www.mrotex.com\\\/wp-content\\\/uploads\\\/2026\\\/01\\\/Mrotex-Logo-on-one-line.group-cropped-scaled.png\",\"width\":2560,\"height\":530,\"caption\":\"Mrotex\"},\"image\":{\"@id\":\"https:\\\/\\\/www.mrotex.com\\\/#\\\/schema\\\/logo\\\/image\\\/\"}}]}<\/script>\n<!-- \/ Yoast SEO plugin. -->","yoast_head_json":{"title":"Zamiennik g\u0142owicy TML30 kompatybilny z \ufeffKEYMODULE TM - Mrotex","robots":{"index":"index","follow":"follow","max-snippet":"max-snippet:-1","max-image-preview":"max-image-preview:large","max-video-preview":"max-video-preview:-1"},"canonical":"https:\/\/www.mrotex.com\/fr\/shop\/akcesoria-do-urzadzen-kosmetycznych-i-medycznych\/akcesoria-zamienne-do-cellu-m6-keymodule\/zamiennik-glowicy-tml30-kompatybilny-z-keymodule-tm\/","og_locale":"fr_FR","og_type":"article","og_title":"Zamiennik g\u0142owicy TML30 kompatybilny z \ufeffKEYMODULE TM - Mrotex","og_description":"Zamiennik g\u0142owicy\u00a0TML30 kompatybilny z urz\u0105dzeniem Cellu M6\u00a0\u00ae\u00a0Keymodule 2\u00a0TM. G\u0142owica do zabieg\u00f3w na twarz. P.P.H. Mrotex nie jest powi\u0105zany, autoryzowany ani zatwierdzony przez LPG SYSTEMS\u00ae. Znaki ENDERMOLOGIA \u00ae, LPG SYSTEMS \u00ae, LPG \u00ae, ENDERMOLOGIE \u00ae, ENDERMO \u00ae, CELLU M6 \u00ae, LIPO M6 \u00ae, LIFT M6 \u00ae, LIPOMASSAGE \u2122, LIPOMODELAGE \u2122, LIFTMASSAGE \u2122, LIFTMODELAGE \u2122, ENDERMOLIFT \u2122 [&hellip;]","og_url":"https:\/\/www.mrotex.com\/fr\/shop\/akcesoria-do-urzadzen-kosmetycznych-i-medycznych\/akcesoria-zamienne-do-cellu-m6-keymodule\/zamiennik-glowicy-tml30-kompatybilny-z-keymodule-tm\/","og_site_name":"Mrotex","article_modified_time":"2026-05-08T12:29:39+00:00","og_image":[{"width":433,"height":433,"url":"https:\/\/www.mrotex.com\/wp-content\/uploads\/2026\/04\/613.jpg","type":"image\/jpeg"}],"twitter_card":"summary_large_image","schema":{"@context":"https:\/\/schema.org","@graph":[{"@type":"WebPage","@id":"https:\/\/www.mrotex.com\/shop\/akcesoria-do-urzadzen-kosmetycznych-i-medycznych\/akcesoria-zamienne-do-cellu-m6-keymodule\/zamiennik-glowicy-tml30-kompatybilny-z-keymodule-tm\/","url":"https:\/\/www.mrotex.com\/shop\/akcesoria-do-urzadzen-kosmetycznych-i-medycznych\/akcesoria-zamienne-do-cellu-m6-keymodule\/zamiennik-glowicy-tml30-kompatybilny-z-keymodule-tm\/","name":"Zamiennik g\u0142owicy TML30 kompatybilny z \ufeffKEYMODULE TM - Mrotex","isPartOf":{"@id":"https:\/\/www.mrotex.com\/#website"},"primaryImageOfPage":{"@id":"https:\/\/www.mrotex.com\/shop\/akcesoria-do-urzadzen-kosmetycznych-i-medycznych\/akcesoria-zamienne-do-cellu-m6-keymodule\/zamiennik-glowicy-tml30-kompatybilny-z-keymodule-tm\/#primaryimage"},"image":{"@id":"https:\/\/www.mrotex.com\/shop\/akcesoria-do-urzadzen-kosmetycznych-i-medycznych\/akcesoria-zamienne-do-cellu-m6-keymodule\/zamiennik-glowicy-tml30-kompatybilny-z-keymodule-tm\/#primaryimage"},"thumbnailUrl":"https:\/\/www.mrotex.com\/wp-content\/uploads\/2026\/04\/613.jpg","datePublished":"2026-04-28T14:10:48+00:00","dateModified":"2026-05-08T12:29:39+00:00","breadcrumb":{"@id":"https:\/\/www.mrotex.com\/shop\/akcesoria-do-urzadzen-kosmetycznych-i-medycznych\/akcesoria-zamienne-do-cellu-m6-keymodule\/zamiennik-glowicy-tml30-kompatybilny-z-keymodule-tm\/#breadcrumb"},"inLanguage":"fr-FR","potentialAction":[{"@type":"ReadAction","target":["https:\/\/www.mrotex.com\/shop\/akcesoria-do-urzadzen-kosmetycznych-i-medycznych\/akcesoria-zamienne-do-cellu-m6-keymodule\/zamiennik-glowicy-tml30-kompatybilny-z-keymodule-tm\/"]}]},{"@type":"ImageObject","inLanguage":"fr-FR","@id":"https:\/\/www.mrotex.com\/shop\/akcesoria-do-urzadzen-kosmetycznych-i-medycznych\/akcesoria-zamienne-do-cellu-m6-keymodule\/zamiennik-glowicy-tml30-kompatybilny-z-keymodule-tm\/#primaryimage","url":"https:\/\/www.mrotex.com\/wp-content\/uploads\/2026\/04\/613.jpg","contentUrl":"https:\/\/www.mrotex.com\/wp-content\/uploads\/2026\/04\/613.jpg","width":433,"height":433},{"@type":"BreadcrumbList","@id":"https:\/\/www.mrotex.com\/shop\/akcesoria-do-urzadzen-kosmetycznych-i-medycznych\/akcesoria-zamienne-do-cellu-m6-keymodule\/zamiennik-glowicy-tml30-kompatybilny-z-keymodule-tm\/#breadcrumb","itemListElement":[{"@type":"ListItem","position":1,"name":"Strona g\u0142\u00f3wna","item":"https:\/\/www.mrotex.com\/"},{"@type":"ListItem","position":2,"name":"Sklep","item":"https:\/\/www.mrotex.com\/shop\/"},{"@type":"ListItem","position":3,"name":"Zamiennik g\u0142owicy TML30 kompatybilny z \ufeffKEYMODULE TM"}]},{"@type":"WebSite","@id":"https:\/\/www.mrotex.com\/#website","url":"https:\/\/www.mrotex.com\/","name":"Mrotex","description":"","publisher":{"@id":"https:\/\/www.mrotex.com\/#organization"},"potentialAction":[{"@type":"SearchAction","target":{"@type":"EntryPoint","urlTemplate":"https:\/\/www.mrotex.com\/?s={search_term_string}"},"query-input":{"@type":"PropertyValueSpecification","valueRequired":true,"valueName":"search_term_string"}}],"inLanguage":"fr-FR"},{"@type":"Organization","@id":"https:\/\/www.mrotex.com\/#organization","name":"Mrotex","url":"https:\/\/www.mrotex.com\/","logo":{"@type":"ImageObject","inLanguage":"fr-FR","@id":"https:\/\/www.mrotex.com\/#\/schema\/logo\/image\/","url":"https:\/\/www.mrotex.com\/wp-content\/uploads\/2026\/01\/Mrotex-Logo-on-one-line.group-cropped-scaled.png","contentUrl":"https:\/\/www.mrotex.com\/wp-content\/uploads\/2026\/01\/Mrotex-Logo-on-one-line.group-cropped-scaled.png","width":2560,"height":530,"caption":"Mrotex"},"image":{"@id":"https:\/\/www.mrotex.com\/#\/schema\/logo\/image\/"}}]}},"_links":{"self":[{"href":"https:\/\/www.mrotex.com\/fr\/wp-json\/wp\/v2\/product\/7371","targetHints":{"allow":["GET"]}}],"collection":[{"href":"https:\/\/www.mrotex.com\/fr\/wp-json\/wp\/v2\/product"}],"about":[{"href":"https:\/\/www.mrotex.com\/fr\/wp-json\/wp\/v2\/types\/product"}],"replies":[{"embeddable":true,"href":"https:\/\/www.mrotex.com\/fr\/wp-json\/wp\/v2\/comments?post=7371"}],"wp:featuredmedia":[{"embeddable":true,"href":"https:\/\/www.mrotex.com\/fr\/wp-json\/wp\/v2\/media\/9510"}],"wp:attachment":[{"href":"https:\/\/www.mrotex.com\/fr\/wp-json\/wp\/v2\/media?parent=7371"}],"wp:term":[{"taxonomy":"product_brand","embeddable":true,"href":"https:\/\/www.mrotex.com\/fr\/wp-json\/wp\/v2\/product_brand?post=7371"},{"taxonomy":"product_cat","embeddable":true,"href":"https:\/\/www.mrotex.com\/fr\/wp-json\/wp\/v2\/product_cat?post=7371"},{"taxonomy":"product_tag","embeddable":true,"href":"https:\/\/www.mrotex.com\/fr\/wp-json\/wp\/v2\/product_tag?post=7371"}],"curies":[{"name":"wp","href":"https:\/\/api.w.org\/{rel}","templated":true}]}}