{"id":7382,"date":"2026-04-28T16:10:52","date_gmt":"2026-04-28T14:10:52","guid":{"rendered":"https:\/\/dev.mrotex.com\/sklep\/bez-kategorii\/intracell-platforma-do-modelowania-sylwetki\/"},"modified":"2026-05-08T14:29:39","modified_gmt":"2026-05-08T12:29:39","slug":"intracell-platforma-do-modelowania-sylwetki","status":"publish","type":"product","link":"https:\/\/www.mrotex.com\/fr\/sklep\/sprzet-uzywany\/intracell-platforma-do-modelowania-sylwetki\/","title":{"rendered":"INTRACELL &#8211; platforma do modelowania sylwetki"},"content":{"rendered":"<p>Do sprzedania urz\u0105dzenie IntraCell do modelowania sylwetki cia\u0142a oraz liftingu twarzy.\u00a0<\/p>\n<p>Je\u015bli zastanawiacie si\u0119 Pa\u0144stwo nad wprowadzeniem nowej i rentownej us\u0142ugi do swojego salonu to zapraszam do zapoznania si\u0119 z ofert\u0105.\u00a0<\/p>\n<p>Intracell \u2013 nowoczesny sprz\u0119t z 2019 roku jest idealnym wyborem dla salon\u00f3w, kt\u00f3re chc\u0105 wprowadzi\u0107 do swojej oferty zabiegi modeluj\u0105ce sylwetk\u0119 cia\u0142a lub poszerzy\u0107 zabiegi o profesjonalny sprz\u0119t. Po\u0142\u0105czenie masa\u017cu podci\u015bnieniowego z falami radiowymi, podczerwieni\u0105 oraz kawitacj\u0105 przynosi spektakularne efekty i zadowolenie klient\u00f3w.<\/p>\n<p>W naszym salonie dbamy o wszystkie nasze sprz\u0119ty. IntraCell jest serwisowany raz &#8211; dwa do roku. Po ka\u017cdym wykonanym zabiegu sprz\u0119t by\u0142 dok\u0142adnie czyszczony i dezynfekowany.<\/p>\n<p>Sprz\u0119t jest w stanie bardzo dobrym, wszystko sprawne. Jedynie posiada na jednej g\u0142owicy delikatne p\u0119kni\u0119cie (nie ma wp\u0142ywu na prac\u0119 oraz skuteczno\u015b\u0107 zabiegu).<\/p>\n<p>Ostatni serwis w autoryzowanym salonie zosta\u0142 zrobiony kilka miesi\u0119cy temu (od tego czasu sprz\u0119t nie by\u0142 u\u017cywany, poniewa\u017c wprowadzili\u015bmy do oferty Icoona) i wtedy by\u0142y wymienione filtry.<\/p>\n<p>Dwa lata temu wprowadzili\u015bmy do swojej oferty modelowanie sylwetki cia\u0142a. Zacz\u0119li\u015bmy prac\u0119 od IntraCell. Rozbudowali\u015bmy baz\u0119 zadowolonych klientek. IntraCell przyczyni\u0142 si\u0119 do zainwestowania w najnowszy model Icoone Laser Med 2.\u00a0<\/p>\n<p>Wyra\u017camy zgod\u0119 na sprawdzenie stanu sprz\u0119tu u dystrybutora, kt\u00f3ry r\u00f3wnie\u017c jest z Wroc\u0142awia.<\/p>\n<p>Wystawiamy FV.<\/p>\n<p>Sprz\u0119t obj\u0119ty dwuletni\u0105 gwarancj\u0105.<\/p>\n<p>Kontakt:\u00a0joanna.stobniak@o2.pl<\/p>","protected":false},"excerpt":{"rendered":"<p>Do sprzedania urz\u0105dzenie IntraCell do modelowania sylwetki cia\u0142a oraz liftingu twarzy.\u00a0 Je\u015bli zastanawiacie si\u0119 Pa\u0144stwo nad wprowadzeniem nowej i rentownej us\u0142ugi do swojego salonu to zapraszam do zapoznania si\u0119 z ofert\u0105.\u00a0 Intracell \u2013 nowoczesny sprz\u0119t z 2019 roku jest idealnym wyborem dla salon\u00f3w, kt\u00f3re chc\u0105 wprowadzi\u0107 do swojej oferty zabiegi modeluj\u0105ce sylwetk\u0119 cia\u0142a lub poszerzy\u0107 [&hellip;]<\/p>\n","protected":false},"featured_media":0,"comment_status":"closed","ping_status":"open","template":"","meta":{"_acf_changed":false},"product_brand":[],"product_cat":[106],"product_tag":[],"class_list":{"0":"post-7382","1":"product","2":"type-product","3":"status-publish","5":"product_cat-sprzet-uzywany","7":"first","8":"instock","9":"taxable","10":"shipping-taxable","11":"purchasable","12":"product-type-simple"},"acf":[],"_links":{"self":[{"href":"https:\/\/www.mrotex.com\/fr\/wp-json\/wp\/v2\/product\/7382","targetHints":{"allow":["GET"]}}],"collection":[{"href":"https:\/\/www.mrotex.com\/fr\/wp-json\/wp\/v2\/product"}],"about":[{"href":"https:\/\/www.mrotex.com\/fr\/wp-json\/wp\/v2\/types\/product"}],"replies":[{"embeddable":true,"href":"https:\/\/www.mrotex.com\/fr\/wp-json\/wp\/v2\/comments?post=7382"}],"wp:attachment":[{"href":"https:\/\/www.mrotex.com\/fr\/wp-json\/wp\/v2\/media?parent=7382"}],"wp:term":[{"taxonomy":"product_brand","embeddable":true,"href":"https:\/\/www.mrotex.com\/fr\/wp-json\/wp\/v2\/product_brand?post=7382"},{"taxonomy":"product_cat","embeddable":true,"href":"https:\/\/www.mrotex.com\/fr\/wp-json\/wp\/v2\/product_cat?post=7382"},{"taxonomy":"product_tag","embeddable":true,"href":"https:\/\/www.mrotex.com\/fr\/wp-json\/wp\/v2\/product_tag?post=7382"}],"curies":[{"name":"wp","href":"https:\/\/api.w.org\/{rel}","templated":true}]}}