{"id":7384,"date":"2026-04-28T16:10:55","date_gmt":"2026-04-28T14:10:55","guid":{"rendered":"https:\/\/dev.mrotex.com\/sklep\/bez-kategorii\/urzadzenie-do-kriolipolizy-s360\/"},"modified":"2026-05-08T14:29:40","modified_gmt":"2026-05-08T12:29:40","slug":"urzadzenie-do-kriolipolizy-s360","status":"publish","type":"product","link":"https:\/\/www.mrotex.com\/fr\/sklep\/sprzet-uzywany\/urzadzenie-do-kriolipolizy-s360\/","title":{"rendered":"Urz\u0105dzenie do kriolipolizy S360"},"content":{"rendered":"<p>Kriolipoliza S360 (4+1g\u0142owice, RF, lipolaser, 40K kawitacja)<\/p>\n<p>Urz\u0105dzenie praktycznie nieu\u017cywane (tylko podczas szkolenia moich pracownik\u00f3w).<\/p>\n<p>Kriolipoliza\u00a0jest jedn\u0105 z najnowocze\u015bniejszych zdobyczy medycyny estetycznej, je\u015bli chodzi o\u00a0usuwanie tkanki t\u0142uszczowej\u00a0i modelowanie sylwetki. Wielu wskazuje nawet na to, \u017ce\u00a0kriolipoliza\u00a0jest skuteczniejsza od wci\u0105\u017c popularnej, ale inwazyjnej liposukcji. Nic wi\u0119c dziwnego, \u017ce\u00a0urz\u0105dzenia do kriolipolizy\u00a0ciesz\u0105 si\u0119 du\u017c\u0105 popularno\u015bci\u0105 w klinikach kosmetycznych \u2013 jest to metoda bezpieczna, stosunkowo bezbolesna, a efekty widoczne s\u0105 ju\u017c po pierwszym zabiegu.<\/p>\n<p>Dzia\u0142anie\u00a0kriolipolizy\u00a0wykorzystuje fakt, \u017ce znajduj\u0105ce si\u0119 kom\u00f3rki t\u0142uszczowe s\u0105 du\u017co bardziej podatne na zimno ni\u017c np. tkanka sk\u00f3rna. Jako \u017ce rozpadaj\u0105 si\u0119 ju\u017c w temperaturze nieznacznie ni\u017cszej ni\u017c 0 stopni Celsjusza, och\u0142odzenie ich powoduje trwa\u0142\u0105\u00a0redukcj\u0119 tkanki t\u0142uszczowej. Zabiegi kriolipolizy\u00a0nale\u017cy wi\u0119c nazwa\u0107 po prostu zamra\u017caniem tkanki t\u0142uszczowej.<\/p>\n<p>Oddzia\u0142ywanie niskich temperatur na kom\u00f3rki t\u0142uszczowe powoduje krystalizacj\u0119 buduj\u0105cych je lipid\u00f3w. Nast\u0119pnie \u2013 jako niespe\u0142niaj\u0105ce swojej funkcji \u2013 s\u0105 one usuwane z tkanki i wydalane z organizmu poprzez uk\u0142ad limfatyczny.<\/p>\n<p>Sprz\u0119t obj\u0119ty dwuletni\u0105 gwarancj\u0105.<\/p>\n<p>Kontakt:<\/p>\n<p>anna.winnicka@o2.pl<\/p>\n<p>503 006 801<\/p>","protected":false},"excerpt":{"rendered":"<p>Kriolipoliza S360 (4+1g\u0142owice, RF, lipolaser, 40K kawitacja) Urz\u0105dzenie praktycznie nieu\u017cywane (tylko podczas szkolenia moich pracownik\u00f3w). Kriolipoliza\u00a0jest jedn\u0105 z najnowocze\u015bniejszych zdobyczy medycyny estetycznej, je\u015bli chodzi o\u00a0usuwanie tkanki t\u0142uszczowej\u00a0i modelowanie sylwetki. Wielu wskazuje nawet na to, \u017ce\u00a0kriolipoliza\u00a0jest skuteczniejsza od wci\u0105\u017c popularnej, ale inwazyjnej liposukcji. Nic wi\u0119c dziwnego, \u017ce\u00a0urz\u0105dzenia do kriolipolizy\u00a0ciesz\u0105 si\u0119 du\u017c\u0105 popularno\u015bci\u0105 w klinikach kosmetycznych \u2013 [&hellip;]<\/p>\n","protected":false},"featured_media":9519,"comment_status":"closed","ping_status":"open","template":"","meta":{"_acf_changed":false},"product_brand":[],"product_cat":[106],"product_tag":[],"class_list":{"0":"post-7384","1":"product","2":"type-product","3":"status-publish","4":"has-post-thumbnail","6":"product_cat-sprzet-uzywany","8":"first","9":"instock","10":"taxable","11":"shipping-taxable","12":"purchasable","13":"product-type-simple"},"acf":[],"_links":{"self":[{"href":"https:\/\/www.mrotex.com\/fr\/wp-json\/wp\/v2\/product\/7384","targetHints":{"allow":["GET"]}}],"collection":[{"href":"https:\/\/www.mrotex.com\/fr\/wp-json\/wp\/v2\/product"}],"about":[{"href":"https:\/\/www.mrotex.com\/fr\/wp-json\/wp\/v2\/types\/product"}],"replies":[{"embeddable":true,"href":"https:\/\/www.mrotex.com\/fr\/wp-json\/wp\/v2\/comments?post=7384"}],"wp:featuredmedia":[{"embeddable":true,"href":"https:\/\/www.mrotex.com\/fr\/wp-json\/wp\/v2\/media\/9519"}],"wp:attachment":[{"href":"https:\/\/www.mrotex.com\/fr\/wp-json\/wp\/v2\/media?parent=7384"}],"wp:term":[{"taxonomy":"product_brand","embeddable":true,"href":"https:\/\/www.mrotex.com\/fr\/wp-json\/wp\/v2\/product_brand?post=7384"},{"taxonomy":"product_cat","embeddable":true,"href":"https:\/\/www.mrotex.com\/fr\/wp-json\/wp\/v2\/product_cat?post=7384"},{"taxonomy":"product_tag","embeddable":true,"href":"https:\/\/www.mrotex.com\/fr\/wp-json\/wp\/v2\/product_tag?post=7384"}],"curies":[{"name":"wp","href":"https:\/\/api.w.org\/{rel}","templated":true}]}}