{"id":7387,"date":"2026-04-28T16:10:56","date_gmt":"2026-04-28T14:10:56","guid":{"rendered":"https:\/\/dev.mrotex.com\/sklep\/bez-kategorii\/urzadzenie-do-endermomasazu-m360\/"},"modified":"2026-05-08T14:29:40","modified_gmt":"2026-05-08T12:29:40","slug":"urzadzenie-do-endermomasazu-m360","status":"publish","type":"product","link":"https:\/\/www.mrotex.com\/fr\/sklep\/sprzet-uzywany\/urzadzenie-do-endermomasazu-m360\/","title":{"rendered":"Urz\u0105dzenie do endermomasa\u017cu M360"},"content":{"rendered":"<p><strong>Urz\u0105dzenie do endermomasa\u017cu M360 &#8211; Endermomasa\u017c + RF + Podczerwie\u0144 + LED<\/strong><\/p>\n<p>Urz\u0105dzenia do endermologii\u00a0coraz cz\u0119\u015bciej wyposa\u017cone s\u0105 w najnowsze technologie, kt\u00f3re pot\u0119guj\u0105 cudowne w\u0142a\u015bciwo\u015bci masa\u017cu pr\u00f3\u017cniowego. Dodatkowe g\u0142owice zabiegowe oferuj\u0105 natomiast komplementarne dzia\u0142anie, pozwalaj\u0105ce nie tylko szybko modelowa\u0107 sylwetk\u0119, ale te\u017c skutecznie odm\u0142odzi\u0107 sk\u00f3r\u0119 twarzy i cia\u0142a. Wykorzystanie do tego fal radiowych, podczerwieni oraz \u015bwiat\u0142oterapii LED pozwala uzyska\u0107 naprawd\u0119 dobre efekty.<\/p>\n<p>Urz\u0105dzenia do modelowania sylwetki\u00a0swoj\u0105 skuteczno\u015b\u0107 opieraj\u0105 na oddzia\u0142ywaniu podci\u015bnienia oraz masa\u017cu mechanicznego na sk\u00f3r\u0119. Zabieg z wykorzystaniem tego\u00a0sprz\u0119tu do endermologii\u00a0polega na masowaniu ca\u0142ego cia\u0142a specjaln\u0105 g\u0142owic\u0105 z rotuj\u0105cymi rolkami masuj\u0105cymi oraz aparatem vacuum.<\/p>\n<p>Urz\u0105dzenie z listopada 2021 roku dzia\u0142aj\u0105ce zupe\u0142nie sprawnie.<\/p>\n<p>Sprz\u0119t obj\u0119ty dwuletni\u0105 gwarancj\u0105.<\/p>\n<p>Kontakt:<\/p>\n<p>anna.winnicka@o2.pl<\/p>\n<p>503 006 801<\/p>","protected":false},"excerpt":{"rendered":"<p>Urz\u0105dzenie do endermomasa\u017cu M360 &#8211; Endermomasa\u017c + RF + Podczerwie\u0144 + LED Urz\u0105dzenia do endermologii\u00a0coraz cz\u0119\u015bciej wyposa\u017cone s\u0105 w najnowsze technologie, kt\u00f3re pot\u0119guj\u0105 cudowne w\u0142a\u015bciwo\u015bci masa\u017cu pr\u00f3\u017cniowego. Dodatkowe g\u0142owice zabiegowe oferuj\u0105 natomiast komplementarne dzia\u0142anie, pozwalaj\u0105ce nie tylko szybko modelowa\u0107 sylwetk\u0119, ale te\u017c skutecznie odm\u0142odzi\u0107 sk\u00f3r\u0119 twarzy i cia\u0142a. Wykorzystanie do tego fal radiowych, podczerwieni oraz [&hellip;]<\/p>\n","protected":false},"featured_media":9520,"comment_status":"closed","ping_status":"open","template":"","meta":{"_acf_changed":false},"product_brand":[],"product_cat":[106],"product_tag":[],"class_list":{"0":"post-7387","1":"product","2":"type-product","3":"status-publish","4":"has-post-thumbnail","6":"product_cat-sprzet-uzywany","8":"first","9":"instock","10":"taxable","11":"shipping-taxable","12":"purchasable","13":"product-type-simple"},"acf":[],"_links":{"self":[{"href":"https:\/\/www.mrotex.com\/fr\/wp-json\/wp\/v2\/product\/7387","targetHints":{"allow":["GET"]}}],"collection":[{"href":"https:\/\/www.mrotex.com\/fr\/wp-json\/wp\/v2\/product"}],"about":[{"href":"https:\/\/www.mrotex.com\/fr\/wp-json\/wp\/v2\/types\/product"}],"replies":[{"embeddable":true,"href":"https:\/\/www.mrotex.com\/fr\/wp-json\/wp\/v2\/comments?post=7387"}],"wp:featuredmedia":[{"embeddable":true,"href":"https:\/\/www.mrotex.com\/fr\/wp-json\/wp\/v2\/media\/9520"}],"wp:attachment":[{"href":"https:\/\/www.mrotex.com\/fr\/wp-json\/wp\/v2\/media?parent=7387"}],"wp:term":[{"taxonomy":"product_brand","embeddable":true,"href":"https:\/\/www.mrotex.com\/fr\/wp-json\/wp\/v2\/product_brand?post=7387"},{"taxonomy":"product_cat","embeddable":true,"href":"https:\/\/www.mrotex.com\/fr\/wp-json\/wp\/v2\/product_cat?post=7387"},{"taxonomy":"product_tag","embeddable":true,"href":"https:\/\/www.mrotex.com\/fr\/wp-json\/wp\/v2\/product_tag?post=7387"}],"curies":[{"name":"wp","href":"https:\/\/api.w.org\/{rel}","templated":true}]}}