{"id":7400,"date":"2026-04-28T16:11:06","date_gmt":"2026-04-28T14:11:06","guid":{"rendered":"https:\/\/dev.mrotex.com\/sklep\/bez-kategorii\/uzywany-adapter-do-glowic-na-twarz\/"},"modified":"2026-05-08T14:29:41","modified_gmt":"2026-05-08T12:29:41","slug":"uzywany-adapter-do-glowic-na-twarz","status":"publish","type":"product","link":"https:\/\/www.mrotex.com\/fr\/sklep\/akcesoria\/akcesoria-zamienne-do-cellu-m6-integral-endermolab\/uzywany-adapter-do-glowic-na-twarz\/","title":{"rendered":"U\u017cywany adapter do g\u0142owic na twarz"},"content":{"rendered":"<p>U\u017cywany adapter do urz\u0105dze\u0144 na twarz do urz\u0105dze\u0144 Cellu M6 Integral \/ Endermolab<\/p>","protected":false},"excerpt":{"rendered":"<p>G\u0142owica u\u017cywana<\/p>","protected":false},"featured_media":9525,"comment_status":"closed","ping_status":"open","template":"","meta":{"_acf_changed":false},"product_brand":[],"product_cat":[163],"product_tag":[],"class_list":{"0":"post-7400","1":"product","2":"type-product","3":"status-publish","4":"has-post-thumbnail","6":"product_cat-akcesoria-zamienne-do-cellu-m6-integral-endermolab","8":"first","9":"instock","10":"taxable","11":"shipping-taxable","12":"purchasable","13":"product-type-simple"},"acf":[],"_links":{"self":[{"href":"https:\/\/www.mrotex.com\/fr\/wp-json\/wp\/v2\/product\/7400","targetHints":{"allow":["GET"]}}],"collection":[{"href":"https:\/\/www.mrotex.com\/fr\/wp-json\/wp\/v2\/product"}],"about":[{"href":"https:\/\/www.mrotex.com\/fr\/wp-json\/wp\/v2\/types\/product"}],"replies":[{"embeddable":true,"href":"https:\/\/www.mrotex.com\/fr\/wp-json\/wp\/v2\/comments?post=7400"}],"wp:featuredmedia":[{"embeddable":true,"href":"https:\/\/www.mrotex.com\/fr\/wp-json\/wp\/v2\/media\/9525"}],"wp:attachment":[{"href":"https:\/\/www.mrotex.com\/fr\/wp-json\/wp\/v2\/media?parent=7400"}],"wp:term":[{"taxonomy":"product_brand","embeddable":true,"href":"https:\/\/www.mrotex.com\/fr\/wp-json\/wp\/v2\/product_brand?post=7400"},{"taxonomy":"product_cat","embeddable":true,"href":"https:\/\/www.mrotex.com\/fr\/wp-json\/wp\/v2\/product_cat?post=7400"},{"taxonomy":"product_tag","embeddable":true,"href":"https:\/\/www.mrotex.com\/fr\/wp-json\/wp\/v2\/product_tag?post=7400"}],"curies":[{"name":"wp","href":"https:\/\/api.w.org\/{rel}","templated":true}]}}