{"id":7417,"date":"2026-04-28T16:15:01","date_gmt":"2026-04-28T14:15:01","guid":{"rendered":"https:\/\/dev.mrotex.com\/sklep\/bez-kategorii\/cellu-m6-alliance-geneo-depilacja\/"},"modified":"2026-05-08T14:29:41","modified_gmt":"2026-05-08T12:29:41","slug":"cellu-m6-alliance-geneo-depilacja","status":"publish","type":"product","link":"https:\/\/www.mrotex.com\/fr\/sklep\/sprzet-uzywany\/cellu-m6-alliance-geneo-depilacja\/","title":{"rendered":"Cellu M6 Alliance, Geneo, depilacja"},"content":{"rendered":"<p>Posiadamy na sprzeda\u017c urz\u0105dzenia<\/p>\n<p>&#8211; GENEO to jest na leasing ale mo\u017cna zrobi\u0107 cesje 35 tys<\/p>\n<p>&#8211; Depilacja laserowa 25 tys\u00a0<\/p>\n<p>&#8211; Endermologia tylko got\u00f3wka cena 140 tys netto VAT 8%\u00a0<\/p>\n<p>Contacter<br \/>julia.piekaj@gmail.com<br \/>tel 534805650<\/p>","protected":false},"excerpt":{"rendered":"<p>Posiadamy na sprzeda\u017c urz\u0105dzenia &#8211; GENEO to jest na leasing ale mo\u017cna zrobi\u0107 cesje 35 tys &#8211; Depilacja laserowa 25 tys\u00a0 &#8211; Endermologia tylko got\u00f3wka cena 140 tys netto VAT 8%\u00a0 Kontaktjulia.piekaj@gmail.comtel 534805650<\/p>","protected":false},"featured_media":9535,"comment_status":"closed","ping_status":"open","template":"","meta":{"_acf_changed":false},"product_brand":[],"product_cat":[106],"product_tag":[],"class_list":{"0":"post-7417","1":"product","2":"type-product","3":"status-publish","4":"has-post-thumbnail","6":"product_cat-sprzet-uzywany","8":"first","9":"instock","10":"taxable","11":"shipping-taxable","12":"purchasable","13":"product-type-simple"},"acf":[],"_links":{"self":[{"href":"https:\/\/www.mrotex.com\/fr\/wp-json\/wp\/v2\/product\/7417","targetHints":{"allow":["GET"]}}],"collection":[{"href":"https:\/\/www.mrotex.com\/fr\/wp-json\/wp\/v2\/product"}],"about":[{"href":"https:\/\/www.mrotex.com\/fr\/wp-json\/wp\/v2\/types\/product"}],"replies":[{"embeddable":true,"href":"https:\/\/www.mrotex.com\/fr\/wp-json\/wp\/v2\/comments?post=7417"}],"wp:featuredmedia":[{"embeddable":true,"href":"https:\/\/www.mrotex.com\/fr\/wp-json\/wp\/v2\/media\/9535"}],"wp:attachment":[{"href":"https:\/\/www.mrotex.com\/fr\/wp-json\/wp\/v2\/media?parent=7417"}],"wp:term":[{"taxonomy":"product_brand","embeddable":true,"href":"https:\/\/www.mrotex.com\/fr\/wp-json\/wp\/v2\/product_brand?post=7417"},{"taxonomy":"product_cat","embeddable":true,"href":"https:\/\/www.mrotex.com\/fr\/wp-json\/wp\/v2\/product_cat?post=7417"},{"taxonomy":"product_tag","embeddable":true,"href":"https:\/\/www.mrotex.com\/fr\/wp-json\/wp\/v2\/product_tag?post=7417"}],"curies":[{"name":"wp","href":"https:\/\/api.w.org\/{rel}","templated":true}]}}